{"id":25861,"date":"2021-07-20T02:09:35","date_gmt":"2021-07-19T23:09:35","guid":{"rendered":"https:\/\/hookahshop.lt\/?post_type=product&#038;p=25861"},"modified":"2026-04-15T23:29:02","modified_gmt":"2026-04-15T20:29:02","slug":"kolba-kaljanui-bigmaks-grace-turquoise","status":"publish","type":"product","link":"https:\/\/hookahshop.lt\/et\/toode\/kolb-vesipiibu-bigmaks-grace-turquoise\/","title":{"rendered":"Kolb vesipiibule BIGMAKS Grace Turquoise"},"content":{"rendered":"<h2>Kolb vesipiibule BIGMAKS Grace Turquoise<\/h2>\n<p>Kolb on saanud nime &quot;Grace&quot; selle graatsilise kuju t\u00f5ttu. Kolb on valmistatud v\u00e4rvilisest kristallklaasist, mida iseloomustab pikaealisus. L\u00e4bipaistev t\u00fcrkiissinine kolb on kvaliteetne. Seda ei v\u00e4rvita, seega kestab see palju aastaid.<\/p>\n<p><strong><span title=\"\">Spetsifikatsioonid:<\/span><\/strong><br \/>\nK\u00f5rgus: 255 mm<br \/>\nKaal: umbes 1285 g<br \/>\nV\u00e4lisk\u00f5ri l\u00e4bim\u00f5\u00f5t: 74 mm<br \/>\nSisek\u00f5ri l\u00e4bim\u00f5\u00f5t: 46 mm<br \/>\nToote materjal: kristallklaas<\/p>\n<p>Kas teil on k\u00fcsimusi? v\u00f5ta meiega \u00fchendust\u00a0<a href=\"https:\/\/hookahshop.lt\/et\/kontaktid\/\">kontaktide leht<\/a>\u00a0v\u00f5i saatke meile e-kiri aadressil\u00a0<a href=\"https:\/\/facebook.com\/HookahShop.lt\/\" target=\"_blank\" rel=\"noopener noreferrer\">Facebooki konto<\/a>\u00a0ja vastame teie taotlusele samal p\u00e4eval.<\/p>\n<p>&nbsp;<\/p>","protected":false},"excerpt":{"rendered":"<p>Konks vesipiibu jaoks BIGMAKS Grace Turquoise Kolb on saanud oma graatsilise kuju t\u00f5ttu nimeks &quot;Grace&quot;. Kolb on valmistatud v\u00e4rvilisest kristallklaasist, mida iseloomustab pikaealisus. L\u00e4bipaistev t\u00fcrkiissinine kolb on kvaliteetne. Seda ei v\u00e4rvita, seega kestab see palju aastaid. Tehnilised andmed: K\u00f5rgus: 255 mm Kaal: umbes 1285 g Kurgu v\u00e4lisl\u00e4bim\u00f5\u00f5t: 74 mm Sisemine k\u00f5ri l\u00e4bim\u00f5\u00f5t: 46 mm Toode [\u2026]<\/p>","protected":false},"featured_media":25862,"comment_status":"open","ping_status":"closed","template":"","meta":[],"_links":{"self":[{"href":"https:\/\/hookahshop.lt\/et\/wp-json\/wp\/v2\/product\/25861"}],"collection":[{"href":"https:\/\/hookahshop.lt\/et\/wp-json\/wp\/v2\/product"}],"about":[{"href":"https:\/\/hookahshop.lt\/et\/wp-json\/wp\/v2\/types\/product"}],"replies":[{"embeddable":true,"href":"https:\/\/hookahshop.lt\/et\/wp-json\/wp\/v2\/comments?post=25861"}],"version-history":[{"count":4,"href":"https:\/\/hookahshop.lt\/et\/wp-json\/wp\/v2\/product\/25861\/revisions"}],"predecessor-version":[{"id":45063,"href":"https:\/\/hookahshop.lt\/et\/wp-json\/wp\/v2\/product\/25861\/revisions\/45063"}],"wp:featuredmedia":[{"embeddable":true,"href":"https:\/\/hookahshop.lt\/et\/wp-json\/wp\/v2\/media\/25862"}],"wp:attachment":[{"href":"https:\/\/hookahshop.lt\/et\/wp-json\/wp\/v2\/media?parent=25861"}],"curies":[{"name":"wp","href":"https:\/\/api.w.org\/{rel}","templated":true}]}}