{"id":25869,"date":"2021-07-20T02:51:32","date_gmt":"2021-07-19T23:51:32","guid":{"rendered":"https:\/\/hookahshop.lt\/?post_type=product&#038;p=25869"},"modified":"2026-05-13T13:51:49","modified_gmt":"2026-05-13T10:51:49","slug":"kolba-kaljanui-bigmaks-glob","status":"publish","type":"product","link":"https:\/\/hookahshop.lt\/et\/toode\/kolb-vesipiibu-bigmaks-glob\/","title":{"rendered":"Kolb vesipiibule BIGMAKS Glob Turquoise"},"content":{"rendered":"<h2>Kolb vesipiibule BIGMAKS Glob Turquoise<\/h2>\n<p>Kolb n\u00e4eb v\u00e4lja nagu pall, sellest ka nimi &quot;Glob&quot;. Valmistatud kvaliteetsest paksust t\u00fcrkiissinisest klaasist ja on k\u00f5rgeimate kvaliteedistandarditega.<\/p>\n<p><span style=\"font-weight: 400;\"><strong><span title=\"\">Spetsifikatsioonid:<\/span><\/strong><\/span><br \/>\n<span style=\"font-weight: 400;\">K\u00f5rgus: ~ 270 mm<\/span><br \/>\n<span style=\"font-weight: 400;\">Kaal: ~ 1361 g<\/span><br \/>\n<span style=\"font-weight: 400;\">Kaela sisel\u00e4bim\u00f5\u00f5t: umbes 68 mm<\/span><br \/>\n<span style=\"font-weight: 400;\">Kaela v\u00e4lisl\u00e4bim\u00f5\u00f5t: umbes 46 mm<\/span><br \/>\n<span style=\"font-weight: 400;\">Materjal: klaas<\/span><\/p>\n<p>Kas teil on k\u00fcsimusi? v\u00f5ta meiega \u00fchendust\u00a0<a href=\"https:\/\/hookahshop.lt\/et\/kontaktid\/\">kontaktide leht<\/a>\u00a0v\u00f5i saatke meile e-kiri aadressil\u00a0<a href=\"https:\/\/facebook.com\/HookahShop.lt\/\" target=\"_blank\" rel=\"noopener noreferrer\">Facebooki konto<\/a>\u00a0ja vastame teie taotlusele samal p\u00e4eval.<\/p>","protected":false},"excerpt":{"rendered":"<p>Vesipiibu kolb BIGMAKS Glob Turquoise Kolb n\u00e4eb v\u00e4lja nagu pall, seet\u00f5ttu kannab see nime &quot;Glob&quot;. Valmistatud kvaliteetsest paksust t\u00fcrkiissinisest klaasist ja on k\u00f5rgeimate kvaliteedistandarditega. Tehnilised andmed: K\u00f5rgus: ~ 270 mm Kaal: ~ 1361 g Kaela sisel\u00e4bim\u00f5\u00f5t: ca 68 mm Materjal: klaas Kas on k\u00fcsimusi? V\u00f5tke meiega \u00fchendust kontaktide lehel v\u00f5i kirjutage [...]<\/p>","protected":false},"featured_media":25870,"comment_status":"open","ping_status":"closed","template":"","meta":[],"_links":{"self":[{"href":"https:\/\/hookahshop.lt\/et\/wp-json\/wp\/v2\/product\/25869"}],"collection":[{"href":"https:\/\/hookahshop.lt\/et\/wp-json\/wp\/v2\/product"}],"about":[{"href":"https:\/\/hookahshop.lt\/et\/wp-json\/wp\/v2\/types\/product"}],"replies":[{"embeddable":true,"href":"https:\/\/hookahshop.lt\/et\/wp-json\/wp\/v2\/comments?post=25869"}],"version-history":[{"count":6,"href":"https:\/\/hookahshop.lt\/et\/wp-json\/wp\/v2\/product\/25869\/revisions"}],"predecessor-version":[{"id":45051,"href":"https:\/\/hookahshop.lt\/et\/wp-json\/wp\/v2\/product\/25869\/revisions\/45051"}],"wp:featuredmedia":[{"embeddable":true,"href":"https:\/\/hookahshop.lt\/et\/wp-json\/wp\/v2\/media\/25870"}],"wp:attachment":[{"href":"https:\/\/hookahshop.lt\/et\/wp-json\/wp\/v2\/media?parent=25869"}],"curies":[{"name":"wp","href":"https:\/\/api.w.org\/{rel}","templated":true}]}}