{"id":25872,"date":"2021-07-21T13:47:57","date_gmt":"2021-07-21T10:47:57","guid":{"rendered":"https:\/\/hookahshop.lt\/?post_type=product&#038;p=25872"},"modified":"2026-04-18T23:28:56","modified_gmt":"2026-04-18T20:28:56","slug":"kolba-kaljanui-bigmaks-rainbow-turquoise","status":"publish","type":"product","link":"https:\/\/hookahshop.lt\/et\/toode\/kolb-vesipiibu-bigmaks-rainbow-turquoise\/","title":{"rendered":"Kolb vesipiibule BIGMAKS Rainbow Turquoise"},"content":{"rendered":"<h2>Kolb vesipiibule BIGMAKS Rainbow Turquoise<\/h2>\n<p>T\u00fcrkiissinine kolb on valmistatud kristallklaasist, mis paistab silma oma vastupidavuse poolest. Kolb ei ole v\u00e4rvitud, mis t\u00e4hendab, et see kestab palju aastaid.<\/p>\n<p><span style=\"font-weight: 400;\"><strong><span title=\"\">Spetsifikatsioonid:<\/span><\/strong><\/span><br \/>\n<span style=\"font-weight: 400;\">K\u00f5rgus: ~ 255 mm<\/span><br \/>\n<span style=\"font-weight: 400;\">Kaal: ~ 1560 g<\/span><br \/>\n<span style=\"font-weight: 400;\">Kaela sisel\u00e4bim\u00f5\u00f5t: umbes 70 mm<\/span><br \/>\n<span style=\"font-weight: 400;\">Kaela v\u00e4lisl\u00e4bim\u00f5\u00f5t: umbes 47 mm<\/span><br \/>\n<span style=\"font-weight: 400;\">Materjal: kristallklaas<\/span><\/p>\n<p>Kas teil on k\u00fcsimusi? v\u00f5ta meiega \u00fchendust\u00a0<a href=\"https:\/\/hookahshop.lt\/et\/kontaktid\/\">kontaktide leht<\/a>\u00a0v\u00f5i saatke meile e-kiri aadressil\u00a0<a href=\"https:\/\/facebook.com\/HookahShop.lt\/\" target=\"_blank\" rel=\"noopener noreferrer\">Facebooki konto<\/a>\u00a0ja vastame teie taotlusele samal p\u00e4eval.<\/p>","protected":false},"excerpt":{"rendered":"<p>Konks vesipiibu jaoks BIGMAKS Rainbow Turquoise T\u00fcrkiissinine kristallklaasist kolb, mis paistab silma oma vastupidavuse poolest. Kolb ei ole v\u00e4rvitud, mis t\u00e4hendab, et see kestab palju aastaid. Tehnilised andmed: K\u00f5rgus: ~ 255 mm Kaal: ~ 1560 g Kaela sisel\u00e4bim\u00f5\u00f5t: umbes 70 mm Kaela v\u00e4lisl\u00e4bim\u00f5\u00f5t: umbes 47 mm Materjal: kristallklaas K\u00fcsimused? V\u00f5tke meiega \u00fchendust kontaktide lehel v\u00f5i kirjutage meile Facebookis [\u2026]<\/p>","protected":false},"featured_media":25873,"comment_status":"open","ping_status":"closed","template":"","meta":[],"_links":{"self":[{"href":"https:\/\/hookahshop.lt\/et\/wp-json\/wp\/v2\/product\/25872"}],"collection":[{"href":"https:\/\/hookahshop.lt\/et\/wp-json\/wp\/v2\/product"}],"about":[{"href":"https:\/\/hookahshop.lt\/et\/wp-json\/wp\/v2\/types\/product"}],"replies":[{"embeddable":true,"href":"https:\/\/hookahshop.lt\/et\/wp-json\/wp\/v2\/comments?post=25872"}],"version-history":[{"count":6,"href":"https:\/\/hookahshop.lt\/et\/wp-json\/wp\/v2\/product\/25872\/revisions"}],"predecessor-version":[{"id":45090,"href":"https:\/\/hookahshop.lt\/et\/wp-json\/wp\/v2\/product\/25872\/revisions\/45090"}],"wp:featuredmedia":[{"embeddable":true,"href":"https:\/\/hookahshop.lt\/et\/wp-json\/wp\/v2\/media\/25873"}],"wp:attachment":[{"href":"https:\/\/hookahshop.lt\/et\/wp-json\/wp\/v2\/media?parent=25872"}],"curies":[{"name":"wp","href":"https:\/\/api.w.org\/{rel}","templated":true}]}}