{"id":25902,"date":"2021-07-22T02:36:37","date_gmt":"2021-07-21T23:36:37","guid":{"rendered":"https:\/\/hookahshop.lt\/?post_type=product&#038;p=25902"},"modified":"2026-04-18T23:28:48","modified_gmt":"2026-04-18T20:28:48","slug":"kaljanas-spitz-black-edition","status":"publish","type":"product","link":"https:\/\/hookahshop.lt\/et\/toode\/vesipiip-spitz-black-edition\/","title":{"rendered":"Vesipiibu SPITZ Black Edition"},"content":{"rendered":"<h2>Vesipiibu SPITZ Black Edition<\/h2>\n<p>See on kompaktne ja lihtsalt kasutatav vesipiip. Kerge vesipiip, k\u00f5ik selle elemendid on valmistatud kvaliteetsetest kaasaegsetest materjalidest, tagades suurep\u00e4rase maitse ja vastupidavuse ka regulaarsel kasutamisel. Kaasa v\u00f5ib v\u00f5tta k\u00f5ik, mida heaks l\u00f5\u00f5gastumiseks vaja l\u00e4heb. Kaasas mugav kott.<\/p>\n<p><strong>Varustus:<\/strong><br \/>\nV\u00f5lli<br \/>\nHuulik<br \/>\nPlaat<br \/>\nSilikoonvoolik &quot;Soft Touch&quot;<br \/>\nHajuti<br \/>\nKolb<br \/>\nMagnet\u00fchendus<\/p>\n<p>Kasutatud materjalid:<br \/>\nKvaliteetne roostevaba teras, Saksa pol\u00fcatsetaal.<\/p>\n<p>Kas teil on k\u00fcsimusi? v\u00f5ta meiega \u00fchendust\u00a0<a href=\"https:\/\/hookahshop.lt\/et\/kontaktid\/\">kontaktide leht<\/a>\u00a0v\u00f5i saatke meile e-kiri aadressil\u00a0<a href=\"https:\/\/facebook.com\/HookahShop.lt\/\" target=\"_blank\" rel=\"noopener noreferrer\">Facebooki konto<\/a>\u00a0ja vastame teie taotlusele samal p\u00e4eval.<\/p>","protected":false},"excerpt":{"rendered":"<p>Vesipiip SPITZ Black Edition See on kompaktne ja lihtsalt kasutatav vesipiip. Kerge vesipiip, k\u00f5ik selle elemendid on valmistatud kvaliteetsetest kaasaegsetest materjalidest, tagades suurep\u00e4rase maitse ja vastupidavuse ka regulaarsel kasutamisel. Kaasa v\u00f5ib v\u00f5tta k\u00f5ik, mida heaks l\u00f5\u00f5gastumiseks vaja l\u00e4heb. Kaasas mugav kott. Tarnekomplekt: v\u00f5lli huuliku plaat Silikoonvoolik &quot;Soft Touch&quot; hajuti kolb Magnetiline [\u2026]<\/p>","protected":false},"featured_media":26122,"comment_status":"open","ping_status":"closed","template":"","meta":[],"_links":{"self":[{"href":"https:\/\/hookahshop.lt\/et\/wp-json\/wp\/v2\/product\/25902"}],"collection":[{"href":"https:\/\/hookahshop.lt\/et\/wp-json\/wp\/v2\/product"}],"about":[{"href":"https:\/\/hookahshop.lt\/et\/wp-json\/wp\/v2\/types\/product"}],"replies":[{"embeddable":true,"href":"https:\/\/hookahshop.lt\/et\/wp-json\/wp\/v2\/comments?post=25902"}],"version-history":[{"count":4,"href":"https:\/\/hookahshop.lt\/et\/wp-json\/wp\/v2\/product\/25902\/revisions"}],"predecessor-version":[{"id":29343,"href":"https:\/\/hookahshop.lt\/et\/wp-json\/wp\/v2\/product\/25902\/revisions\/29343"}],"wp:featuredmedia":[{"embeddable":true,"href":"https:\/\/hookahshop.lt\/et\/wp-json\/wp\/v2\/media\/26122"}],"wp:attachment":[{"href":"https:\/\/hookahshop.lt\/et\/wp-json\/wp\/v2\/media?parent=25902"}],"curies":[{"name":"wp","href":"https:\/\/api.w.org\/{rel}","templated":true}]}}