{"id":25906,"date":"2021-07-22T02:42:18","date_gmt":"2021-07-21T23:42:18","guid":{"rendered":"https:\/\/hookahshop.lt\/?post_type=product&#038;p=25906"},"modified":"2026-04-18T23:28:56","modified_gmt":"2026-04-18T20:28:56","slug":"kolba-kaljanui-bigmaks-rainbow-yellow","status":"publish","type":"product","link":"https:\/\/hookahshop.lt\/et\/toode\/kolb-vesipiibu-bigmaks-rainbow-yellow\/","title":{"rendered":"Kolb vesipiibule BIGMAKS Rainbow Yellow"},"content":{"rendered":"<h2>Kolb vesipiibule BIGMAKS Rainbow Yellow<\/h2>\n<p>See on kolb, mis sobib peaaegu igale vesipiibule, tavalise \u00fchendusega, see on kerge ja vastupidav kolb. Venemaa tootja BigMaks r\u00f5\u00f5mustab juba aastaid oma v\u00e4ljat\u00f6\u00f6tatud kolbidega ja on \u00fcks juhtivaid tootjaid turul.<\/p>\n<p>See on toode, mis kestab palju aastaid. T\u00e4nu kvaliteetsele v\u00e4rvikattele s\u00e4ilitab see kolb oma esindusliku pildi kindlasti kaua ja n\u00e4eb v\u00e4lja just nagu tootja konveierilt. Sellel kolvil on paksud seinad. Paksud seinad tagavad halva heliisolatsiooni, mis on ilma difuusorita suitsetamiseks piisavalt oluline. T\u00e4nu BigMaks Rainbow pikaealisusele ei pea muretsema selle kolbi l\u00f5hkumise v\u00f5i muul viisil kahjustamise p\u00e4rast. T\u00e4nu oma ainulaadsele kujule (kitsam p\u00f5hi) saate selle kolbi endaga kaasa v\u00f5tta k\u00f5ikjale, kuhu reisite.<\/p>\n<div class=\"tlid-results-container results-container\">\n<div class=\"tlid-result result-dict-wrapper\">\n<div class=\"result tlid-copy-target\">\n<div class=\"text-wrap tlid-copy-target\">\n<div class=\"result-shield-container tlid-copy-target\"><span class=\"tlid-translation translation\" lang=\"lt\"><strong><span title=\"\">Spetsifikatsioonid:<\/span><\/strong><br \/>\n<span title=\"\">K\u00f5rgus: 257 mm<\/span><br \/>\n<span title=\"\">Kaal: ~ 1865 g<\/span><br \/>\n<span class=\"\" title=\"\">V\u00e4lise augu l\u00e4bim\u00f5\u00f5t: 73 mm<\/span><br \/>\n<span class=\"\" title=\"\">Sisemine augu l\u00e4bim\u00f5\u00f5t: 46 mm<\/span><br \/>\n<span class=\"\" title=\"\">Toote materjal: klaas<\/span><\/span><\/div>\n<div><\/div>\n<div>Kas teil on k\u00fcsimusi? v\u00f5ta meiega \u00fchendust\u00a0<a href=\"https:\/\/hookahshop.lt\/et\/kontaktid\/\">kontaktide leht<\/a>\u00a0v\u00f5i saatke meile e-kiri aadressil\u00a0<a href=\"https:\/\/facebook.com\/HookahShop.lt\/\" target=\"_blank\" rel=\"noopener noreferrer\">Facebooki konto<\/a>\u00a0ja vastame teie taotlusele samal p\u00e4eval.<\/div>\n<\/div>\n<\/div>\n<\/div>\n<\/div>","protected":false},"excerpt":{"rendered":"<p>Konks BIGMAKSile Rainbow Yellow See on kolb, mis sobib peaaegu k\u00f5igi konksudega, standardse \u00fchendusega, see on kerge ja vastupidav kolb. Vene tootja BigMaks on oma arendatud kolbidega r\u00f5\u00f5mustanud juba aastaid ja on \u00fcks juhtivaid tootjaid turul. See on toode, mis kestab palju aastaid. T\u00e4nu kvaliteetsele v\u00e4rvikattele kestab see kolb kaua [\u2026]<\/p>","protected":false},"featured_media":25907,"comment_status":"open","ping_status":"closed","template":"","meta":[],"_links":{"self":[{"href":"https:\/\/hookahshop.lt\/et\/wp-json\/wp\/v2\/product\/25906"}],"collection":[{"href":"https:\/\/hookahshop.lt\/et\/wp-json\/wp\/v2\/product"}],"about":[{"href":"https:\/\/hookahshop.lt\/et\/wp-json\/wp\/v2\/types\/product"}],"replies":[{"embeddable":true,"href":"https:\/\/hookahshop.lt\/et\/wp-json\/wp\/v2\/comments?post=25906"}],"version-history":[{"count":5,"href":"https:\/\/hookahshop.lt\/et\/wp-json\/wp\/v2\/product\/25906\/revisions"}],"predecessor-version":[{"id":45094,"href":"https:\/\/hookahshop.lt\/et\/wp-json\/wp\/v2\/product\/25906\/revisions\/45094"}],"wp:featuredmedia":[{"embeddable":true,"href":"https:\/\/hookahshop.lt\/et\/wp-json\/wp\/v2\/media\/25907"}],"wp:attachment":[{"href":"https:\/\/hookahshop.lt\/et\/wp-json\/wp\/v2\/media?parent=25906"}],"curies":[{"name":"wp","href":"https:\/\/api.w.org\/{rel}","templated":true}]}}