{"id":25952,"date":"2021-07-23T01:35:12","date_gmt":"2021-07-22T22:35:12","guid":{"rendered":"https:\/\/hookahshop.lt\/?post_type=product&#038;p=25952"},"modified":"2026-04-17T23:29:27","modified_gmt":"2026-04-17T20:29:27","slug":"kolba-kaljanui-bigmaks-base-black","status":"publish","type":"product","link":"https:\/\/hookahshop.lt\/et\/toode\/kolb-vesipiibu-bigmaks-base-black\/","title":{"rendered":"Kolb vesipiibule BIGMAKS Base Black"},"content":{"rendered":"<h2>Kolb vesipiibule BIGMAKS Base Black<\/h2>\n<p>See on toode, mis kestab palju aastaid. T\u00e4nu oma k\u00f5rgekvaliteedilisele v\u00e4rvikihile s\u00e4ilitab see kolb kindlasti oma esindusliku pildi kaua ja n\u00e4eb v\u00e4lja t\u00e4pselt nagu tootja konveierilt. Sellel kolbil on paksud seinad. Paksud seinad tagavad halva heliisolatsiooni, mis on piisavalt oluline suitsetamiseks ilma hajutita. BigMaksi pikaealisuse t\u00f5ttu ei pea te muretsema selle kolvi purunemise v\u00f5i muul viisil kahjustamise p\u00e4rast. T\u00e4nu oma ainulaadsele kujule (kitsam p\u00f5hi) saate selle kolbi igale poole reisile kaasa v\u00f5tta.<\/p>\n<div class=\"tlid-results-container results-container\">\n<div class=\"tlid-result result-dict-wrapper\">\n<div class=\"result tlid-copy-target\">\n<div class=\"text-wrap tlid-copy-target\">\n<div class=\"result-shield-container tlid-copy-target\"><span class=\"tlid-translation translation\" lang=\"lt\"><strong><span title=\"\">Spetsifikatsioonid:<\/span><\/strong><br \/>\n<span title=\"\">K\u00f5rgus: 253 mm<\/span><br \/>\n<span title=\"\">Kaal: ~ 1110 g<\/span><br \/>\n<span class=\"\" title=\"\">V\u00e4lise augu l\u00e4bim\u00f5\u00f5t: 70 mm<\/span><br \/>\n<span class=\"\" title=\"\">Sisemine augu l\u00e4bim\u00f5\u00f5t: 46 mm<\/span><br \/>\n<span class=\"\" title=\"\">Toote materjal: kristallklaas<\/span><\/span><\/div>\n<div><\/div>\n<div>Kas teil on k\u00fcsimusi? v\u00f5ta meiega \u00fchendust\u00a0<a href=\"https:\/\/hookahshop.lt\/et\/kontaktid\/\">kontaktide leht<\/a>\u00a0v\u00f5i saatke meile e-kiri aadressil\u00a0<a href=\"https:\/\/facebook.com\/HookahShop.lt\/\" target=\"_blank\" rel=\"noopener noreferrer\">Facebooki konto<\/a>\u00a0ja vastame teie taotlusele samal p\u00e4eval.<\/div>\n<\/div>\n<\/div>\n<\/div>\n<\/div>","protected":false},"excerpt":{"rendered":"<p>Konks kolvi jaoks BIGMAKS Base Black See on toode, mis kestab palju aastaid. T\u00e4nu kvaliteetsele v\u00e4rvikattele s\u00e4ilitab see kolb oma esindusliku kuvandi kindlasti kaua ja n\u00e4eb v\u00e4lja t\u00e4pselt nagu tootja konveier. Sellel kolvil on paksud seinad. Paksud seinad tagavad halva heliisolatsiooni, mis on ilma difuusorita suitsetamiseks piisavalt oluline. BigMaksi pikaealisuse t\u00f5ttu [\u2026]<\/p>","protected":false},"featured_media":25953,"comment_status":"open","ping_status":"closed","template":"","meta":[],"_links":{"self":[{"href":"https:\/\/hookahshop.lt\/et\/wp-json\/wp\/v2\/product\/25952"}],"collection":[{"href":"https:\/\/hookahshop.lt\/et\/wp-json\/wp\/v2\/product"}],"about":[{"href":"https:\/\/hookahshop.lt\/et\/wp-json\/wp\/v2\/types\/product"}],"replies":[{"embeddable":true,"href":"https:\/\/hookahshop.lt\/et\/wp-json\/wp\/v2\/comments?post=25952"}],"version-history":[{"count":4,"href":"https:\/\/hookahshop.lt\/et\/wp-json\/wp\/v2\/product\/25952\/revisions"}],"predecessor-version":[{"id":42241,"href":"https:\/\/hookahshop.lt\/et\/wp-json\/wp\/v2\/product\/25952\/revisions\/42241"}],"wp:featuredmedia":[{"embeddable":true,"href":"https:\/\/hookahshop.lt\/et\/wp-json\/wp\/v2\/media\/25953"}],"wp:attachment":[{"href":"https:\/\/hookahshop.lt\/et\/wp-json\/wp\/v2\/media?parent=25952"}],"curies":[{"name":"wp","href":"https:\/\/api.w.org\/{rel}","templated":true}]}}