{"id":25968,"date":"2021-07-23T01:45:20","date_gmt":"2021-07-22T22:45:20","guid":{"rendered":"https:\/\/hookahshop.lt\/?post_type=product&#038;p=25968"},"modified":"2026-04-20T23:29:07","modified_gmt":"2026-04-20T20:29:07","slug":"kolba-kaljanui-bigmaks-grace-crimson","status":"publish","type":"product","link":"https:\/\/hookahshop.lt\/et\/toode\/kolb-vesipiibu-bigmaks-grace-crimson\/","title":{"rendered":"Kolb vesipiibu jaoks BIGMAKS Grace Crimson"},"content":{"rendered":"<h2>Kolb vesipiibu jaoks BIGMAKS Grace Crimson<\/h2>\n<p>Kolb on saanud nime &quot;Grace&quot; selle graatsilise kuju t\u00f5ttu. Kolb on valmistatud v\u00e4rvilisest kristallklaasist, mida iseloomustab pikaealisus. Tihe sinine kolb on kvaliteetne. Seda ei v\u00e4rvita, seega kestab see palju aastaid.<\/p>\n<p><b>Spetsifikatsioonid:<\/b><br \/>\nK\u00f5rgus: 267 mm<br \/>\nKaal: umbes 1555 g<br \/>\nKurgu v\u00e4lisl\u00e4bim\u00f5\u00f5t: 72 mm<br \/>\nSisek\u00f5ri l\u00e4bim\u00f5\u00f5t: 47 mm<br \/>\nToote materjal: kristallklaas<\/p>\n<p>Kas teil on k\u00fcsimusi? v\u00f5ta meiega \u00fchendust\u00a0<a href=\"https:\/\/hookahshop.lt\/et\/kontaktid\/\">kontaktide leht<\/a>\u00a0v\u00f5i saatke meile e-kiri aadressil\u00a0<a href=\"https:\/\/facebook.com\/HookahShop.lt\/\" target=\"_blank\" rel=\"noopener noreferrer\">Facebooki konto<\/a>\u00a0ja vastame teie taotlusele samal p\u00e4eval.<\/p>","protected":false},"excerpt":{"rendered":"<p>Konks vesipiibu jaoks BIGMAKS Grace Crimson Kolb on saanud oma graatsilise kuju t\u00f5ttu nimeks &quot;Grace&quot;. Kolb on valmistatud v\u00e4rvilisest kristallklaasist, mida iseloomustab pikaealisus. Tihe sinine kolb on kvaliteetne. Seda ei v\u00e4rvita, seega kestab see palju aastaid. Tehnilised andmed: K\u00f5rgus: 267 mm Kaal: umbes 1555 g Kurgu v\u00e4lisl\u00e4bim\u00f5\u00f5t: 72 mm Sisemine k\u00f5ri l\u00e4bim\u00f5\u00f5t: 47 mm Toode [\u2026]<\/p>","protected":false},"featured_media":25969,"comment_status":"open","ping_status":"closed","template":"","meta":[],"_links":{"self":[{"href":"https:\/\/hookahshop.lt\/et\/wp-json\/wp\/v2\/product\/25968"}],"collection":[{"href":"https:\/\/hookahshop.lt\/et\/wp-json\/wp\/v2\/product"}],"about":[{"href":"https:\/\/hookahshop.lt\/et\/wp-json\/wp\/v2\/types\/product"}],"replies":[{"embeddable":true,"href":"https:\/\/hookahshop.lt\/et\/wp-json\/wp\/v2\/comments?post=25968"}],"version-history":[{"count":2,"href":"https:\/\/hookahshop.lt\/et\/wp-json\/wp\/v2\/product\/25968\/revisions"}],"predecessor-version":[{"id":25972,"href":"https:\/\/hookahshop.lt\/et\/wp-json\/wp\/v2\/product\/25968\/revisions\/25972"}],"wp:featuredmedia":[{"embeddable":true,"href":"https:\/\/hookahshop.lt\/et\/wp-json\/wp\/v2\/media\/25969"}],"wp:attachment":[{"href":"https:\/\/hookahshop.lt\/et\/wp-json\/wp\/v2\/media?parent=25968"}],"curies":[{"name":"wp","href":"https:\/\/api.w.org\/{rel}","templated":true}]}}