{"id":25980,"date":"2021-07-23T01:53:32","date_gmt":"2021-07-22T22:53:32","guid":{"rendered":"https:\/\/hookahshop.lt\/?post_type=product&#038;p=25980"},"modified":"2026-04-15T23:29:02","modified_gmt":"2026-04-15T20:29:02","slug":"kolba-kaljanui-bigmaks-glob-starred-night","status":"publish","type":"product","link":"https:\/\/hookahshop.lt\/et\/toode\/kolb-vesipiibu-bigmaks-glob-starred-night\/","title":{"rendered":"Kolb vesipiibule BIGMAKS Glob Starred Night"},"content":{"rendered":"<h2>Kolb vesipiibule BIGMAKS Glob Starred Night<\/h2>\n<p>See helendab pimedas vesipiibu kolvis nimega &quot;Starry Night&quot;, mis on valmistatud toidukvaliteediga kristallklaasist, palli kujul. BigMaks Starred Night j\u00e4tab mulje t\u00e4histaevast.<\/p>\n<p><strong><span title=\"\">Spetsifikatsioonid:<\/span><\/strong><br \/>\nK\u00f5rgus: ~ 271 mm<br \/>\nKaal: ~ 1520 g<br \/>\nKaela sisel\u00e4bim\u00f5\u00f5t: umbes 73 mm<br \/>\nKaela v\u00e4lisl\u00e4bim\u00f5\u00f5t: umbes 45 mm<br \/>\nMaterjal: klaas<\/p>\n<p>Kas teil on k\u00fcsimusi? v\u00f5ta meiega \u00fchendust\u00a0<a href=\"https:\/\/hookahshop.lt\/et\/kontaktid\/\">kontaktide leht<\/a>\u00a0v\u00f5i saatke meile e-kiri aadressil\u00a0<a href=\"https:\/\/facebook.com\/HookahShop.lt\/\" target=\"_blank\" rel=\"noopener noreferrer\">Facebooki konto<\/a>\u00a0ja vastame teie taotlusele samal p\u00e4eval.<\/p>","protected":false},"excerpt":{"rendered":"<p>Vesipiibu konks BIGMAKS Glob Starred Night See on helendav tume konks vesipiibu jaoks nimega &quot;Starry Night&quot;, mis on valmistatud pallikujulisest toidukvaliteediga kristallklaasist. BigMaks Starred Night j\u00e4tab mulje t\u00e4histaevast. Tehnilised andmed: K\u00f5rgus: ~ 271 mm Kaal: ~ 1520 g Kaela sisel\u00e4bim\u00f5\u00f5t: umbes 73 mm Kaela v\u00e4lisl\u00e4bim\u00f5\u00f5t: umbes 45 mm Materjal: klaas Teil on [\u2026]<\/p>","protected":false},"featured_media":25981,"comment_status":"open","ping_status":"closed","template":"","meta":[],"_links":{"self":[{"href":"https:\/\/hookahshop.lt\/et\/wp-json\/wp\/v2\/product\/25980"}],"collection":[{"href":"https:\/\/hookahshop.lt\/et\/wp-json\/wp\/v2\/product"}],"about":[{"href":"https:\/\/hookahshop.lt\/et\/wp-json\/wp\/v2\/types\/product"}],"replies":[{"embeddable":true,"href":"https:\/\/hookahshop.lt\/et\/wp-json\/wp\/v2\/comments?post=25980"}],"version-history":[{"count":4,"href":"https:\/\/hookahshop.lt\/et\/wp-json\/wp\/v2\/product\/25980\/revisions"}],"predecessor-version":[{"id":45049,"href":"https:\/\/hookahshop.lt\/et\/wp-json\/wp\/v2\/product\/25980\/revisions\/45049"}],"wp:featuredmedia":[{"embeddable":true,"href":"https:\/\/hookahshop.lt\/et\/wp-json\/wp\/v2\/media\/25981"}],"wp:attachment":[{"href":"https:\/\/hookahshop.lt\/et\/wp-json\/wp\/v2\/media?parent=25980"}],"curies":[{"name":"wp","href":"https:\/\/api.w.org\/{rel}","templated":true}]}}