{"id":25984,"date":"2021-07-23T01:56:15","date_gmt":"2021-07-22T22:56:15","guid":{"rendered":"https:\/\/hookahshop.lt\/?post_type=product&#038;p=25984"},"modified":"2026-04-15T23:29:03","modified_gmt":"2026-04-15T20:29:03","slug":"kolba-kaljanui-bigmaks-rainbow-starred-night","status":"publish","type":"product","link":"https:\/\/hookahshop.lt\/et\/toode\/kolb-vesipiibu-bigmaks-rainbow-starred-night\/","title":{"rendered":"Kolb vesipiibule BIGMAKS Rainbow Starred Night"},"content":{"rendered":"<h2>Kolb vesipiibule BIGMAKS Rainbow Starred Night<\/h2>\n<p>See on helendav tume vesipiibu kolb nimega &quot;Starry Night&quot;, mis on valmistatud toidukristallklaasist ja BigMaks Rainbow Starred Night annab edasi mulje t\u00e4histaevast.<br \/>\n\u2800<br \/>\n<strong><span title=\"\">Spetsifikatsioonid:<\/span><\/strong><br \/>\nK\u00f5rgus: 248 mm<br \/>\nKaal: ~ 1610 g<br \/>\nKurgu v\u00e4lisl\u00e4bim\u00f5\u00f5t: 72 mm<br \/>\nSisemine k\u00f5ri l\u00e4bim\u00f5\u00f5t: 45 mm<br \/>\nToote materjal: kristallklaas<\/p>\n<p>Kas teil on k\u00fcsimusi? v\u00f5ta meiega \u00fchendust\u00a0<a href=\"https:\/\/hookahshop.lt\/et\/kontaktid\/\">kontaktide leht<\/a>\u00a0v\u00f5i saatke meile e-kiri aadressil\u00a0<a href=\"https:\/\/facebook.com\/HookahShop.lt\/\" target=\"_blank\" rel=\"noopener noreferrer\">Facebooki konto<\/a>\u00a0ja vastame teie taotlusele samal p\u00e4eval.<\/p>","protected":false},"excerpt":{"rendered":"<p>Kolba kaljanui BIGMAKS Rainbow Starred Night Tai yra \u0161vytinti tamsioje kaljano kolba, vadinama \u201e\u017dvaig\u017ed\u0117ta naktis\u201c, pagaminta i\u0161 maistinio kri\u0161tolo stiklo, \u201eBigMaks Rainbow Starred Night\u201c (\u201e\u017dvaig\u017ed\u0117ta naktis\u201c) perteikia naktinio \u017evaig\u017ed\u0117to dangaus \u012fsp\u016bd\u012f. \u2800 Specifikacijos: Auk\u0161tis: 248 mm Svoris: ~ 1610 g I\u0161orinis gerkl\u0117s skersmuo: 72 mm Vidinis gerkl\u0117s skersmuo: 45 mm Produkto med\u017eiaga: kri\u0161tolo stiklas Turite [&hellip;]<\/p>","protected":false},"featured_media":25985,"comment_status":"open","ping_status":"closed","template":"","meta":[],"_links":{"self":[{"href":"https:\/\/hookahshop.lt\/et\/wp-json\/wp\/v2\/product\/25984"}],"collection":[{"href":"https:\/\/hookahshop.lt\/et\/wp-json\/wp\/v2\/product"}],"about":[{"href":"https:\/\/hookahshop.lt\/et\/wp-json\/wp\/v2\/types\/product"}],"replies":[{"embeddable":true,"href":"https:\/\/hookahshop.lt\/et\/wp-json\/wp\/v2\/comments?post=25984"}],"version-history":[{"count":4,"href":"https:\/\/hookahshop.lt\/et\/wp-json\/wp\/v2\/product\/25984\/revisions"}],"predecessor-version":[{"id":45088,"href":"https:\/\/hookahshop.lt\/et\/wp-json\/wp\/v2\/product\/25984\/revisions\/45088"}],"wp:featuredmedia":[{"embeddable":true,"href":"https:\/\/hookahshop.lt\/et\/wp-json\/wp\/v2\/media\/25985"}],"wp:attachment":[{"href":"https:\/\/hookahshop.lt\/et\/wp-json\/wp\/v2\/media?parent=25984"}],"curies":[{"name":"wp","href":"https:\/\/api.w.org\/{rel}","templated":true}]}}