{"id":25988,"date":"2021-07-23T02:00:22","date_gmt":"2021-07-22T23:00:22","guid":{"rendered":"https:\/\/hookahshop.lt\/?post_type=product&#038;p=25988"},"modified":"2026-04-06T23:28:59","modified_gmt":"2026-04-06T20:28:59","slug":"kolba-kaljanui-bigmaks-drop-grey","status":"publish","type":"product","link":"https:\/\/hookahshop.lt\/et\/toode\/kolb-vesipiibu-bigmaks-drop-grey\/","title":{"rendered":"Kolb vesipiibule BIGMAKS Drop Grey"},"content":{"rendered":"<h2>Kolb vesipiibule BIGMAKS Drop Grey<\/h2>\n<p>Vesipiip on valmistatud tilgakujuliselt ja vastupidavast klaasist. Sobib nii v\u00e4ikestele kui ka keskmistele vesipiipudele.<\/p>\n<div class=\"result-shield-container tlid-copy-target\"><span class=\"tlid-translation translation\" lang=\"lt\"><strong><span title=\"\">Spetsifikatsioonid:<\/span><\/strong><br \/>\n<span title=\"\">K\u00f5rgus: 280 mm<\/span><br \/>\n<span title=\"\">Kaal: ~1200 g<\/span><br \/>\n<span class=\"\" title=\"\">V\u00e4lise augu l\u00e4bim\u00f5\u00f5t: 70 mm<\/span><br \/>\n<span class=\"\" title=\"\">Sisemine augu l\u00e4bim\u00f5\u00f5t: 45 mm<\/span><br \/>\n<span class=\"\" title=\"\">Toote materjal: klaas<\/span><\/span><\/div>\n<div><\/div>\n<div>Kas teil on k\u00fcsimusi? v\u00f5ta meiega \u00fchendust\u00a0<a href=\"https:\/\/hookahshop.lt\/et\/kontaktid\/\">kontaktide leht<\/a>\u00a0v\u00f5i saatke meile e-kiri aadressil\u00a0<a href=\"https:\/\/facebook.com\/HookahShop.lt\/\" target=\"_blank\" rel=\"noopener noreferrer\">Facebooki konto<\/a>\u00a0ja vastame teie taotlusele samal p\u00e4eval.<\/div>","protected":false},"excerpt":{"rendered":"<p>Kolba kaljanui BIGMAKS Drop Grey Kaljanas pagamintas la\u0161o (,,drop&#8221;) formos ir i\u0161 patvaraus stiklo. Tinka tiek su ma\u017eais, tiek su vidutiniais kaljanais. Specifikacijos: Auk\u0161tis: 280 mm Svoris: ~ 1200 g I\u0161orin\u0117s skyl\u0117s skersmuo: 70 mm Vidin\u0117s skyl\u0117s skersmuo: 45 mm Produkto med\u017eiaga: stiklas Turite klausim\u0173? Susisiekite su mumis\u00a0kontakt\u0173 puslapyje\u00a0arba para\u0161ykite mums \u012f\u00a0Facebook paskyr\u0105\u00a0ir atsakysime \u012f [&hellip;]<\/p>","protected":false},"featured_media":25989,"comment_status":"open","ping_status":"closed","template":"","meta":[],"_links":{"self":[{"href":"https:\/\/hookahshop.lt\/et\/wp-json\/wp\/v2\/product\/25988"}],"collection":[{"href":"https:\/\/hookahshop.lt\/et\/wp-json\/wp\/v2\/product"}],"about":[{"href":"https:\/\/hookahshop.lt\/et\/wp-json\/wp\/v2\/types\/product"}],"replies":[{"embeddable":true,"href":"https:\/\/hookahshop.lt\/et\/wp-json\/wp\/v2\/comments?post=25988"}],"version-history":[{"count":5,"href":"https:\/\/hookahshop.lt\/et\/wp-json\/wp\/v2\/product\/25988\/revisions"}],"predecessor-version":[{"id":43069,"href":"https:\/\/hookahshop.lt\/et\/wp-json\/wp\/v2\/product\/25988\/revisions\/43069"}],"wp:featuredmedia":[{"embeddable":true,"href":"https:\/\/hookahshop.lt\/et\/wp-json\/wp\/v2\/media\/25989"}],"wp:attachment":[{"href":"https:\/\/hookahshop.lt\/et\/wp-json\/wp\/v2\/media?parent=25988"}],"curies":[{"name":"wp","href":"https:\/\/api.w.org\/{rel}","templated":true}]}}