{"id":25997,"date":"2021-07-23T02:06:18","date_gmt":"2021-07-22T23:06:18","guid":{"rendered":"https:\/\/hookahshop.lt\/?post_type=product&#038;p=25997"},"modified":"2026-04-15T23:29:03","modified_gmt":"2026-04-15T20:29:03","slug":"kolba-kaljanui-bigmaks-rocket","status":"publish","type":"product","link":"https:\/\/hookahshop.lt\/et\/toode\/kolb-vesipiibu-bigmaks-rocket\/","title":{"rendered":"Kolb vesipiibule BIGMAKS Rocket"},"content":{"rendered":"<h2>Kolb vesipiibule BIGMAKS Rocket<\/h2>\n<p>See on t\u00e4iesti uut t\u00fc\u00fcpi kolb, mida selle algse kuju t\u00f5ttu nimetatakse &quot;Raketiks&quot;. BIGMAKS Rocketi konks on valmistatud kristallklaasist. Sobib peaaegu k\u00f5ikidele kaasaegsetele vesipiipudele.<\/p>\n<div class=\"result-shield-container tlid-copy-target\"><span class=\"tlid-translation translation\" lang=\"lt\"><strong><span title=\"\">Spetsifikatsioonid:<\/span><\/strong><br \/>\n<span title=\"\">K\u00f5rgus: 257 mm<\/span><br \/>\n<span title=\"\">Kaal: ~ 1610 g<\/span><br \/>\n<span class=\"\" title=\"\">V\u00e4lisava l\u00e4bim\u00f5\u00f5t: 71 mm<\/span><br \/>\n<span class=\"\" title=\"\">Sisemise ava l\u00e4bim\u00f5\u00f5t: 47 mm<\/span><br \/>\n<span class=\"\" title=\"\">Toote materjal: kristallklaas<\/span><\/span><\/div>\n<div><\/div>\n<div>Kas teil on k\u00fcsimusi? v\u00f5ta meiega \u00fchendust\u00a0<a href=\"https:\/\/hookahshop.lt\/et\/kontaktid\/\">kontaktide leht<\/a>\u00a0v\u00f5i saatke meile e-kiri aadressil\u00a0<a href=\"https:\/\/facebook.com\/HookahShop.lt\/\" target=\"_blank\" rel=\"noopener noreferrer\">Facebooki konto<\/a>\u00a0ja vastame teie taotlusele samal p\u00e4eval.<\/div>","protected":false},"excerpt":{"rendered":"<p>Kolba kaljanui BIGMAKS Rocket Tai visi\u0161kai naujo tipo kolba, kuri d\u0117l savo orginalios formos vadinama ,,Rocket\u201d. Kolba kaljanui BIGMAKS Rocket yra pagaminta i\u0161 krik\u0161tolo stiklo. Tinka beveik visiems \u0161iuolaikiniams kaljanams. Specifikacijos: Auk\u0161tis: 257 mm Svoris: ~ 1610 g I\u0161orin\u0117s skyl\u0117s skersmuo: 71 mm Vidin\u0117s skyl\u0117s skersmuo: 47 mm Produkto med\u017eiaga: kri\u0161tolo stiklas Turite klausim\u0173? Susisiekite [&hellip;]<\/p>","protected":false},"featured_media":25998,"comment_status":"open","ping_status":"closed","template":"","meta":[],"_links":{"self":[{"href":"https:\/\/hookahshop.lt\/et\/wp-json\/wp\/v2\/product\/25997"}],"collection":[{"href":"https:\/\/hookahshop.lt\/et\/wp-json\/wp\/v2\/product"}],"about":[{"href":"https:\/\/hookahshop.lt\/et\/wp-json\/wp\/v2\/types\/product"}],"replies":[{"embeddable":true,"href":"https:\/\/hookahshop.lt\/et\/wp-json\/wp\/v2\/comments?post=25997"}],"version-history":[{"count":4,"href":"https:\/\/hookahshop.lt\/et\/wp-json\/wp\/v2\/product\/25997\/revisions"}],"predecessor-version":[{"id":45096,"href":"https:\/\/hookahshop.lt\/et\/wp-json\/wp\/v2\/product\/25997\/revisions\/45096"}],"wp:featuredmedia":[{"embeddable":true,"href":"https:\/\/hookahshop.lt\/et\/wp-json\/wp\/v2\/media\/25998"}],"wp:attachment":[{"href":"https:\/\/hookahshop.lt\/et\/wp-json\/wp\/v2\/media?parent=25997"}],"curies":[{"name":"wp","href":"https:\/\/api.w.org\/{rel}","templated":true}]}}