{"id":26004,"date":"2021-07-23T02:12:27","date_gmt":"2021-07-22T23:12:27","guid":{"rendered":"https:\/\/hookahshop.lt\/?post_type=product&#038;p=26004"},"modified":"2026-04-15T23:29:03","modified_gmt":"2026-04-15T20:29:03","slug":"kolba-kaljanui-bigmaks-ufo","status":"publish","type":"product","link":"https:\/\/hookahshop.lt\/et\/toode\/kolb-vesipiibu-bigmaks-ufo\/","title":{"rendered":"Kolb vesipiibu jaoks BIGMAKS UFO"},"content":{"rendered":"<h2>Kolb vesipiibu jaoks BIGMAKS UFO<\/h2>\n<p>Vesipiibu kolb on valmistatud lendava taldriku kujul. Kolbil pole k\u00fclgi, mist\u00f5ttu n\u00e4eb see teiste kolbidega v\u00f5rreldes tasane. Saadaval selgetes v\u00e4rvides. Sobib k\u00f5ikidele vesipiipudele.<\/p>\n<div class=\"result-shield-container tlid-copy-target\"><span class=\"tlid-translation translation\" lang=\"lt\"><strong><span title=\"\">Spetsifikatsioonid:<\/span><\/strong><br \/>\n<span title=\"\">K\u00f5rgus: 250 mm<\/span><br \/>\n<span title=\"\">Kaal: ~ 2050 gr<\/span><br \/>\n<span class=\"\" title=\"\">V\u00e4lise augu l\u00e4bim\u00f5\u00f5t: 68 mm<\/span><br \/>\n<span class=\"\" title=\"\">Sisemine augu l\u00e4bim\u00f5\u00f5t: 45 mm<\/span><br \/>\n<span class=\"\" title=\"\">Toote materjal: klaas<\/span><\/span><\/div>\n<div><\/div>\n<div>Kas teil on k\u00fcsimusi? v\u00f5ta meiega \u00fchendust\u00a0<a href=\"https:\/\/hookahshop.lt\/et\/kontaktid\/\">kontaktide leht<\/a>\u00a0v\u00f5i saatke meile e-kiri aadressil\u00a0<a href=\"https:\/\/facebook.com\/HookahShop.lt\/\" target=\"_blank\" rel=\"noopener noreferrer\">Facebooki konto<\/a>\u00a0ja vastame teie taotlusele samal p\u00e4eval.<\/div>","protected":false},"excerpt":{"rendered":"<p>Konks kolvi jaoks BIGMAKS UFO Vesipiibu kolb on valmistatud lendava taldriku kujul. Kolbil pole k\u00fclgi, mist\u00f5ttu n\u00e4eb see teiste kolbidega v\u00f5rreldes tasane. Saadaval selgetes v\u00e4rvides. Sobib k\u00f5ikidele vesipiipudele. Tehnilised andmed: K\u00f5rgus: 250 mm Kaal: ~ 2050 gr V\u00e4lisaugu l\u00e4bim\u00f5\u00f5t: 68 mm Sisemine augu l\u00e4bim\u00f5\u00f5t: 45 mm Tootematerjal: klaas K\u00fcsimused? V\u00f5tke meiega \u00fchendust kontaktide lehel v\u00f5i kirjutage meile [\u2026]<\/p>","protected":false},"featured_media":26006,"comment_status":"open","ping_status":"closed","template":"","meta":[],"_links":{"self":[{"href":"https:\/\/hookahshop.lt\/et\/wp-json\/wp\/v2\/product\/26004"}],"collection":[{"href":"https:\/\/hookahshop.lt\/et\/wp-json\/wp\/v2\/product"}],"about":[{"href":"https:\/\/hookahshop.lt\/et\/wp-json\/wp\/v2\/types\/product"}],"replies":[{"embeddable":true,"href":"https:\/\/hookahshop.lt\/et\/wp-json\/wp\/v2\/comments?post=26004"}],"version-history":[{"count":2,"href":"https:\/\/hookahshop.lt\/et\/wp-json\/wp\/v2\/product\/26004\/revisions"}],"predecessor-version":[{"id":26008,"href":"https:\/\/hookahshop.lt\/et\/wp-json\/wp\/v2\/product\/26004\/revisions\/26008"}],"wp:featuredmedia":[{"embeddable":true,"href":"https:\/\/hookahshop.lt\/et\/wp-json\/wp\/v2\/media\/26006"}],"wp:attachment":[{"href":"https:\/\/hookahshop.lt\/et\/wp-json\/wp\/v2\/media?parent=26004"}],"curies":[{"name":"wp","href":"https:\/\/api.w.org\/{rel}","templated":true}]}}