{"id":26009,"date":"2021-07-23T02:16:13","date_gmt":"2021-07-22T23:16:13","guid":{"rendered":"https:\/\/hookahshop.lt\/?post_type=product&#038;p=26009"},"modified":"2026-04-15T23:29:02","modified_gmt":"2026-04-15T20:29:02","slug":"kolba-kaljanui-bigmaks-rainbow-2","status":"publish","type":"product","link":"https:\/\/hookahshop.lt\/et\/toode\/kolb-vesipiibu-bigmaks-rainbow-2\/","title":{"rendered":"Kolb vesipiibule BIGMAKS Rainbow"},"content":{"rendered":"<h2>Kolb vesipiibule BIGMAKS Rainbow<\/h2>\n<p>Kolb on p\u00fcramiidi kujuline, mis on \u00fcks populaarsemaid. BIGMAKS Rainbow kolb on kauni vikerkaare tooniga, l\u00e4bipaistva v\u00e4rviga ja h\u00e4sti n\u00e4htava veetasemega.<\/p>\n<p><strong><span title=\"\">Spetsifikatsioonid:<\/span><\/strong><br \/>\nK\u00f5rgus: ~ 258 mm<br \/>\nKaal: ~ 1790 g<br \/>\nKaela sisel\u00e4bim\u00f5\u00f5t: umbes 71 mm<br \/>\nKaela v\u00e4lisl\u00e4bim\u00f5\u00f5t: umbes 47 mm<br \/>\nMaterjal: kristallklaas<\/p>\n<p>Kas teil on k\u00fcsimusi? v\u00f5ta meiega \u00fchendust\u00a0<a href=\"https:\/\/hookahshop.lt\/et\/kontaktid\/\">kontaktide leht<\/a>\u00a0v\u00f5i saatke meile e-kiri aadressil\u00a0<a href=\"https:\/\/facebook.com\/HookahShop.lt\/\" target=\"_blank\" rel=\"noopener noreferrer\">Facebooki konto<\/a> ja vastame teie taotlusele samal p\u00e4eval.<\/p>\n<p>&nbsp;<\/p>","protected":false},"excerpt":{"rendered":"<p>Vesipiibu kolb BIGMAKS Rainbow Flask on p\u00fcramiidi kujuline, mis on \u00fcks populaarsemaid. BIGMAKS Rainbow kolb on kauni vikerkaare tooniga, l\u00e4bipaistva v\u00e4rviga ja h\u00e4sti n\u00e4htava veetasemega. Tehnilised andmed: K\u00f5rgus: ~ 258 mm Kaal: ~ 1790 g Kaela sisel\u00e4bim\u00f5\u00f5t: umbes 71 mm Kaela v\u00e4lisl\u00e4bim\u00f5\u00f5t: umbes 47 mm Materjal: kristallklaas K\u00fcsimused? V\u00f5tke meiega \u00fchendust kontaktid [\u2026]<\/p>","protected":false},"featured_media":26010,"comment_status":"open","ping_status":"closed","template":"","meta":[],"_links":{"self":[{"href":"https:\/\/hookahshop.lt\/et\/wp-json\/wp\/v2\/product\/26009"}],"collection":[{"href":"https:\/\/hookahshop.lt\/et\/wp-json\/wp\/v2\/product"}],"about":[{"href":"https:\/\/hookahshop.lt\/et\/wp-json\/wp\/v2\/types\/product"}],"replies":[{"embeddable":true,"href":"https:\/\/hookahshop.lt\/et\/wp-json\/wp\/v2\/comments?post=26009"}],"version-history":[{"count":4,"href":"https:\/\/hookahshop.lt\/et\/wp-json\/wp\/v2\/product\/26009\/revisions"}],"predecessor-version":[{"id":45068,"href":"https:\/\/hookahshop.lt\/et\/wp-json\/wp\/v2\/product\/26009\/revisions\/45068"}],"wp:featuredmedia":[{"embeddable":true,"href":"https:\/\/hookahshop.lt\/et\/wp-json\/wp\/v2\/media\/26010"}],"wp:attachment":[{"href":"https:\/\/hookahshop.lt\/et\/wp-json\/wp\/v2\/media?parent=26009"}],"curies":[{"name":"wp","href":"https:\/\/api.w.org\/{rel}","templated":true}]}}