{"id":26058,"date":"2021-07-29T16:35:27","date_gmt":"2021-07-29T13:35:27","guid":{"rendered":"https:\/\/hookahshop.lt\/?post_type=product&#038;p=26058"},"modified":"2026-04-14T23:29:10","modified_gmt":"2026-04-14T20:29:10","slug":"krepsys-kaljanui-target-46cm","status":"publish","type":"product","link":"https:\/\/hookahshop.lt\/et\/toode\/kott-vesipiibu-target-46cm\/","title":{"rendered":"Kott vesipiibu TARGET 46cm"},"content":{"rendered":"<h2>Kott vesipiibu TARGET 46cm<\/h2>\n<p>See on mitmek\u00fclgne, vastupidav kott, mis s\u00e4ilitab oma kuju t\u00e4nu oma vastupidavale materjalile ja kus on palju ruumi kolvi, varre, huuliku, taldriku, vooliku ja vesipiibu tarvikute jaoks.<br \/>\nSobib pikapi v\u00f5i v\u00e4ikese vesipiibu jaoks.<\/p>\n<p>Spetsifikatsioonid:<\/p>\n<p>K\u00f5rgus: ~ 46,5 cm.<br \/>\nL\u00e4bim\u00f5\u00f5t: 24 cm.<br \/>\nKaal: 900 g.<\/p>\n<p>Varustus:<br \/>\nKott, matt ja hoidik vesipiibu jaoks (asetatakse koti sisse).<\/p>\n<p>Kas teil on k\u00fcsimusi? v\u00f5ta meiega \u00fchendust\u00a0<a href=\"https:\/\/hookahshop.lt\/et\/kontaktid\/\">kontaktide leht<\/a>\u00a0v\u00f5i saatke meile e-kiri aadressil\u00a0<a href=\"https:\/\/facebook.com\/HookahShop.lt\/\" target=\"_blank\" rel=\"noopener noreferrer\">Facebooki konto<\/a>\u00a0ja vastame teie taotlusele samal p\u00e4eval.<\/p>","protected":false},"excerpt":{"rendered":"<p>Konksuga kott TARGET 46cm See on mitmek\u00fclgne, vastupidav kott, mis s\u00e4ilitab oma kuju t\u00e4nu vastupidavale materjalile ning kus on palju ruumi kolvi, varre, huuliku, taldriku, vooliku ja vesipiibu tarvikute jaoks. Sobib pikapi v\u00f5i v\u00e4ikese vesipiibu jaoks. Tehnilised andmed: K\u00f5rgus: ~ 46,5 cm. L\u00e4bim\u00f5\u00f5t: 24 cm. Kaal: 900 g. Tarnekomplekt: Kott, matt ja hoidik vesipiibu jaoks (sobib koti sisse). Kas teil on k\u00fcsimusi? V\u00f5tke \u00fchendust [\u2026]<\/p>","protected":false},"featured_media":26059,"comment_status":"open","ping_status":"closed","template":"","meta":[],"_links":{"self":[{"href":"https:\/\/hookahshop.lt\/et\/wp-json\/wp\/v2\/product\/26058"}],"collection":[{"href":"https:\/\/hookahshop.lt\/et\/wp-json\/wp\/v2\/product"}],"about":[{"href":"https:\/\/hookahshop.lt\/et\/wp-json\/wp\/v2\/types\/product"}],"replies":[{"embeddable":true,"href":"https:\/\/hookahshop.lt\/et\/wp-json\/wp\/v2\/comments?post=26058"}],"version-history":[{"count":3,"href":"https:\/\/hookahshop.lt\/et\/wp-json\/wp\/v2\/product\/26058\/revisions"}],"predecessor-version":[{"id":29888,"href":"https:\/\/hookahshop.lt\/et\/wp-json\/wp\/v2\/product\/26058\/revisions\/29888"}],"wp:featuredmedia":[{"embeddable":true,"href":"https:\/\/hookahshop.lt\/et\/wp-json\/wp\/v2\/media\/26059"}],"wp:attachment":[{"href":"https:\/\/hookahshop.lt\/et\/wp-json\/wp\/v2\/media?parent=26058"}],"curies":[{"name":"wp","href":"https:\/\/api.w.org\/{rel}","templated":true}]}}