{"id":26111,"date":"2021-08-02T17:38:18","date_gmt":"2021-08-02T14:38:18","guid":{"rendered":"https:\/\/hookahshop.lt\/?post_type=product&#038;p=26111"},"modified":"2026-04-14T23:29:12","modified_gmt":"2026-04-14T20:29:12","slug":"tarpine-kaljano-taurelei-hoob-black","status":"publish","type":"product","link":"https:\/\/hookahshop.lt\/et\/toode\/vesipiibutopsi-tihend-hoob-black\/","title":{"rendered":"Vesipiibutopsi tihend HOOB Must"},"content":{"rendered":"<h2>Vesipiibutopsi tihend HOOB Must<\/h2>\n<p>See kinnitus aitab tassi kindlalt vesipiibu k\u00fclge kinnitada.<\/p>\n<p>V\u00e4rvus must<\/p>\n<p>Kas teil on k\u00fcsimusi? v\u00f5ta meiega \u00fchendust\u00a0<a href=\"https:\/\/hookahshop.lt\/et\/kontaktid\/\">kontaktide leht<\/a>\u00a0v\u00f5i saatke meile e-kiri aadressil\u00a0<a href=\"https:\/\/facebook.com\/HookahShop.lt\/\" target=\"_blank\" rel=\"noopener noreferrer\">Facebooki konto<\/a>\u00a0ja vastame teie taotlusele samal p\u00e4eval.<\/p>","protected":false},"excerpt":{"rendered":"<p>Vesipiibutopsi tihend HOOB Must See tarvik aitab tassi kindlalt vesipiibu k\u00fclge kinnitada. V\u00e4rv: must Kas on k\u00fcsimusi? V\u00f5tke meiega \u00fchendust kontaktide lehel v\u00f5i kirjutage meile oma Facebooki kontol ja vastame teie p\u00e4ringule samal p\u00e4eval.<\/p>","protected":false},"featured_media":27545,"comment_status":"open","ping_status":"closed","template":"","meta":[],"_links":{"self":[{"href":"https:\/\/hookahshop.lt\/et\/wp-json\/wp\/v2\/product\/26111"}],"collection":[{"href":"https:\/\/hookahshop.lt\/et\/wp-json\/wp\/v2\/product"}],"about":[{"href":"https:\/\/hookahshop.lt\/et\/wp-json\/wp\/v2\/types\/product"}],"replies":[{"embeddable":true,"href":"https:\/\/hookahshop.lt\/et\/wp-json\/wp\/v2\/comments?post=26111"}],"version-history":[{"count":3,"href":"https:\/\/hookahshop.lt\/et\/wp-json\/wp\/v2\/product\/26111\/revisions"}],"predecessor-version":[{"id":27543,"href":"https:\/\/hookahshop.lt\/et\/wp-json\/wp\/v2\/product\/26111\/revisions\/27543"}],"wp:featuredmedia":[{"embeddable":true,"href":"https:\/\/hookahshop.lt\/et\/wp-json\/wp\/v2\/media\/27545"}],"wp:attachment":[{"href":"https:\/\/hookahshop.lt\/et\/wp-json\/wp\/v2\/media?parent=26111"}],"curies":[{"name":"wp","href":"https:\/\/api.w.org\/{rel}","templated":true}]}}