{"id":26116,"date":"2021-08-02T17:48:37","date_gmt":"2021-08-02T14:48:37","guid":{"rendered":"https:\/\/hookahshop.lt\/?post_type=product&#038;p=26116"},"modified":"2026-04-14T23:29:11","modified_gmt":"2026-04-14T20:29:11","slug":"tarpine-kaljano-kolbai-hoob-space-grey","status":"publish","type":"product","link":"https:\/\/hookahshop.lt\/et\/toode\/tihend-konks-kolb-hoob-ruumihall\/","title":{"rendered":"VESIPIIBUKOLVI TIHEND HOOB Space Grey"},"content":{"rendered":"<h2>VESIPIIBUKOLVI TIHEND HOOB Space Grey<\/h2>\n<p>Kvaliteetne silikoontihend vesipiibu kolbi jaoks. Sobib enamikule vesipiibudele. Need ei libise ega lange katte t\u00f5ttu maha.<\/p>\n<p>Kas teil on k\u00fcsimusi? v\u00f5ta meiega \u00fchendust\u00a0<a href=\"https:\/\/hookahshop.lt\/et\/kontaktid\/\">kontaktide leht<\/a>\u00a0v\u00f5i saatke meile e-kiri aadressil\u00a0<a href=\"https:\/\/facebook.com\/HookahShop.lt\/\" target=\"_blank\" rel=\"noopener noreferrer\">Facebooki konto<\/a>\u00a0ja vastame teie taotlusele samal p\u00e4eval.<\/p>","protected":false},"excerpt":{"rendered":"<p>Konks konksule HOOB Space Grey Kvaliteetne silikoonkonks konksule. Sobib enamikule vesipiipudele. Need ei libise ega kuku pinnalt maha. Kas teil on k\u00fcsimusi? V\u00f5tke meiega \u00fchendust kontaktide lehel v\u00f5i kirjutage meile oma Facebooki kontol ja vastame teie p\u00e4ringule samal p\u00e4eval.<\/p>","protected":false},"featured_media":27549,"comment_status":"open","ping_status":"closed","template":"","meta":[],"_links":{"self":[{"href":"https:\/\/hookahshop.lt\/et\/wp-json\/wp\/v2\/product\/26116"}],"collection":[{"href":"https:\/\/hookahshop.lt\/et\/wp-json\/wp\/v2\/product"}],"about":[{"href":"https:\/\/hookahshop.lt\/et\/wp-json\/wp\/v2\/types\/product"}],"replies":[{"embeddable":true,"href":"https:\/\/hookahshop.lt\/et\/wp-json\/wp\/v2\/comments?post=26116"}],"version-history":[{"count":2,"href":"https:\/\/hookahshop.lt\/et\/wp-json\/wp\/v2\/product\/26116\/revisions"}],"predecessor-version":[{"id":29568,"href":"https:\/\/hookahshop.lt\/et\/wp-json\/wp\/v2\/product\/26116\/revisions\/29568"}],"wp:featuredmedia":[{"embeddable":true,"href":"https:\/\/hookahshop.lt\/et\/wp-json\/wp\/v2\/media\/27549"}],"wp:attachment":[{"href":"https:\/\/hookahshop.lt\/et\/wp-json\/wp\/v2\/media?parent=26116"}],"curies":[{"name":"wp","href":"https:\/\/api.w.org\/{rel}","templated":true}]}}