{"id":26133,"date":"2021-08-02T19:09:57","date_gmt":"2021-08-02T16:09:57","guid":{"rendered":"https:\/\/hookahshop.lt\/?post_type=product&#038;p=26133"},"modified":"2026-04-17T23:29:15","modified_gmt":"2026-04-17T20:29:15","slug":"kaljanas-doosha-hookah-basic-black","status":"publish","type":"product","link":"https:\/\/hookahshop.lt\/et\/toode\/vesipiip-doosha-hookah-basic-black\/","title":{"rendered":"Vesipiip DOOSHA HOOKAH Basic Black"},"content":{"rendered":"<h2>Vesipiip DOOSHA HOOKAH Basic Black<\/h2>\n<p>Uus ja eksklusiivne Doosha Hookah mudel. Vesipiip DOOSHA HOOKAH Basic Black on vesipiip, mis t\u00f5stab esile sinu stiili ja elur\u00fctmi.<\/p>\n<p><strong>Varustus:<\/strong><br \/>\nVesipiip<br \/>\nRoostevabast terasest huulik<br \/>\nPlaat<br \/>\nTihendid<br \/>\nSilikoonvoolik &quot;Soft Touch&quot;<br \/>\nMagnet\u00fchendus<br \/>\nKleebiste komplekt (kaunistuseks)<br \/>\nTass OBLAKO DOOSHA<\/p>\n<p><strong>Spetsifikatsioonid:<\/strong><br \/>\nV\u00f5lli sisel\u00e4bim\u00f5\u00f5t: 12 mm<br \/>\nPlaadi l\u00e4bim\u00f5\u00f5t: 17 cm<br \/>\nHuuliku pikkus: 30 cm<br \/>\nVesipiibu k\u00f5rgus ilma kolvita: on 44,8 cm<\/p>\n<p>Kas teil on k\u00fcsimusi? v\u00f5ta meiega \u00fchendust\u00a0<a href=\"https:\/\/hookahshop.lt\/et\/kontaktid\/\">kontaktide leht<\/a>\u00a0v\u00f5i saatke meile e-kiri aadressil\u00a0<a href=\"https:\/\/facebook.com\/HookahShop.lt\/\" target=\"_blank\" rel=\"noopener noreferrer\">Facebooki konto<\/a>\u00a0ja vastame teie taotlusele samal p\u00e4eval.<\/p>","protected":false},"excerpt":{"rendered":"<p>Vesipiip DOOSHA HOOKAH Basic Black Uus ja eksklusiivne Doosha Vesipiibu mudel. Vesipiip DOOSHA HOOKAH Basic Black on vesipiip, mis t\u00f5stab esile sinu stiili ja elur\u00fctmi. Tarnekomplekt: Roostevabast terasest vesipiip Plaadi tihendid Silikoonvoolik Soft Touch Magnet\u00fchendus Kleebiste komplekt (kaunistuseks) Tass OBLAKO DOOSHA Tehnilised andmed: Sisemine v\u00f5lli l\u00e4bim\u00f5\u00f5t: 12 mm Plaadi l\u00e4bim\u00f5\u00f5t: [\u2026]<\/p>","protected":false},"featured_media":26134,"comment_status":"open","ping_status":"closed","template":"","meta":[],"_links":{"self":[{"href":"https:\/\/hookahshop.lt\/et\/wp-json\/wp\/v2\/product\/26133"}],"collection":[{"href":"https:\/\/hookahshop.lt\/et\/wp-json\/wp\/v2\/product"}],"about":[{"href":"https:\/\/hookahshop.lt\/et\/wp-json\/wp\/v2\/types\/product"}],"replies":[{"embeddable":true,"href":"https:\/\/hookahshop.lt\/et\/wp-json\/wp\/v2\/comments?post=26133"}],"version-history":[{"count":5,"href":"https:\/\/hookahshop.lt\/et\/wp-json\/wp\/v2\/product\/26133\/revisions"}],"predecessor-version":[{"id":34423,"href":"https:\/\/hookahshop.lt\/et\/wp-json\/wp\/v2\/product\/26133\/revisions\/34423"}],"wp:featuredmedia":[{"embeddable":true,"href":"https:\/\/hookahshop.lt\/et\/wp-json\/wp\/v2\/media\/26134"}],"wp:attachment":[{"href":"https:\/\/hookahshop.lt\/et\/wp-json\/wp\/v2\/media?parent=26133"}],"curies":[{"name":"wp","href":"https:\/\/api.w.org\/{rel}","templated":true}]}}