{"id":26197,"date":"2021-08-03T23:07:21","date_gmt":"2021-08-03T20:07:21","guid":{"rendered":"https:\/\/hookahshop.lt\/?post_type=product&#038;p=26197"},"modified":"2026-04-06T23:28:37","modified_gmt":"2026-04-06T20:28:37","slug":"anglys-kaljanui-crown-26mm-1kg","status":"publish","type":"product","link":"https:\/\/hookahshop.lt\/et\/toode\/kivisusi-vesipiibu-kroon-26mm-1kg\/","title":{"rendered":"S\u00fcsi vesipiibule CROWN 26mm 1kg"},"content":{"rendered":"<h2>S\u00fcsi vesipiibule CROWN 26mm 1kg<\/h2>\n<p>See on looduslikust kookoskoorest valmistatud s\u00fcsi vesipiibu jaoks. Madal tuhk, ei muuda tubaka maitset, kuumus kestab umbes 1 tund.<br \/>\nCROWN kivis\u00fcsi p\u00e4lvis tiitli &quot;Aasta parim kivis\u00fcsi 2021&quot;. maailma suurimal vesipiibun\u00e4itusel HOOKAH CLUB SHOW 2021.<\/p>\n<p><strong>Spetsifikatsioon:<\/strong><br \/>\n\u00dche s\u00fcsiniku m\u00f5\u00f5dud: 26x26x26mm.<br \/>\nKarbis on 64 s\u00fcsinikku.<br \/>\nS\u00f6e p\u00f5letamiseks vajate vesipiibu, turistide gaasipliidi vms jaoks elektrilist pliiti.<br \/>\nP\u00e4ritoluriik: Indoneesia<\/p>\n<p>Kas teil on k\u00fcsimusi? v\u00f5ta meiega \u00fchendust\u00a0<a href=\"https:\/\/hookahshop.lt\/et\/kontaktid\/\">kontaktide leht<\/a>\u00a0v\u00f5i saatke meile e-kiri aadressil\u00a0<a href=\"https:\/\/facebook.com\/HookahShop.lt\/\" target=\"_blank\" rel=\"noopener noreferrer\">Facebooki konto<\/a>\u00a0ja vastame teie taotlusele samal p\u00e4eval.<\/p>","protected":false},"excerpt":{"rendered":"<p>Vesipiibu s\u00fcsi CROWN 26mm 1kg See vesipiibu s\u00fcsi on valmistatud naturaalsest kookoskoorest. V\u00e4he tuhka, ei muuda tubaka maitset, kuumust kestab umbes 1 tund. CROWN kivis\u00fcsi p\u00e4lvis tiitli &quot;Aasta parim kivis\u00fcsi 2021&quot;. maailma suurimal vesipiibun\u00e4itusel HOOKAH CLUB SHOW 2021. Spetsifikatsioon: \u00dche s\u00fcsiniku m\u00f5\u00f5dud: 26x26x26mm. Karbis on 64 s\u00fcsinikku. S\u00f6e s\u00fc\u00fctamiseks on vaja elektripliiti vesipiibu jaoks, turist [\u2026]<\/p>","protected":false},"featured_media":26198,"comment_status":"open","ping_status":"closed","template":"","meta":[],"_links":{"self":[{"href":"https:\/\/hookahshop.lt\/et\/wp-json\/wp\/v2\/product\/26197"}],"collection":[{"href":"https:\/\/hookahshop.lt\/et\/wp-json\/wp\/v2\/product"}],"about":[{"href":"https:\/\/hookahshop.lt\/et\/wp-json\/wp\/v2\/types\/product"}],"replies":[{"embeddable":true,"href":"https:\/\/hookahshop.lt\/et\/wp-json\/wp\/v2\/comments?post=26197"}],"version-history":[{"count":7,"href":"https:\/\/hookahshop.lt\/et\/wp-json\/wp\/v2\/product\/26197\/revisions"}],"predecessor-version":[{"id":45358,"href":"https:\/\/hookahshop.lt\/et\/wp-json\/wp\/v2\/product\/26197\/revisions\/45358"}],"wp:featuredmedia":[{"embeddable":true,"href":"https:\/\/hookahshop.lt\/et\/wp-json\/wp\/v2\/media\/26198"}],"wp:attachment":[{"href":"https:\/\/hookahshop.lt\/et\/wp-json\/wp\/v2\/media?parent=26197"}],"curies":[{"name":"wp","href":"https:\/\/api.w.org\/{rel}","templated":true}]}}