{"id":26201,"date":"2021-08-03T23:16:31","date_gmt":"2021-08-03T20:16:31","guid":{"rendered":"https:\/\/hookahshop.lt\/?post_type=product&#038;p=26201"},"modified":"2026-04-16T23:29:35","modified_gmt":"2026-04-16T20:29:35","slug":"taurele-kaljanui-kong-lava-razor-black","status":"publish","type":"product","link":"https:\/\/hookahshop.lt\/et\/toode\/tass-vesipiip-kong-lava-zileti-must\/","title":{"rendered":"Tass vesipiibule KONG Lava Razor Black"},"content":{"rendered":"<h2>Tass vesipiibule KONG Lava Razor Black<\/h2>\n<p>Kong Lava Razor Cup on turul uus toode. See ainulaadse kuju ja v\u00e4rvi kombinatsiooniga tass vesipiibu jaoks paistab silma oma kvaliteedi ja edasiantud maitseomaduste poolest. Sellel savitassil on \u00f5hukesed seinad, mis muudavad kuumuse kontrollimise ja vesipiibu t\u00e4ieliku naudingu nautimise lihtsaks. Kvaliteetne tass Kong ei ole mitte ainult eksklusiivse disainiga, vaid seda iseloomustavad ka vastupidavusomadused. \u00d5hukesed seinad ei t\u00e4henda, et tassis hakkaks peagi siirupist puudust tundma, sest Kong firma tagab, et nende tassid kestavad kaua.<\/p>\n<p>Kas teil on k\u00fcsimusi? v\u00f5ta meiega \u00fchendust\u00a0<a href=\"https:\/\/hookahshop.lt\/et\/kontaktid\/\">kontaktide leht<\/a>\u00a0v\u00f5i saatke meile e-kiri aadressil\u00a0<a href=\"https:\/\/facebook.com\/HookahShop.lt\/\" target=\"_blank\" rel=\"noopener noreferrer\">Facebooki konto<\/a>\u00a0ja vastame teie taotlusele samal p\u00e4eval.<\/p>","protected":false},"excerpt":{"rendered":"<p>Vesipiibu tass KONG Lava Razor Black Kong Lava Razor tass on uus toode turul. See ainulaadse kuju- ja v\u00e4rvikombinatsiooniga tass vesipiibu jaoks paistab silma oma kvaliteedi ja edasiantud maitseomaduste poolest. Sellel savitassil on \u00f5hukesed seinad, mis v\u00f5imaldavad teil kuumust h\u00f5lpsalt kontrollida ja vesipiibu t\u00e4it naudingut nautida. Kvaliteetne tass Kong ei ole ainult eksklusiivne disain, [\u2026]<\/p>","protected":false},"featured_media":28537,"comment_status":"open","ping_status":"closed","template":"","meta":[],"_links":{"self":[{"href":"https:\/\/hookahshop.lt\/et\/wp-json\/wp\/v2\/product\/26201"}],"collection":[{"href":"https:\/\/hookahshop.lt\/et\/wp-json\/wp\/v2\/product"}],"about":[{"href":"https:\/\/hookahshop.lt\/et\/wp-json\/wp\/v2\/types\/product"}],"replies":[{"embeddable":true,"href":"https:\/\/hookahshop.lt\/et\/wp-json\/wp\/v2\/comments?post=26201"}],"version-history":[{"count":3,"href":"https:\/\/hookahshop.lt\/et\/wp-json\/wp\/v2\/product\/26201\/revisions"}],"predecessor-version":[{"id":37932,"href":"https:\/\/hookahshop.lt\/et\/wp-json\/wp\/v2\/product\/26201\/revisions\/37932"}],"wp:featuredmedia":[{"embeddable":true,"href":"https:\/\/hookahshop.lt\/et\/wp-json\/wp\/v2\/media\/28537"}],"wp:attachment":[{"href":"https:\/\/hookahshop.lt\/et\/wp-json\/wp\/v2\/media?parent=26201"}],"curies":[{"name":"wp","href":"https:\/\/api.w.org\/{rel}","templated":true}]}}