{"id":26494,"date":"2021-08-12T12:40:41","date_gmt":"2021-08-12T09:40:41","guid":{"rendered":"https:\/\/hookahshop.lt\/?post_type=product&#038;p=26494"},"modified":"2026-04-09T12:28:27","modified_gmt":"2026-04-09T09:28:27","slug":"kaljanas-alpha-hookah-beat-vandal","status":"publish","type":"product","link":"https:\/\/hookahshop.lt\/et\/toode\/vesipiip-alpha-hookah-beat-vandal\/","title":{"rendered":"Vesipiip ALPHA HOOKAH Beat Vandal"},"content":{"rendered":"<h2>Vesipiip ALPHA HOOKAH Beat Vandal<\/h2>\n<p>Eksklusiivne ja m\u00e4ssumeelne Alpha Hookah modell Beat Vandal (VNDL). Uus Beat vesipiibu disain, mis murrab tavap\u00e4raseid stereot\u00fc\u00fcpe.<\/p>\n<p><strong>Varustus:<\/strong><br \/>\nV\u00f5lli<br \/>\nHuulik<br \/>\nPlaat (graveeritud)<br \/>\nSilikoonvoolik (Soft Touch)<br \/>\nHajuti<br \/>\nMagnet\u00fchendus<br \/>\nKolb (selge v\u00f5i toonitud)<\/p>\n<p><img decoding=\"async\" loading=\"lazy\" class=\"alignnone size-medium wp-image-38520\" src=\"https:\/\/hookahshop.lt\/wp-content\/uploads\/2020\/09\/stiebas-kolba-zarna-kandiklis-1-300x273.jpg\" alt=\"- hookahshop.lt\" width=\"300\" height=\"273\" srcset=\"https:\/\/hookahshop.lt\/wp-content\/uploads\/2020\/09\/stiebas-kolba-zarna-kandiklis-1-300x273.jpg 300w, https:\/\/hookahshop.lt\/wp-content\/uploads\/2020\/09\/stiebas-kolba-zarna-kandiklis-1-13x12.jpg 13w, https:\/\/hookahshop.lt\/wp-content\/uploads\/2020\/09\/stiebas-kolba-zarna-kandiklis-1-64x58.jpg 64w, https:\/\/hookahshop.lt\/wp-content\/uploads\/2020\/09\/stiebas-kolba-zarna-kandiklis-1.jpg 420w\" sizes=\"(max-width: 300px) 100vw, 300px\" title=\"\"><\/p>\n<p><strong>Kasutatud materjalid:<\/strong><br \/>\nKvaliteetne roostevaba teras, Saksa pol\u00fcatsetaal.<\/p>\n<p><strong>M\u00f5\u00f5dud:<\/strong><br \/>\nV\u00f5lli sisel\u00e4bim\u00f5\u00f5t: 11 mm.<br \/>\nPlaadi l\u00e4bim\u00f5\u00f5t: 17 cm.<br \/>\nVesipiibu k\u00f5rgus koos kolbiga: 35 cm.<\/p>\n<p><strong>Kolvi v\u00e4rvi valik: l\u00e4bipaistev.<\/strong><\/p>\n<p>Kas teil on k\u00fcsimusi? v\u00f5ta meiega \u00fchendust\u00a0<a href=\"https:\/\/hookahshop.lt\/et\/kontaktid\/\">kontaktide leht<\/a>\u00a0v\u00f5i saatke meile e-kiri aadressil\u00a0<a href=\"https:\/\/facebook.com\/HookahShop.lt\/\" target=\"_blank\" rel=\"noopener noreferrer\">Facebooki konto<\/a>\u00a0ja vastame teie taotlusele samal p\u00e4eval.<\/p>","protected":false},"excerpt":{"rendered":"<p>Vesipiip ALPHA HOOKAH Beat Vandal Eksklusiivne ja m\u00e4ssumeelne Alpha Hookah ettev\u00f5tte mudel Beat Vandal (VNDL). Uus Beat vesipiibu disain, mis murrab tavap\u00e4raseid stereot\u00fc\u00fcpe. Tarnekomplekt: v\u00f5lli huuliku plaat (graveeritud) Silikoonvoolik (Soft Touch) Difuusor Magnet\u00fchendus Kolb (selge v\u00f5i toonitud) Kasutatud materjalid: Kvaliteetne roostevaba teras, Saksa pol\u00fcatsetaal. M\u00f5\u00f5dud: v\u00f5lli sisel\u00e4bim\u00f5\u00f5t: 11 mm. Plaadi l\u00e4bim\u00f5\u00f5t: [\u2026]<\/p>","protected":false},"featured_media":33183,"comment_status":"open","ping_status":"closed","template":"","meta":[],"_links":{"self":[{"href":"https:\/\/hookahshop.lt\/et\/wp-json\/wp\/v2\/product\/26494"}],"collection":[{"href":"https:\/\/hookahshop.lt\/et\/wp-json\/wp\/v2\/product"}],"about":[{"href":"https:\/\/hookahshop.lt\/et\/wp-json\/wp\/v2\/types\/product"}],"replies":[{"embeddable":true,"href":"https:\/\/hookahshop.lt\/et\/wp-json\/wp\/v2\/comments?post=26494"}],"version-history":[{"count":10,"href":"https:\/\/hookahshop.lt\/et\/wp-json\/wp\/v2\/product\/26494\/revisions"}],"predecessor-version":[{"id":45628,"href":"https:\/\/hookahshop.lt\/et\/wp-json\/wp\/v2\/product\/26494\/revisions\/45628"}],"wp:featuredmedia":[{"embeddable":true,"href":"https:\/\/hookahshop.lt\/et\/wp-json\/wp\/v2\/media\/33183"}],"wp:attachment":[{"href":"https:\/\/hookahshop.lt\/et\/wp-json\/wp\/v2\/media?parent=26494"}],"curies":[{"name":"wp","href":"https:\/\/api.w.org\/{rel}","templated":true}]}}