{"id":26591,"date":"2021-08-16T12:17:08","date_gmt":"2021-08-16T09:17:08","guid":{"rendered":"https:\/\/hookahshop.lt\/?post_type=product&#038;p=26591"},"modified":"2026-04-06T23:28:46","modified_gmt":"2026-04-06T20:28:46","slug":"kaljanas-hekkpipe-hexagon-2-orange","status":"publish","type":"product","link":"https:\/\/hookahshop.lt\/et\/toode\/vesipiip-hekkpipe-hexagon-2-orange\/","title":{"rendered":"Vesipiip HEKKPIPE Hexagon 2 Orange"},"content":{"rendered":"<h2>Vesipiip HEKKPIPE Hexagon 2 Orange<\/h2>\n<p>Hekkpipe Hexagon on ainulaadne k\u00e4sitsi valmistatud kaasaskantav vesipiip, mis n\u00e4eb v\u00e4lja ainulaadne ja muljetavaldav. Iga kuusnurk on valmistatud kvaliteetselt, iga detail on juhitav ja k\u00f5rgeima viimistlusega. Puidu omaduste t\u00f5ttu on iga kuusnurk ainulaadne. Vesipiip on valmistatud k\u00f5rgeima kvaliteediga materjalidest, mis annavad sellele tootele muljetavaldava v\u00e4limuse ja pika kasutusea. Selle eksklusiivse vesipiibu valmistamiseks piisab \u00fchest 26 mm s\u00f6est.<\/p>\n<p><strong>Omadused:<\/strong><br \/>\nFooliumi pole vaja. Kerge (0,6 kg, koos k\u00f5igi tarvikutega 1 kg) ja t\u00f5eliselt kompaktne,<br \/>\nValmistamine v\u00f5tab poole kauem aega kui keskmine vesipiip.<br \/>\n\u00dclimalt lihtne kasutada. Sellel on spetsiaalne sektsioon, mis eraldab s\u00f6e ja tubaka.<br \/>\nSeansi ajal saate h\u00f5lpsasti lisada v\u00f5i segada tubakat v\u00f5i s\u00fctt.<br \/>\nSeansi ajal asetage tubakas mugavalt topsi ilma s\u00fctt puudutamata.<br \/>\nMagnetid kuusnurga all. Nii et asetage see metallpinnale ja vesipiip on stabiilne ja ei liigu.<br \/>\nSelle eksklusiivse vesipiibu valmistamiseks piisab \u00fchest 26 mm s\u00f6est.<\/p>\n<p>L\u00fchivideo selle toote kohta:\u00a0<a href=\"https:\/\/www.youtube.com\/watch?v=YcoTw5Y3cq0\" target=\"_blank\" rel=\"noopener\">https:\/\/www.youtube.com\/watch?v=YcoTw5Y3cq0<\/a><\/p>\n<p>* Tarne tootjalt HEKKPIPE 1-3 t\u00f6\u00f6p\u00e4eva.<\/p>\n<p>Kas teil on k\u00fcsimusi? v\u00f5ta meiega \u00fchendust\u00a0<a href=\"https:\/\/hookahshop.lt\/et\/kontaktid\/\">kontaktide leht<\/a>\u00a0v\u00f5i saatke meile e-kiri aadressil\u00a0<a href=\"https:\/\/facebook.com\/HookahShop.lt\/\" target=\"_blank\" rel=\"noopener noreferrer\">Facebooki konto<\/a>\u00a0ja vastame teie taotlusele samal p\u00e4eval.<\/p>","protected":false},"excerpt":{"rendered":"<p>Vesipiip HEKKPIPE Hexagon 2 Orange Hekkpipe Hexagon on ainulaadne k\u00e4sitsi valmistatud kaasaskantav vesipiip, mis n\u00e4eb v\u00e4lja ainulaadne ja muljetavaldav. Iga kuusnurk on valmistatud kvaliteetselt, iga detail on juhitav ja k\u00f5rgeima viimistlusega. Puidu omaduste t\u00f5ttu on iga kuusnurk ainulaadne. Vesipiip on valmistatud k\u00f5rgeima kvaliteediga materjalidest, mis annavad sellele tootele muljetavaldava v\u00e4limuse ja pika kasutusea. [\u2026]<\/p>","protected":false},"featured_media":26592,"comment_status":"open","ping_status":"closed","template":"","meta":[],"_links":{"self":[{"href":"https:\/\/hookahshop.lt\/et\/wp-json\/wp\/v2\/product\/26591"}],"collection":[{"href":"https:\/\/hookahshop.lt\/et\/wp-json\/wp\/v2\/product"}],"about":[{"href":"https:\/\/hookahshop.lt\/et\/wp-json\/wp\/v2\/types\/product"}],"replies":[{"embeddable":true,"href":"https:\/\/hookahshop.lt\/et\/wp-json\/wp\/v2\/comments?post=26591"}],"version-history":[{"count":5,"href":"https:\/\/hookahshop.lt\/et\/wp-json\/wp\/v2\/product\/26591\/revisions"}],"predecessor-version":[{"id":33153,"href":"https:\/\/hookahshop.lt\/et\/wp-json\/wp\/v2\/product\/26591\/revisions\/33153"}],"wp:featuredmedia":[{"embeddable":true,"href":"https:\/\/hookahshop.lt\/et\/wp-json\/wp\/v2\/media\/26592"}],"wp:attachment":[{"href":"https:\/\/hookahshop.lt\/et\/wp-json\/wp\/v2\/media?parent=26591"}],"curies":[{"name":"wp","href":"https:\/\/api.w.org\/{rel}","templated":true}]}}