{"id":26649,"date":"2021-08-16T13:30:39","date_gmt":"2021-08-16T10:30:39","guid":{"rendered":"https:\/\/hookahshop.lt\/?post_type=product&#038;p=26649"},"modified":"2026-04-06T23:28:45","modified_gmt":"2026-04-06T20:28:45","slug":"kaljanas-hekkpipe-active-mahogany","status":"publish","type":"product","link":"https:\/\/hookahshop.lt\/et\/toode\/vesipiip-hekkpipe-active-mahogany\/","title":{"rendered":"Vesipiip HEKKPIPE Aktiivne mahagon"},"content":{"rendered":"<h2>Vesipiip HEKKPIPE Aktiivne mahagon<\/h2>\n<p align=\"left\"><span style=\"color: #202124;\">&quot;<span style=\"font-family: inherit;\"><span style=\"font-size: medium;\">Hekkpipe Active on kvaliteetne unikaalne kaasaskantav vesipiip. See on spetsiaalselt loodud nii, et see p\u00fcsiks ohutu ja funktsionaalne isegi kokkup\u00f5rke v\u00f5i kukkumise korral. Kallutage 45 kraadini - suits on endiselt t\u00e4iuslik! Sellel on roostevabast terasest koonus, mis p\u00fc\u00fcab tassil p\u00f5leva s\u00f6e kinni, muutes vesipiibu h\u00f5lpsaks transportimiseks. Lihtne kasutada ja vastupidav konstruktsioon tegi sellest suurep\u00e4rase vesipiibu. Selle eksklusiivse vesipiibu valmistamiseks piisab \u00fchest 26 mm s\u00f6est. Vesipiip on valmistatud k\u00f5rgeima kvaliteediga materjalidest, mis annab sellele tootele erakordse v\u00e4limuse ja pikaealisuse.<\/span><\/span><\/span><\/p>\n<p><strong>Omadused:<\/strong><br \/>\nKerge (1 kg, koos k\u00f5igi tarvikutega 1,5 kg) ja t\u00f5eliselt kompaktne.<br \/>\nSellel on \u00f5larihm, mis v\u00f5imaldab vesipiipu kandmise ajal nautida.<br \/>\nValmistamine v\u00f5tab poole v\u00e4hem kui keskmine vesipiip.<br \/>\n\u00dclimalt lihtne kasutada. Sellel on spetsiaalne sektsioon, mis eraldab s\u00f6e ja tubaka.<\/p>\n<p>L\u00fchivideo selle toote kohta:<a href=\"https:\/\/youtu.be\/yP2dwK4fpj4\" target=\"_blank\" rel=\"noopener\">https:\/\/youtu.be\/yP2dwK4fpj4<\/a><\/p>\n<p>* Tarne tootjalt HEKKPIPE 1-3 t\u00f6\u00f6p\u00e4eva.<\/p>\n<p>Kas teil on k\u00fcsimusi? v\u00f5ta meiega \u00fchendust\u00a0<a href=\"https:\/\/hookahshop.lt\/et\/kontaktid\/\">kontaktide leht<\/a>\u00a0v\u00f5i saatke meile e-kiri aadressil\u00a0<a href=\"https:\/\/facebook.com\/HookahShop.lt\/\" target=\"_blank\" rel=\"noopener noreferrer\">Facebooki konto<\/a>\u00a0ja vastame teie taotlusele samal p\u00e4eval.<\/p>","protected":false},"excerpt":{"rendered":"<p>Vesipiip HEKKPIPE Active mahagon Hekkpipe Active on kvaliteetne ainulaadne kaasaskantav vesipiip. See on spetsiaalselt loodud nii, et see p\u00fcsiks ohutu ja funktsionaalne isegi kokkup\u00f5rke v\u00f5i kukkumise korral. Kallutage 45 kraadini - suits on endiselt t\u00e4iuslik! Sellel on roostevabast terasest koonus, mis p\u00fc\u00fcab tassil p\u00f5leva s\u00f6e kinni, muutes vesipiibu h\u00f5lpsaks transportimiseks. Lihtne kasutada ja [\u2026]<\/p>","protected":false},"featured_media":26650,"comment_status":"open","ping_status":"closed","template":"","meta":[],"_links":{"self":[{"href":"https:\/\/hookahshop.lt\/et\/wp-json\/wp\/v2\/product\/26649"}],"collection":[{"href":"https:\/\/hookahshop.lt\/et\/wp-json\/wp\/v2\/product"}],"about":[{"href":"https:\/\/hookahshop.lt\/et\/wp-json\/wp\/v2\/types\/product"}],"replies":[{"embeddable":true,"href":"https:\/\/hookahshop.lt\/et\/wp-json\/wp\/v2\/comments?post=26649"}],"version-history":[{"count":10,"href":"https:\/\/hookahshop.lt\/et\/wp-json\/wp\/v2\/product\/26649\/revisions"}],"predecessor-version":[{"id":44474,"href":"https:\/\/hookahshop.lt\/et\/wp-json\/wp\/v2\/product\/26649\/revisions\/44474"}],"wp:featuredmedia":[{"embeddable":true,"href":"https:\/\/hookahshop.lt\/et\/wp-json\/wp\/v2\/media\/26650"}],"wp:attachment":[{"href":"https:\/\/hookahshop.lt\/et\/wp-json\/wp\/v2\/media?parent=26649"}],"curies":[{"name":"wp","href":"https:\/\/api.w.org\/{rel}","templated":true}]}}