{"id":26668,"date":"2021-08-16T14:55:40","date_gmt":"2021-08-16T11:55:40","guid":{"rendered":"https:\/\/hookahshop.lt\/?post_type=product&#038;p=26668"},"modified":"2026-04-06T23:28:56","modified_gmt":"2026-04-06T20:28:56","slug":"kaljano-padas-hekkpipe-hexagon-black","status":"publish","type":"product","link":"https:\/\/hookahshop.lt\/et\/toode\/vesipiibutald-hekkpipe-hexagon-black\/","title":{"rendered":"Vesipiibutald HEKKPIPE Hexagon Black"},"content":{"rendered":"<h2>Vesipiibutald HEKKPIPE Hexagon Black<\/h2>\n<p class=\"western\"><span style=\"color: #202124;\"><span style=\"font-family: inherit;\"><span style=\"font-size: medium;\">Kas olete Hekkpipe Hexagoni omanik? V\u00f5i plaanite selliseks saada? Siis pakume osta selle suurep\u00e4rase uue toote - vesipiibu stabiilsustalla.<\/span><\/span><\/span> <span style=\"color: #202124;\"><span style=\"font-family: inherit;\"><span style=\"font-size: medium;\"><span lang=\"lt-LT\">Kas kasutate kuusnurka kodus, vesipiibubaaris v\u00f5i looduses, ohutus on esikohal. Selle tulemusena pakume stabiilsuspadja, mis muudab teie Hekkpipe Hexagoni veelgi stabiilsemaks!<\/span><\/span><\/span><\/span> <span style=\"color: #202124;\"><span style=\"font-family: inherit;\"><span style=\"font-size: medium;\"><span lang=\"lt-LT\">Stabiilsuspadjal on 12 tugevat magnetit, mis hoiavad kuusnurka kindlalt kinni. Magnetid sobivad kuusnurga alumiste magnetitega, nii et vesipiip hoiab maksimaalset stabiilsust!<\/span><\/span><\/span><\/span><\/p>\n<p>L\u00fchike video toote funktsionaalsuse kohta:\u00a0<a href=\"https:\/\/youtu.be\/6_-P79KQIV8\" target=\"_blank\" rel=\"noopener\">https:\/\/youtu.be\/6_-P79KQIV8<\/a><\/p>\n<p>* Tarne tootjalt HEKKPIPE 1-3 t\u00f6\u00f6p\u00e4eva.<\/p>\n<p>Kas teil on k\u00fcsimusi? v\u00f5ta meiega \u00fchendust\u00a0<a href=\"https:\/\/hookahshop.lt\/et\/kontaktid\/\">kontaktide leht<\/a>\u00a0v\u00f5i saatke meile e-kiri aadressil\u00a0<a href=\"https:\/\/facebook.com\/HookahShop.lt\/\" target=\"_blank\" rel=\"noopener noreferrer\">Facebooki konto<\/a>\u00a0ja vastame teie taotlusele samal p\u00e4eval.<\/p>","protected":false},"excerpt":{"rendered":"<p>Vesipiibu tald HEKKPIPE Hexagon Black Kas olete Hekkpipe Hexagon omanik? V\u00f5i plaanite selleks saada? Siis pakume osta seda lahedat uut toodet - vesipiibu stabiilsustald. Olenemata sellest, kas kasutate Hexagonit kodus, vesipiibu baaris v\u00f5i looduses, on ohutus esikohal. Seet\u00f5ttu pakume stabiilsuspatja, mis muudab teie Hekkpipe Hexagoni veelgi stabiilsemaks! Stabiilsuspadi on 12 [\u2026]<\/p>","protected":false},"featured_media":26669,"comment_status":"open","ping_status":"closed","template":"","meta":[],"_links":{"self":[{"href":"https:\/\/hookahshop.lt\/et\/wp-json\/wp\/v2\/product\/26668"}],"collection":[{"href":"https:\/\/hookahshop.lt\/et\/wp-json\/wp\/v2\/product"}],"about":[{"href":"https:\/\/hookahshop.lt\/et\/wp-json\/wp\/v2\/types\/product"}],"replies":[{"embeddable":true,"href":"https:\/\/hookahshop.lt\/et\/wp-json\/wp\/v2\/comments?post=26668"}],"version-history":[{"count":6,"href":"https:\/\/hookahshop.lt\/et\/wp-json\/wp\/v2\/product\/26668\/revisions"}],"predecessor-version":[{"id":43548,"href":"https:\/\/hookahshop.lt\/et\/wp-json\/wp\/v2\/product\/26668\/revisions\/43548"}],"wp:featuredmedia":[{"embeddable":true,"href":"https:\/\/hookahshop.lt\/et\/wp-json\/wp\/v2\/media\/26669"}],"wp:attachment":[{"href":"https:\/\/hookahshop.lt\/et\/wp-json\/wp\/v2\/media?parent=26668"}],"curies":[{"name":"wp","href":"https:\/\/api.w.org\/{rel}","templated":true}]}}