{"id":26732,"date":"2021-08-17T11:18:58","date_gmt":"2021-08-17T08:18:58","guid":{"rendered":"https:\/\/hookahshop.lt\/?post_type=product&#038;p=26732"},"modified":"2026-04-06T23:28:46","modified_gmt":"2026-04-06T20:28:46","slug":"kaljanas-hekkpipe-deluxe-black","status":"publish","type":"product","link":"https:\/\/hookahshop.lt\/et\/toode\/vesipiip-hekkpipe-deluxe-black\/","title":{"rendered":"Vesipiip HEKKPIPE Deluxe must"},"content":{"rendered":"<h2>Vesipiip HEKKPIPE Deluxe must<\/h2>\n<p id=\"tw-target-text\" class=\"tw-data-text tw-text-large XcVN5d tw-ta\" dir=\"ltr\" data-placeholder=\"Vertimas\"><span class=\"Y2IQFc\" lang=\"lt\">Vesipiip Hekkpipe Deluxe on ainulaadne nahast ja naturaalsest tammest valmistatud vesipiip, mis teeb sellest eksklusiivse kaasaskantava vesipiibu. Hekkpipe Deluxe on Hekkpipe tootja k\u00f5rgeima kvaliteediga ja k\u00f5rgeima eksklusiivsusega toode. Seda elegantset vesipiipu iseloomustavad nii suurep\u00e4rane viimistletud meisterlikkus kui ka kvaliteetne tammepuidust \u00fcmbris ja elegantsed nahast elemendid, sealhulgas eemaldatav k\u00e4erihm. <span style=\"color: #202124;\"><span style=\"font-family: inherit;\"><span style=\"font-size: medium;\">Selle eksklusiivse vesipiibu valmistamiseks piisab \u00fchest 26 mm s\u00f6est.<\/span><\/span><\/span><\/span><\/p>\n<p class=\"tw-data-text tw-text-large XcVN5d tw-ta\" dir=\"ltr\" data-placeholder=\"Vertimas\"><strong>Omadused:<\/strong><br \/>\nKerge (1 kg, koos k\u00f5igi tarvikutega 1,5 kg) ja t\u00f5eliselt kompaktne.<br \/>\nSellel on \u00f5larihm, mis v\u00f5imaldab vesipiipu kandmise ajal nautida.<br \/>\nValmistamine v\u00f5tab poole v\u00e4hem kui keskmine vesipiip.<br \/>\n\u00dclimalt lihtne kasutada. Sellel on spetsiaalne sektsioon, mis eraldab s\u00f6e ja tubaka.<\/p>\n<p dir=\"ltr\" data-placeholder=\"Vertimas\">L\u00fchivideo selle toote kohta:\u00a0<a href=\"http:\/\/y2u.be\/HG8gzyYJqmU\" target=\"_blank\" rel=\"noopener\">http:\/\/y2u.be\/HG8gzyYJqmU<\/a><\/p>\n<p dir=\"ltr\" data-placeholder=\"Vertimas\">Kas teil on k\u00fcsimusi? v\u00f5ta meiega \u00fchendust\u00a0<a href=\"https:\/\/hookahshop.lt\/et\/kontaktid\/\">kontaktide leht<\/a>\u00a0v\u00f5i saatke meile e-kiri aadressil\u00a0<a href=\"https:\/\/facebook.com\/HookahShop.lt\/\" target=\"_blank\" rel=\"noopener noreferrer\">Facebooki konto<\/a>\u00a0ja vastame teie taotlusele samal p\u00e4eval.<\/p>\n<p>&nbsp;<\/p>\n<p>&nbsp;<\/p>","protected":false},"excerpt":{"rendered":"<p>Vesipiip HEKKPIPE Deluxe Must Vesipiip Hekkpipe Deluxe on ainulaadne nahast ja naturaalsest tammest valmistatud vesipiip, mis teeb sellest eksklusiivse kaasaskantava vesipiibu. Hekkpipe Deluxe on Hekkpipe tootja k\u00f5rgeima kvaliteediga ja k\u00f5rgeima eksklusiivsusega toode. Seda elegantset vesipiipu iseloomustavad nii suurep\u00e4rane viimistletud meisterlikkus kui ka kvaliteetne tammepuidust \u00fcmbris ja elegantsed nahast elemendid, sealhulgas eemaldatav k\u00e4erihm. Ettevalmistus [\u2026]<\/p>","protected":false},"featured_media":26733,"comment_status":"open","ping_status":"closed","template":"","meta":[],"_links":{"self":[{"href":"https:\/\/hookahshop.lt\/et\/wp-json\/wp\/v2\/product\/26732"}],"collection":[{"href":"https:\/\/hookahshop.lt\/et\/wp-json\/wp\/v2\/product"}],"about":[{"href":"https:\/\/hookahshop.lt\/et\/wp-json\/wp\/v2\/types\/product"}],"replies":[{"embeddable":true,"href":"https:\/\/hookahshop.lt\/et\/wp-json\/wp\/v2\/comments?post=26732"}],"version-history":[{"count":3,"href":"https:\/\/hookahshop.lt\/et\/wp-json\/wp\/v2\/product\/26732\/revisions"}],"predecessor-version":[{"id":27307,"href":"https:\/\/hookahshop.lt\/et\/wp-json\/wp\/v2\/product\/26732\/revisions\/27307"}],"wp:featuredmedia":[{"embeddable":true,"href":"https:\/\/hookahshop.lt\/et\/wp-json\/wp\/v2\/media\/26733"}],"wp:attachment":[{"href":"https:\/\/hookahshop.lt\/et\/wp-json\/wp\/v2\/media?parent=26732"}],"curies":[{"name":"wp","href":"https:\/\/api.w.org\/{rel}","templated":true}]}}