{"id":26769,"date":"2021-08-17T14:42:55","date_gmt":"2021-08-17T11:42:55","guid":{"rendered":"https:\/\/hookahshop.lt\/?post_type=product&#038;p=26769"},"modified":"2026-04-17T16:32:54","modified_gmt":"2026-04-17T13:32:54","slug":"kaljanas-amy-deluxe-066-02-silver-black","status":"publish","type":"product","link":"https:\/\/hookahshop.lt\/et\/toode\/vesipiip-amy-deluxe-066-02-silver-black\/","title":{"rendered":"Vesipiip AMY DELUXE 066.02 h\u00f5bedane must"},"content":{"rendered":"<h2>Vesipiip AMY DELUXE 066.02 h\u00f5bedane must<\/h2>\n<p>Amy Deluxi tooted on ammu v\u00f5itnud Euroopa ostjate s\u00fcdame. K\u00f5rge toote kvaliteet ja konkurentsiv\u00f5imeline hind. Disaini l\u00f5id eksperdid Saksamaalt ja see \u00fchendab praktilisuse ja kaasaegse ilme.<\/p>\n<p><strong>Komplekt sisaldab:<\/strong><br \/>\nVesipiip<br \/>\nKolb<br \/>\nHuulik<br \/>\nKarikas<br \/>\nVoolik (silikoon)<br \/>\nVoolikuhoidja<br \/>\nTangid<br \/>\nKorsten<\/p>\n<p><strong>Spetsifikatsioon:<\/strong><br \/>\nVesipiibu k\u00f5rgus ilma kolvita: umbes 50 cm<br \/>\nMaterjal: alumiinium<br \/>\n\u00dchenduse t\u00fc\u00fcp: kl\u00f5psake nuppu<br \/>\nV\u00e4rvus must<br \/>\nHajuti: jah<br \/>\nP\u00e4ritoluriik: Saksamaa<\/p>\n<p>Kas teil on k\u00fcsimusi? v\u00f5ta meiega \u00fchendust\u00a0<a href=\"https:\/\/hookahshop.lt\/et\/kontaktid\/\">kontaktide leht<\/a>\u00a0v\u00f5i saatke meile e-kiri aadressil\u00a0<a href=\"https:\/\/facebook.com\/HookahShop.lt\/\" target=\"_blank\" rel=\"noopener noreferrer\">Facebooki konto<\/a>\u00a0ja vastame teie taotlusele samal p\u00e4eval.<\/p>\n<p>&nbsp;<\/p>","protected":false},"excerpt":{"rendered":"<p>Vesipiip AMY DELUXE 066.02 Silver Black Amy Deluxe tooted on pikka aega v\u00f5itnud Euroopa ostjate s\u00fcdamed. K\u00f5rge tootekvaliteet ja konkurentsiv\u00f5imeline hind. Disaini l\u00f5id Saksamaalt p\u00e4rit eksperdid ja see \u00fchendab praktilisuse kaasaegse v\u00e4limusega. Komplekti kuulub: Vesipiibu kolvi huuliku tassi voolik (silikoon) voolikuhoidja tangid korsten Spetsifikatsioon: vesipiibu k\u00f5rgus ilma kolvita: umbes 50 cm Materjal: alumiinium \u00dchendus [\u2026]<\/p>","protected":false},"featured_media":26770,"comment_status":"open","ping_status":"closed","template":"","meta":[],"_links":{"self":[{"href":"https:\/\/hookahshop.lt\/et\/wp-json\/wp\/v2\/product\/26769"}],"collection":[{"href":"https:\/\/hookahshop.lt\/et\/wp-json\/wp\/v2\/product"}],"about":[{"href":"https:\/\/hookahshop.lt\/et\/wp-json\/wp\/v2\/types\/product"}],"replies":[{"embeddable":true,"href":"https:\/\/hookahshop.lt\/et\/wp-json\/wp\/v2\/comments?post=26769"}],"version-history":[{"count":3,"href":"https:\/\/hookahshop.lt\/et\/wp-json\/wp\/v2\/product\/26769\/revisions"}],"predecessor-version":[{"id":34562,"href":"https:\/\/hookahshop.lt\/et\/wp-json\/wp\/v2\/product\/26769\/revisions\/34562"}],"wp:featuredmedia":[{"embeddable":true,"href":"https:\/\/hookahshop.lt\/et\/wp-json\/wp\/v2\/media\/26770"}],"wp:attachment":[{"href":"https:\/\/hookahshop.lt\/et\/wp-json\/wp\/v2\/media?parent=26769"}],"curies":[{"name":"wp","href":"https:\/\/api.w.org\/{rel}","templated":true}]}}