{"id":26874,"date":"2021-08-20T17:48:55","date_gmt":"2021-08-20T14:48:55","guid":{"rendered":"https:\/\/hookahshop.lt\/?post_type=product&#038;p=26874"},"modified":"2026-04-19T23:29:15","modified_gmt":"2026-04-19T20:29:15","slug":"naturaliu-angliuku-uzkuriklis-ziryab","status":"publish","type":"product","link":"https:\/\/hookahshop.lt\/et\/toode\/looduslik-susinikusuutaja-ziryab\/","title":{"rendered":"Looduslik s\u00fcsinikus\u00fc\u00fctaja  ZIRYAB"},"content":{"rendered":"<h2>Looduslik s\u00fcsinikus\u00fc\u00fctaja  ZIRYAB<\/h2>\n<p>See aitab teil mugavalt soojendada vesipiibu s\u00fctt, mis on ohutum kui teised k\u00fctteseadmed ja \u00f6konoomne t\u00e4nu oma 600 W v\u00f5imsusele. Kompaktne ja lihtne transportida.<br \/>\nMahutavus kuni 5-6 s\u00fcsinikku suurusega kuni 26mm. S\u00fcsi kuumutatakse keskmiselt 10-12 minutit.<\/p>\n<p><strong>Spetsifikatsioonid:<\/strong><br \/>\nM\u00f5\u00f5dud: 20 \u00d7 10 \u00d7 15 cm<br \/>\nV\u00f5imsus: 600W<br \/>\nV\u00e4rvus must<\/p>\n<p>Kas teil on k\u00fcsimusi? v\u00f5ta meiega \u00fchendust\u00a0<a href=\"https:\/\/hookahshop.lt\/et\/kontaktid\/\">kontaktide leht<\/a>\u00a0v\u00f5i saatke meile e-kiri aadressil\u00a0<a href=\"https:\/\/facebook.com\/HookahShop.lt\/\" target=\"_blank\" rel=\"noopener noreferrer\">Facebooki konto<\/a>\u00a0ja vastame teie taotlusele samal p\u00e4eval.<\/p>","protected":false},"excerpt":{"rendered":"<p>Naturaalsest s\u00f6est s\u00fc\u00fcteseade ZIRYAB Aitab soojendada vesipiibu s\u00fctt mugavalt, ohutumalt kui teised k\u00fctteseadmed ja \u00f6konoomne t\u00e4nu oma 600W v\u00f5imsusele. Kompaktne ja lihtne transportida. Mahutavus kuni 5-6 s\u00fcsinikku suurusega kuni 26mm. S\u00fcsi kuumutatakse keskmiselt 10-12 minutit. Tehnilised andmed: M\u00f5\u00f5dud: 20 \u00d7 10 \u00d7 15 cm V\u00f5imsus: 600W V\u00e4rvus: Must Kas teil on k\u00fcsimusi? V\u00f5tke \u00fchendust [\u2026]<\/p>","protected":false},"featured_media":26990,"comment_status":"open","ping_status":"closed","template":"","meta":[],"_links":{"self":[{"href":"https:\/\/hookahshop.lt\/et\/wp-json\/wp\/v2\/product\/26874"}],"collection":[{"href":"https:\/\/hookahshop.lt\/et\/wp-json\/wp\/v2\/product"}],"about":[{"href":"https:\/\/hookahshop.lt\/et\/wp-json\/wp\/v2\/types\/product"}],"replies":[{"embeddable":true,"href":"https:\/\/hookahshop.lt\/et\/wp-json\/wp\/v2\/comments?post=26874"}],"version-history":[{"count":5,"href":"https:\/\/hookahshop.lt\/et\/wp-json\/wp\/v2\/product\/26874\/revisions"}],"predecessor-version":[{"id":32460,"href":"https:\/\/hookahshop.lt\/et\/wp-json\/wp\/v2\/product\/26874\/revisions\/32460"}],"wp:featuredmedia":[{"embeddable":true,"href":"https:\/\/hookahshop.lt\/et\/wp-json\/wp\/v2\/media\/26990"}],"wp:attachment":[{"href":"https:\/\/hookahshop.lt\/et\/wp-json\/wp\/v2\/media?parent=26874"}],"curies":[{"name":"wp","href":"https:\/\/api.w.org\/{rel}","templated":true}]}}