{"id":26971,"date":"2021-08-23T15:14:20","date_gmt":"2021-08-23T12:14:20","guid":{"rendered":"https:\/\/hookahshop.lt\/?post_type=product&#038;p=26971"},"modified":"2026-04-06T23:28:55","modified_gmt":"2026-04-06T20:28:55","slug":"kaljano-komplektas-hoob-mars","status":"publish","type":"product","link":"https:\/\/hookahshop.lt\/et\/toode\/vesipiibukomplektid-hoob-mars\/","title":{"rendered":"Vesipiibukomplekt HOOB MARS SILVER"},"content":{"rendered":"<p><strong>Vesipiibukomplekt HOOB MARS SILVER<\/strong><\/p>\n<p>Vesipiibu kujundati traditsioonilise vesipiibuna, mis on toodetud kaasaegsetel CNC-masinatel.<br \/>\nHoob Hookah Marsi disain on kombinatsioon traditsioonilistest \u00fcmaratest kujunditest ja k\u00f5rgeima t\u00e4psusega kaasaegsetest 3D-joonistustehnikatest. Vesipiibud \u00fchendavad klassikaliste vesipiipude parimad omadused k\u00f5rgtehnoloogilise tootmise eelistega.<br \/>\nSee suitseb nagu traditsiooniline vesipiip, kuid samal ajal n\u00e4itab Hoob Hookah Mars, kuidas tehnoloogia saab kohandada difuusori ja magnetvooliku\u00fchendusi, et pakkuda vesipiibule uut naudingut ja mugavust. Suurep\u00e4rane \u00f5huvoolu ja suitsu eemaldamise s\u00fcsteem.<br \/>\nEi mingeid kahjulikke katteid ega materjale, mis v\u00f5iksid teid kahjustada. Hoolime teie tervisest ja keskkonnast, seet\u00f5ttu kasutame ainult puhtaid materjale ja ei kasuta v\u00e4rvi.<\/p>\n<p>S\u00fcsinikviimistlus<br \/>\nValikuliselt reguleeritav \u00f5huvool<br \/>\nMagnetvooliku pistik<br \/>\nMugav ja lihtne kasutada<\/p>\n<p><strong>Varustus:<\/strong><br \/>\nV\u00f5ll -1 tk.<br \/>\nVesipiibu plaat - 1 tk.<br \/>\nHuulik - 1 tk.<br \/>\nSilikoonvoolik - 1 tk.<br \/>\nTihendid - 2 tk.<br \/>\nKolb - 1 tk.<br \/>\nTangid - 1 tk.<br \/>\nKuumutuskamber - 1 tk.<br \/>\nKarikas - 1tk.<br \/>\nKivis\u00fcsi 1kg - 1tk.<br \/>\nPliit - 1tk.<\/p>\n<p>Komplekt v\u00f5ib erineda konksu konksust ja kolbist fotol n\u00e4idatust.<\/p>\n<p>Kas teil on k\u00fcsimusi? v\u00f5ta meiega \u00fchendust\u00a0<a href=\"https:\/\/hookahshop.lt\/et\/kontaktid\/\">kontaktide leht<\/a>\u00a0v\u00f5i saatke meile e-kiri aadressil\u00a0<a href=\"https:\/\/facebook.com\/HookahShop.lt\/\" target=\"_blank\" rel=\"noopener noreferrer\">Facebooki konto<\/a>\u00a0ja vastame teie taotlusele samal p\u00e4eval.<\/p>","protected":false},"excerpt":{"rendered":"<p>HOOBAN KIT HOOB MARS SILVER Vesipiip on disainitud traditsioonilise vesipiibuna, mis on toodetud kaasaegsetel CNC masinatel. Hoob Hookah Marsi disain on kombinatsioon traditsioonilistest \u00fcmaratest kujunditest ja k\u00f5rgeima t\u00e4psusega kaasaegsetest 3D-joonistustehnikatest. Vesipiibud \u00fchendavad klassikaliste vesipiipude parimad omadused k\u00f5rgtehnoloogilise tootmise eelistega. Ta suitsetas nagu traditsiooniline vesipiip, kuid samal ajal Hoob Hookah [\u2026]<\/p>","protected":false},"featured_media":26993,"comment_status":"open","ping_status":"closed","template":"","meta":[],"_links":{"self":[{"href":"https:\/\/hookahshop.lt\/et\/wp-json\/wp\/v2\/product\/26971"}],"collection":[{"href":"https:\/\/hookahshop.lt\/et\/wp-json\/wp\/v2\/product"}],"about":[{"href":"https:\/\/hookahshop.lt\/et\/wp-json\/wp\/v2\/types\/product"}],"replies":[{"embeddable":true,"href":"https:\/\/hookahshop.lt\/et\/wp-json\/wp\/v2\/comments?post=26971"}],"version-history":[{"count":3,"href":"https:\/\/hookahshop.lt\/et\/wp-json\/wp\/v2\/product\/26971\/revisions"}],"predecessor-version":[{"id":26992,"href":"https:\/\/hookahshop.lt\/et\/wp-json\/wp\/v2\/product\/26971\/revisions\/26992"}],"wp:featuredmedia":[{"embeddable":true,"href":"https:\/\/hookahshop.lt\/et\/wp-json\/wp\/v2\/media\/26993"}],"wp:attachment":[{"href":"https:\/\/hookahshop.lt\/et\/wp-json\/wp\/v2\/media?parent=26971"}],"curies":[{"name":"wp","href":"https:\/\/api.w.org\/{rel}","templated":true}]}}