{"id":26995,"date":"2021-08-23T15:38:05","date_gmt":"2021-08-23T12:38:05","guid":{"rendered":"https:\/\/hookahshop.lt\/?post_type=product&#038;p=26995"},"modified":"2026-04-14T23:28:57","modified_gmt":"2026-04-14T20:28:57","slug":"kaljano-anglies-laikiklis-small","status":"publish","type":"product","link":"https:\/\/hookahshop.lt\/et\/toode\/vesipiibu-susinikuhoidja-small\/","title":{"rendered":"Vesipiibu s\u00fcsinikuhoidja V\u00e4ike"},"content":{"rendered":"<h2>Vesipiibu s\u00fcsinikuhoidja V\u00e4ike<\/h2>\n<p>See vesipiibu s\u00fcsinikuhoidik on loodud s\u00f6e ohutuks hoidmiseks \u00fches kohas.<\/p>\n<p>K\u00f5rgus: 35 cm<br \/>\nKausi l\u00e4bim\u00f5\u00f5t: 15 cm<\/p>\n<p>Kas teil on k\u00fcsimusi? v\u00f5ta meiega \u00fchendust\u00a0<a href=\"https:\/\/hookahshop.lt\/et\/kontaktid\/\">kontaktide leht<\/a>\u00a0v\u00f5i saatke meile e-kiri aadressil\u00a0<a href=\"https:\/\/facebook.com\/HookahShop.lt\/\" target=\"_blank\" rel=\"noopener noreferrer\">Facebooki konto<\/a>\u00a0ja vastame teie taotlusele samal p\u00e4eval.<\/p>","protected":false},"excerpt":{"rendered":"<p>Vesipiibu s\u00fcsinikuhoidik V\u00e4ike vesipiibu s\u00fcsinikuhoidik on loodud s\u00f6e turvaliseks hoidmiseks \u00fches kohas. K\u00f5rgus: 35cm Kausi l\u00e4bim\u00f5\u00f5t: 15cm Kas on k\u00fcsimusi? V\u00f5tke meiega \u00fchendust kontaktide lehel v\u00f5i kirjutage meile oma Facebooki kontol ja vastame teie p\u00e4ringule samal p\u00e4eval.<\/p>","protected":false},"featured_media":26997,"comment_status":"open","ping_status":"closed","template":"","meta":[],"_links":{"self":[{"href":"https:\/\/hookahshop.lt\/et\/wp-json\/wp\/v2\/product\/26995"}],"collection":[{"href":"https:\/\/hookahshop.lt\/et\/wp-json\/wp\/v2\/product"}],"about":[{"href":"https:\/\/hookahshop.lt\/et\/wp-json\/wp\/v2\/types\/product"}],"replies":[{"embeddable":true,"href":"https:\/\/hookahshop.lt\/et\/wp-json\/wp\/v2\/comments?post=26995"}],"version-history":[{"count":6,"href":"https:\/\/hookahshop.lt\/et\/wp-json\/wp\/v2\/product\/26995\/revisions"}],"predecessor-version":[{"id":43290,"href":"https:\/\/hookahshop.lt\/et\/wp-json\/wp\/v2\/product\/26995\/revisions\/43290"}],"wp:featuredmedia":[{"embeddable":true,"href":"https:\/\/hookahshop.lt\/et\/wp-json\/wp\/v2\/media\/26997"}],"wp:attachment":[{"href":"https:\/\/hookahshop.lt\/et\/wp-json\/wp\/v2\/media?parent=26995"}],"curies":[{"name":"wp","href":"https:\/\/api.w.org\/{rel}","templated":true}]}}