{"id":27080,"date":"2021-08-27T15:14:33","date_gmt":"2021-08-27T12:14:33","guid":{"rendered":"https:\/\/hookahshop.lt\/?post_type=product&#038;p=27080"},"modified":"2026-04-20T23:28:50","modified_gmt":"2026-04-20T20:28:50","slug":"kaljanas-aladin-mvp460-m1-rainbow","status":"publish","type":"product","link":"https:\/\/hookahshop.lt\/et\/toode\/vesipiip-aladin-mvp460-m1-rainbow\/","title":{"rendered":"Vesipiip ALADIN MVP460 M1 Rainbow"},"content":{"rendered":"<h2>Vesipiip ALADIN MVP460 M1 Rainbow<\/h2>\n<p>See vesipiip j\u00e4tab oma kvaliteetsete materjalidega h\u00e4mmastavaid muljeid. Kvaliteetne t\u00f6\u00f6 ja individuaalne disain ei j\u00e4ta teid \u00fcksk\u00f5ikseks.<br \/>\nT\u00e4nu oma kompaktsele suurusele on see ideaalne reisikaaslane neile, kes soovivad kvaliteetset toodet liikvel olla.<\/p>\n<p>Materjal: roostevaba teras<\/p>\n<p><strong>Standardkomplekt sisaldab:<\/strong><br \/>\ntangid, &quot;pehme&quot; silikoonvoolik otsikutega, tass, &quot;p\u00f5leti tassi jaoks&quot;.<\/p>\n<p>Kas teil on k\u00fcsimusi? v\u00f5ta meiega \u00fchendust <a href=\"https:\/\/hookahshop.lt\/et\/kontaktid\/\">kontaktide leht<\/a> v\u00f5i saatke meile e-kiri aadressil <a href=\"https:\/\/facebook.com\/HookahShop.lt\/\" target=\"_blank\" rel=\"noopener noreferrer\">Facebooki konto<\/a> ja vastame teie taotlusele samal p\u00e4eval.<\/p>\n<p>&nbsp;<\/p>","protected":false},"excerpt":{"rendered":"<p>Vesipiip ALADIN MVP460 M1 Rainbow See vesipiip j\u00e4tab oma kvaliteetsete materjalidega imelised muljed. Kvaliteetne t\u00f6\u00f6 ja individuaalne disain ei j\u00e4ta teid \u00fcksk\u00f5ikseks. T\u00e4nu oma kompaktsele suurusele on see ideaalne reisikaaslane neile, kes soovivad liikvel olles kvaliteetset toodet. Materjal: roostevaba teras Standardkomplekti kuuluvad: tangid, &quot;pehme&quot; silikoonvoolik otsikutega, tass, &quot;p\u00f5leti tassi jaoks&quot;. Kas teil on k\u00fcsimusi? V\u00f5ta meiega \u00fchendust [\u2026]<\/p>","protected":false},"featured_media":27151,"comment_status":"open","ping_status":"closed","template":"","meta":[],"_links":{"self":[{"href":"https:\/\/hookahshop.lt\/et\/wp-json\/wp\/v2\/product\/27080"}],"collection":[{"href":"https:\/\/hookahshop.lt\/et\/wp-json\/wp\/v2\/product"}],"about":[{"href":"https:\/\/hookahshop.lt\/et\/wp-json\/wp\/v2\/types\/product"}],"replies":[{"embeddable":true,"href":"https:\/\/hookahshop.lt\/et\/wp-json\/wp\/v2\/comments?post=27080"}],"version-history":[{"count":5,"href":"https:\/\/hookahshop.lt\/et\/wp-json\/wp\/v2\/product\/27080\/revisions"}],"predecessor-version":[{"id":30196,"href":"https:\/\/hookahshop.lt\/et\/wp-json\/wp\/v2\/product\/27080\/revisions\/30196"}],"wp:featuredmedia":[{"embeddable":true,"href":"https:\/\/hookahshop.lt\/et\/wp-json\/wp\/v2\/media\/27151"}],"wp:attachment":[{"href":"https:\/\/hookahshop.lt\/et\/wp-json\/wp\/v2\/media?parent=27080"}],"curies":[{"name":"wp","href":"https:\/\/api.w.org\/{rel}","templated":true}]}}