{"id":27093,"date":"2021-08-27T15:31:21","date_gmt":"2021-08-27T12:31:21","guid":{"rendered":"https:\/\/hookahshop.lt\/?post_type=product&#038;p=27093"},"modified":"2026-04-06T23:28:42","modified_gmt":"2026-04-06T20:28:42","slug":"kaljanas-aladin-mvp550-black","status":"publish","type":"product","link":"https:\/\/hookahshop.lt\/et\/toode\/vesipiip-aladin-mvp550-black\/","title":{"rendered":"Vesipiip ALADIN MVP550 Must"},"content":{"rendered":"<h2>Vesipiip ALADIN MVP550 Must<\/h2>\n<p id=\"tw-target-text\" class=\"tw-data-text tw-text-large XcVN5d tw-ta\" dir=\"ltr\" data-placeholder=\"Vertimas\"><span class=\"Y2IQFc\" lang=\"lt\"> Vesipiip j\u00e4tab oma kvaliteetsete materjalidega h\u00e4mmastavad muljed. Kvaliteetne t\u00f6\u00f6 ja individuaalne disain ei j\u00e4ta teid \u00fcksk\u00f5ikseks. Vesipiibu unikaalsus seisneb selles, et sellega on v\u00f5imalik \u00fchendada rohkem kui \u00fcks voolik.<br \/>\nT\u00e4nu piisavalt suurele suurusele ja elegantsele eksklusiivsele disainile p\u00fc\u00fcab see vesipiip paljude pilke. Rikkalik vesipiibude komplekt ei j\u00e4ta teid \u00fcksk\u00f5ikseks.<\/span><\/p>\n<p><strong>Spetsifikatsioon:<\/strong><\/p>\n<p>V\u00f5imalus \u00fchendada 2 voolikut<br \/>\nMaterjal: anodeeritud roostevaba teras<br \/>\nKolb: keermestatud<br \/>\nDifusioon: jah (reguleeritav)<br \/>\nK\u00f5rgus: 55 cm<br \/>\nKaal: 3,8 kg<br \/>\ntoodetud Hiinas<\/p>\n<p><strong>Standardkomplekt sisaldab:<\/strong><br \/>\ntangid, pehme silikoonist voolik koos d\u00fc\u00fcsidega, tass, korsten tassile.<\/p>\n<p><img decoding=\"async\" loading=\"lazy\" class=\"alignnone size-medium wp-image-38491\" src=\"https:\/\/hookahshop.lt\/wp-content\/uploads\/2021\/02\/aladinu-komplektacija-300x273.jpg\" alt=\"- hookahshop.lt\" width=\"300\" height=\"273\" srcset=\"https:\/\/hookahshop.lt\/wp-content\/uploads\/2021\/02\/aladinu-komplektacija-300x273.jpg 300w, https:\/\/hookahshop.lt\/wp-content\/uploads\/2021\/02\/aladinu-komplektacija-13x12.jpg 13w, https:\/\/hookahshop.lt\/wp-content\/uploads\/2021\/02\/aladinu-komplektacija-64x58.jpg 64w, https:\/\/hookahshop.lt\/wp-content\/uploads\/2021\/02\/aladinu-komplektacija.jpg 420w\" sizes=\"(max-width: 300px) 100vw, 300px\" title=\"\"><\/p>\n<p>Kas teil on k\u00fcsimusi? v\u00f5ta meiega \u00fchendust\u00a0<a href=\"https:\/\/hookahshop.lt\/et\/kontaktid\/\">kontaktide leht<\/a>\u00a0v\u00f5i saatke meile e-kiri aadressil\u00a0<a href=\"https:\/\/facebook.com\/HookahShop.lt\/\" target=\"_blank\" rel=\"noopener noreferrer\">Facebooki konto<\/a>\u00a0ja vastame teie taotlusele samal p\u00e4eval.<\/p>\n<p>&nbsp;<\/p>","protected":false},"excerpt":{"rendered":"<p>Vesipiip ALADIN MVP550 Must Vesipiip j\u00e4tab oma kvaliteetsete materjalidega h\u00e4mmastava mulje. Kvaliteetne t\u00f6\u00f6 ja individuaalne disain ei j\u00e4ta teid \u00fcksk\u00f5ikseks. Vesipiibu unikaalsus seisneb selles, et sellega on v\u00f5imalik \u00fchendada rohkem kui \u00fcks voolik. T\u00e4nu piisavalt suurele suurusele ja elegantsele eksklusiivsele disainile p\u00fc\u00fcab see vesipiip paljusid pilke. Rikkalik vesipiibude komplekt ei j\u00e4ta teid \u00fcksk\u00f5ikseks. Spetsifikatsioon: \u00fchendatavad 2 voolikut Materjal: anodeeritud roostevaba teras Kolb: [\u2026]<\/p>","protected":false},"featured_media":27144,"comment_status":"open","ping_status":"closed","template":"","meta":[],"_links":{"self":[{"href":"https:\/\/hookahshop.lt\/et\/wp-json\/wp\/v2\/product\/27093"}],"collection":[{"href":"https:\/\/hookahshop.lt\/et\/wp-json\/wp\/v2\/product"}],"about":[{"href":"https:\/\/hookahshop.lt\/et\/wp-json\/wp\/v2\/types\/product"}],"replies":[{"embeddable":true,"href":"https:\/\/hookahshop.lt\/et\/wp-json\/wp\/v2\/comments?post=27093"}],"version-history":[{"count":6,"href":"https:\/\/hookahshop.lt\/et\/wp-json\/wp\/v2\/product\/27093\/revisions"}],"predecessor-version":[{"id":45423,"href":"https:\/\/hookahshop.lt\/et\/wp-json\/wp\/v2\/product\/27093\/revisions\/45423"}],"wp:featuredmedia":[{"embeddable":true,"href":"https:\/\/hookahshop.lt\/et\/wp-json\/wp\/v2\/media\/27144"}],"wp:attachment":[{"href":"https:\/\/hookahshop.lt\/et\/wp-json\/wp\/v2\/media?parent=27093"}],"curies":[{"name":"wp","href":"https:\/\/api.w.org\/{rel}","templated":true}]}}