{"id":27108,"date":"2021-08-27T15:58:07","date_gmt":"2021-08-27T12:58:07","guid":{"rendered":"https:\/\/hookahshop.lt\/?post_type=product&#038;p=27108"},"modified":"2026-04-16T23:28:46","modified_gmt":"2026-04-16T20:28:46","slug":"kaljanas-aladin-2-go-stainless-steel","status":"publish","type":"product","link":"https:\/\/hookahshop.lt\/et\/toode\/vesipiip-aladin-2-go-roostevabast-terasest\/","title":{"rendered":"Vesipiip ALADIN 2 Go roostevaba teras"},"content":{"rendered":"<h2>Vesipiip ALADIN 2 Go roostevaba teras<\/h2>\n<p id=\"tw-target-text\" class=\"tw-data-text tw-text-large XcVN5d tw-ta\" dir=\"ltr\" data-placeholder=\"Vertimas\"><span class=\"Y2IQFc\" lang=\"lt\">Vesipiip &quot;Aladin 2 Go&quot; on suurep\u00e4rane kompaktse suurusega vesipiip, mis on valmistatud k\u00f5rgklassi roostevabast terasest. Vesipiibu v\u00e4ike suurus tagab rohkem liikuvust ja mugavust. Vesipiibu kolb on valmistatud eriti paksust klaasist ja sellel on eksklusiivne disain, mis annab sellele v\u00e4ikesele vesipiibule veelgi unikaalsust. Vesipiip sobib ideaalselt kompaktses kotis transportimiseks.<\/span><\/p>\n<p><strong>Omadused:<\/strong><br \/>\nK\u00f5rgus: 23 cm<br \/>\nKolb: karastatud klaas<br \/>\nVesipiibu korpus: roostevaba teras<\/p>\n<p><strong>Varustus:<\/strong><br \/>\nRoostevabast terasest vesipiip<br \/>\nKott vesipiibu jaoks<\/p>\n<p><strong>Huulik ja voolik ei kuulu komplekti.<\/strong><\/p>\n<p><img decoding=\"async\" loading=\"lazy\" class=\"alignnone size-medium wp-image-38512\" src=\"https:\/\/hookahshop.lt\/wp-content\/uploads\/2022\/06\/mazu-aladinu-komplektacija-1-300x273.jpg\" alt=\"- hookahshop.lt\" width=\"300\" height=\"273\" srcset=\"https:\/\/hookahshop.lt\/wp-content\/uploads\/2022\/06\/mazu-aladinu-komplektacija-1-300x273.jpg 300w, https:\/\/hookahshop.lt\/wp-content\/uploads\/2022\/06\/mazu-aladinu-komplektacija-1-13x12.jpg 13w, https:\/\/hookahshop.lt\/wp-content\/uploads\/2022\/06\/mazu-aladinu-komplektacija-1-64x58.jpg 64w, https:\/\/hookahshop.lt\/wp-content\/uploads\/2022\/06\/mazu-aladinu-komplektacija-1.jpg 420w\" sizes=\"(max-width: 300px) 100vw, 300px\" title=\"\"><\/p>\n<p dir=\"ltr\" data-placeholder=\"Vertimas\">Kas teil on k\u00fcsimusi? v\u00f5ta meiega \u00fchendust <a href=\"https:\/\/hookahshop.lt\/et\/kontaktid\/\">kontaktide leht<\/a> v\u00f5i saatke meile e-kiri aadressil <a href=\"https:\/\/facebook.com\/HookahShop.lt\/\" target=\"_blank\" rel=\"noopener noreferrer\">Facebooki konto<\/a> ja vastame teie taotlusele samal p\u00e4eval.<\/p>\n<p>&nbsp;<\/p>","protected":false},"excerpt":{"rendered":"<p>Vesipiip ALADIN 2 Go roostevabast terasest Vesipiip &quot;Aladin 2 Go&quot; on suurep\u00e4rane kompaktse suurusega vesipiip, mis on valmistatud k\u00f5rgklassi roostevabast terasest. Vesipiibu v\u00e4ike suurus tagab suurema liikuvuse ja mugavuse. Vesipiibu kolb on valmistatud eriti paksust klaasist ja sellel on eksklusiivne disain, mis annab sellele v\u00e4ikesele vesipiibule veelgi unikaalsust. Vesipiip sobib suurep\u00e4raselt transportimiseks kompaktses [\u2026]<\/p>","protected":false},"featured_media":27137,"comment_status":"open","ping_status":"closed","template":"","meta":[],"_links":{"self":[{"href":"https:\/\/hookahshop.lt\/et\/wp-json\/wp\/v2\/product\/27108"}],"collection":[{"href":"https:\/\/hookahshop.lt\/et\/wp-json\/wp\/v2\/product"}],"about":[{"href":"https:\/\/hookahshop.lt\/et\/wp-json\/wp\/v2\/types\/product"}],"replies":[{"embeddable":true,"href":"https:\/\/hookahshop.lt\/et\/wp-json\/wp\/v2\/comments?post=27108"}],"version-history":[{"count":9,"href":"https:\/\/hookahshop.lt\/et\/wp-json\/wp\/v2\/product\/27108\/revisions"}],"predecessor-version":[{"id":30823,"href":"https:\/\/hookahshop.lt\/et\/wp-json\/wp\/v2\/product\/27108\/revisions\/30823"}],"wp:featuredmedia":[{"embeddable":true,"href":"https:\/\/hookahshop.lt\/et\/wp-json\/wp\/v2\/media\/27137"}],"wp:attachment":[{"href":"https:\/\/hookahshop.lt\/et\/wp-json\/wp\/v2\/media?parent=27108"}],"curies":[{"name":"wp","href":"https:\/\/api.w.org\/{rel}","templated":true}]}}