{"id":27130,"date":"2021-08-27T17:07:49","date_gmt":"2021-08-27T14:07:49","guid":{"rendered":"https:\/\/hookahshop.lt\/?post_type=product&#038;p=27130"},"modified":"2026-04-14T23:29:04","modified_gmt":"2026-04-14T20:29:04","slug":"karscio-kamera-zeppelin-in-da-clouds-blue","status":"publish","type":"product","link":"https:\/\/hookahshop.lt\/et\/toode\/soojuskamber-zeppelin-in-da-clouds-blue\/","title":{"rendered":"Soojuskaamera ZEPPELIN In Da Clouds Blue"},"content":{"rendered":"<h2>Soojuskaamera ZEPPELIN In Da Clouds Blue<\/h2>\n<p>Uus soojuskambrite turul Zeppelini soojuskambrit toodab Zidclouds Russia.<br \/>\nSee alumiiniumi ja titaaniga kaetud Zeppelini kuumakaamera pole mitte ainult ohutu ja lihtne kasutada, vaid ka suurep\u00e4rane kunstiteos, millega saate oma lemmiktopsi kaunistada.<\/p>\n<p>Kolm kivis\u00fctt mahuvad sellesse soojuskambrisse kergesti \u00e4ra ja v\u00f5imaldavad hoida soovitud ja stabiilset temperatuuri.<\/p>\n<p>Kas teil on k\u00fcsimusi? v\u00f5ta meiega \u00fchendust\u00a0<a href=\"https:\/\/hookahshop.lt\/et\/kontaktid\/\">kontaktide leht<\/a>\u00a0v\u00f5i saatke meile e-kiri aadressil\u00a0<a href=\"https:\/\/facebook.com\/HookahShop.lt\/\" target=\"_blank\" rel=\"noopener\">Facebooki konto<\/a>\u00a0ja vastame teie taotlusele samal p\u00e4eval.<\/p>","protected":false},"excerpt":{"rendered":"<p>Soojuskamber ZEPPELIN In Da Clouds Blue Uus soojuskambrite turul Zeppelini soojuskambrit toodab Zidclouds Russia. See alumiiniumi ja titaaniga kaetud Zeppelini kuumakaamera pole mitte ainult ohutu ja lihtne kasutada, vaid ka suurep\u00e4rane kunstiteos, millega saate oma lemmiktopsi kaunistada. Kolm s\u00fctt mahuvad sellesse soojuskambrisse kergesti \u00e4ra ja v\u00f5imaldavad [\u2026]<\/p>","protected":false},"featured_media":27131,"comment_status":"open","ping_status":"closed","template":"","meta":[],"_links":{"self":[{"href":"https:\/\/hookahshop.lt\/et\/wp-json\/wp\/v2\/product\/27130"}],"collection":[{"href":"https:\/\/hookahshop.lt\/et\/wp-json\/wp\/v2\/product"}],"about":[{"href":"https:\/\/hookahshop.lt\/et\/wp-json\/wp\/v2\/types\/product"}],"replies":[{"embeddable":true,"href":"https:\/\/hookahshop.lt\/et\/wp-json\/wp\/v2\/comments?post=27130"}],"version-history":[{"count":3,"href":"https:\/\/hookahshop.lt\/et\/wp-json\/wp\/v2\/product\/27130\/revisions"}],"predecessor-version":[{"id":42057,"href":"https:\/\/hookahshop.lt\/et\/wp-json\/wp\/v2\/product\/27130\/revisions\/42057"}],"wp:featuredmedia":[{"embeddable":true,"href":"https:\/\/hookahshop.lt\/et\/wp-json\/wp\/v2\/media\/27131"}],"wp:attachment":[{"href":"https:\/\/hookahshop.lt\/et\/wp-json\/wp\/v2\/media?parent=27130"}],"curies":[{"name":"wp","href":"https:\/\/api.w.org\/{rel}","templated":true}]}}