{"id":27142,"date":"2021-08-27T18:14:49","date_gmt":"2021-08-27T15:14:49","guid":{"rendered":"https:\/\/hookahshop.lt\/?post_type=product&#038;p=27142"},"modified":"2026-04-21T23:29:11","modified_gmt":"2026-04-21T20:29:11","slug":"difuzorius-kaljanui-amy-deluxe","status":"publish","type":"product","link":"https:\/\/hookahshop.lt\/et\/toode\/difuusor-vesippiibu-amy-deluxe\/","title":{"rendered":"Difuusor vesipiibu AMY DELUXE"},"content":{"rendered":"<h2>Difuusor vesipiibu AMY DELUXE<\/h2>\n<p>Toiming sarnaneb filtriga, kuna see lagundab kolvis t\u00f5usvad \u00f5humullid. Sel viisil jahutatakse kolvis olev suits. Samuti summutab see veidi vesipiibu mullitamise heli vaiksemates keskkondades nt. filmi vaatamine v\u00f5i teistega suhtlemine.<\/p>\n<p><strong>Kasutamine:<\/strong><br \/>\nHajuti on paigaldatud vesipiibu konksu (varre) otsa.<\/p>\n<p><strong>Spetsifikatsioonid:<\/strong><br \/>\nMaterjal: roostevaba teras silikoontihendiga<br \/>\nK\u00f5rgus: 3,5 cm<br \/>\nLaius: 2,5 cm<\/p>\n<p><strong>Enne tellimist k\u00fcsige, kas see sobib teie vesipiibuga.<\/strong><\/p>\n<p>Kas teil on k\u00fcsimusi? v\u00f5ta meiega \u00fchendust\u00a0<a href=\"https:\/\/hookahshop.lt\/et\/kontaktid\/\">kontaktide leht<\/a>\u00a0v\u00f5i saatke meile e-kiri aadressil\u00a0<a href=\"https:\/\/facebook.com\/HookahShop.lt\/\" target=\"_blank\" rel=\"noopener noreferrer\">Facebooki konto<\/a>\u00a0ja vastame teie taotlusele samal p\u00e4eval.<\/p>","protected":false},"excerpt":{"rendered":"<p>Vesipiibu difuusor AMY DELUXE Toiming sarnaneb filtriga, kuna see lagundab kolvis t\u00f5usvad \u00f5humullid. Sel viisil jahutatakse kolvis olev suits. Samuti vaigistab veidi vesipiibu mullitamise heli vaiksema keskkonna jaoks nt. filmi vaatamine v\u00f5i teistega suhtlemine. Kasutamine: Hajuti paigaldatakse konksu (v\u00f5lli) otsa. Tehnilised andmed: Materjal: roostevaba teras silikoontihendiga K\u00f5rgus: 3,5 [\u2026]<\/p>","protected":false},"featured_media":27139,"comment_status":"open","ping_status":"closed","template":"","meta":[],"_links":{"self":[{"href":"https:\/\/hookahshop.lt\/et\/wp-json\/wp\/v2\/product\/27142"}],"collection":[{"href":"https:\/\/hookahshop.lt\/et\/wp-json\/wp\/v2\/product"}],"about":[{"href":"https:\/\/hookahshop.lt\/et\/wp-json\/wp\/v2\/types\/product"}],"replies":[{"embeddable":true,"href":"https:\/\/hookahshop.lt\/et\/wp-json\/wp\/v2\/comments?post=27142"}],"version-history":[{"count":5,"href":"https:\/\/hookahshop.lt\/et\/wp-json\/wp\/v2\/product\/27142\/revisions"}],"predecessor-version":[{"id":33892,"href":"https:\/\/hookahshop.lt\/et\/wp-json\/wp\/v2\/product\/27142\/revisions\/33892"}],"wp:featuredmedia":[{"embeddable":true,"href":"https:\/\/hookahshop.lt\/et\/wp-json\/wp\/v2\/media\/27139"}],"wp:attachment":[{"href":"https:\/\/hookahshop.lt\/et\/wp-json\/wp\/v2\/media?parent=27142"}],"curies":[{"name":"wp","href":"https:\/\/api.w.org\/{rel}","templated":true}]}}