{"id":27266,"date":"2021-09-02T00:03:25","date_gmt":"2021-09-01T21:03:25","guid":{"rendered":"https:\/\/hookahshop.lt\/?post_type=product&#038;p=27266"},"modified":"2026-04-18T23:28:56","modified_gmt":"2026-04-18T20:28:56","slug":"kolba-kaljanui-daly-black-red","status":"publish","type":"product","link":"https:\/\/hookahshop.lt\/et\/toode\/kolb-vesipiibu-daly-black-red\/","title":{"rendered":"Kolb vesipiibule DALY Black Red"},"content":{"rendered":"<h2>Kolb vesipiibule DALY Black Red<\/h2>\n<p>See kolb on valmistatud kvaliteetsest paksust klaasist. Kolvi p\u00f5hi on valmistatud mustast klaasist, mis muutub punaseks.<\/p>\n<p><strong>Spetsifikatsioonid:<\/strong><br \/>\nK\u00f5rgus: 243 mm<br \/>\nKaal: ~ 1775 g<br \/>\nV\u00e4lise augu l\u00e4bim\u00f5\u00f5t: 70 mm<br \/>\nSisemine augu l\u00e4bim\u00f5\u00f5t: 48 mm<br \/>\nToote materjal: klaas<\/p>\n<p>Kas teil on k\u00fcsimusi? v\u00f5ta meiega \u00fchendust\u00a0<a href=\"https:\/\/hookahshop.lt\/et\/kontaktid\/\">kontaktide leht<\/a>\u00a0v\u00f5i saatke meile e-kiri aadressil\u00a0<a href=\"https:\/\/facebook.com\/HookahShop.lt\/\" target=\"_blank\" rel=\"noopener noreferrer\">Facebooki konto<\/a>\u00a0ja vastame teie taotlusele samal p\u00e4eval.<\/p>\n<p>&nbsp;<\/p>","protected":false},"excerpt":{"rendered":"<p>Kolba kaljanui DALY Black Red \u0160i kolba pagaminta i\u0161 auk\u0161tos kokyb\u0117s storo stiklo. Kolbos pagrindas pagamintas i\u0161 juodo stiklo, kuris pereina \u012f raudon\u0105 spalv\u0105. Specifikacijos: Auk\u0161tis: 243 mm Svoris: ~ 1775 g I\u0161orin\u0117s skyl\u0117s skersmuo: 70 mm Vidin\u0117s skyl\u0117s skersmuo: 48 mm Produkto med\u017eiaga: stiklas Turite klausim\u0173? Susisiekite su mumis\u00a0kontakt\u0173 puslapyje\u00a0arba para\u0161ykite mums \u012f\u00a0Facebook paskyr\u0105\u00a0ir [&hellip;]<\/p>","protected":false},"featured_media":27267,"comment_status":"open","ping_status":"closed","template":"","meta":[],"_links":{"self":[{"href":"https:\/\/hookahshop.lt\/et\/wp-json\/wp\/v2\/product\/27266"}],"collection":[{"href":"https:\/\/hookahshop.lt\/et\/wp-json\/wp\/v2\/product"}],"about":[{"href":"https:\/\/hookahshop.lt\/et\/wp-json\/wp\/v2\/types\/product"}],"replies":[{"embeddable":true,"href":"https:\/\/hookahshop.lt\/et\/wp-json\/wp\/v2\/comments?post=27266"}],"version-history":[{"count":5,"href":"https:\/\/hookahshop.lt\/et\/wp-json\/wp\/v2\/product\/27266\/revisions"}],"predecessor-version":[{"id":45020,"href":"https:\/\/hookahshop.lt\/et\/wp-json\/wp\/v2\/product\/27266\/revisions\/45020"}],"wp:featuredmedia":[{"embeddable":true,"href":"https:\/\/hookahshop.lt\/et\/wp-json\/wp\/v2\/media\/27267"}],"wp:attachment":[{"href":"https:\/\/hookahshop.lt\/et\/wp-json\/wp\/v2\/media?parent=27266"}],"curies":[{"name":"wp","href":"https:\/\/api.w.org\/{rel}","templated":true}]}}