{"id":27850,"date":"2021-09-28T20:37:14","date_gmt":"2021-09-28T17:37:14","guid":{"rendered":"https:\/\/hookahshop.lt\/?post_type=product&#038;p=27850"},"modified":"2026-04-15T23:29:17","modified_gmt":"2026-04-15T20:29:17","slug":"valymo-priemone-kaljanui-nilitex-1000ml","status":"publish","type":"product","link":"https:\/\/hookahshop.lt\/et\/toode\/vesipiibupuhastaja-nilitex-1000ml\/","title":{"rendered":"Vesipiibupuhastaja NILITEX 1000ml"},"content":{"rendered":"<h2>Vesipiibupuhastaja NILITEX 1000ml<\/h2>\n<p>Antibakteriaalne puhastus vesipiibu hooldusvahend h\u00f5lbustab vesipiibu vajalikku hooldamist ja tagab seadme hea seisundi pikemaks ajaks.<br \/>\nSageli pestud vesipiibu ja selle tarvikute kasutusiga pikeneb. Vesipiibu ja selle tarvikute regulaarne pesemine aitab v\u00e4ltida v\u00e4limuse muutumist, roostet, ebameeldivat l\u00f5hna.<\/p>\n<p>KOMPLEKT koosneb:<br \/>\nVesipiibu puhastaja NILITEX 1000ml, 1 tk.<br \/>\nDosaator, 1 tk.<\/p>\n<p>SPETSIFIKATSIOON:<br \/>\nLilleline konsistents.<br \/>\nNeutraalne l\u00f5hn.<br \/>\nEi sisalda kloori.<br \/>\nH\u00e4vitab mikroobid ja bakterid.<br \/>\nK\u00f5rvaldab ebameeldivad l\u00f5hnad.<br \/>\nSee ei kriimusta, kahjusta ega kahjusta vesipiibu detaile.<br \/>\nM\u00f5eldud erinevatele pindadele (vesipiibukolvid, voolikud jne).<\/p>\n<p>KASUTAMINE:<br \/>\n- Vesipiibu kolbi puhastamine. Vesipiibukolvi puhastamiseks lisage sellele paar tilka lilli ja seej\u00e4rel umbes 300\u2013500 ml vett (olenevalt kolvi kujust ja mahutavusest). Peske kolbi sisemust vesipiibu jaoks m\u00f5eldud harjaga. L\u00f5hna eemaldamiseks kolbist piisab, kui lisada kolbi paar tilka lille ja vett, olenevalt kolvi mahutavusest, seej\u00e4rel loksutada kolvi koos selles oleva seguga, kuni lill vees lahustub.<br \/>\nP\u00e4rast kolvi puhastamist t\u00fchjendage lillede ja vee segu ning loputage kolbi puhta veega 2-3 korda, kuni l\u00f5hna pole tunda.<\/p>\n<p>- voolik vesipiibu puhastamiseks. Vesipiibu vooliku puhastamiseks lisage sellele paar tilka lilli. Hoides vooliku otsi U-kujulisena, lisage sellele umbes 50 ml vett. Hoidke vooliku m\u00f5lemad otsad s\u00f5rmedega kaetud ja raputage seda korralikult, et sees olev vedelik raputada.<br \/>\nP\u00e4rast vooliku puhastamist tuleb lillede ja vee segu t\u00fchjendada ning voolikut 2-3 korda puhta veega loputada, kuni l\u00f5hna pole tunda.<\/p>\n<p>- \u0161ahtide puhastamine. Vesipiibuv\u00f5lli puhastamiseks lisage sellele paar tilka lilli ja valage seej\u00e4rel vett. Peske v\u00f5lli sisemust \u00f5hukeste harjadega vesipiibuv\u00f5lli jaoks.<br \/>\nP\u00e4rast v\u00f5lli puhastamist tuleb lillede ja vee segu t\u00fchjendada ning voolikut 2-3 korda puhta veega loputada, kuni l\u00f5hna pole tunda.<\/p>\n<p>Kas teil on k\u00fcsimusi? v\u00f5ta meiega \u00fchendust\u00a0<a href=\"https:\/\/hookahshop.lt\/et\/kontaktid\/\">kontaktide leht<\/a>\u00a0v\u00f5i saatke meile e-kiri aadressil\u00a0<a href=\"https:\/\/facebook.com\/HookahShop.lt\/\" target=\"_blank\" rel=\"noopener noreferrer\">Facebooki konto<\/a>\u00a0ja vastame teie taotlusele samal p\u00e4eval.<\/p>","protected":false},"excerpt":{"rendered":"<p>Vesipiibu puhastusvahend NILITEX 1000ml Antibakteriaalne vesipiibu hooldusvahend h\u00f5lbustab vesipiibu vajalikku hooldust ja tagab seadme hea seisukorra pikemaks ajaks. Pikeneb sageli pestava vesipiibu ja selle tarvikute kasutusiga. Vesipiibu ja selle tarvikute regulaarne pesemine aitab v\u00e4ltida v\u00e4limuse muutusi, roostet, ebameeldivat l\u00f5hna. KOMPLEKT KAASAB: Puhastusvahend vesipiibu jaoks NILITEX 1000ml, 1 tk. Dosaator, [\u2026]<\/p>","protected":false},"featured_media":27851,"comment_status":"open","ping_status":"closed","template":"","meta":[],"_links":{"self":[{"href":"https:\/\/hookahshop.lt\/et\/wp-json\/wp\/v2\/product\/27850"}],"collection":[{"href":"https:\/\/hookahshop.lt\/et\/wp-json\/wp\/v2\/product"}],"about":[{"href":"https:\/\/hookahshop.lt\/et\/wp-json\/wp\/v2\/types\/product"}],"replies":[{"embeddable":true,"href":"https:\/\/hookahshop.lt\/et\/wp-json\/wp\/v2\/comments?post=27850"}],"version-history":[{"count":4,"href":"https:\/\/hookahshop.lt\/et\/wp-json\/wp\/v2\/product\/27850\/revisions"}],"predecessor-version":[{"id":31981,"href":"https:\/\/hookahshop.lt\/et\/wp-json\/wp\/v2\/product\/27850\/revisions\/31981"}],"wp:featuredmedia":[{"embeddable":true,"href":"https:\/\/hookahshop.lt\/et\/wp-json\/wp\/v2\/media\/27851"}],"wp:attachment":[{"href":"https:\/\/hookahshop.lt\/et\/wp-json\/wp\/v2\/media?parent=27850"}],"curies":[{"name":"wp","href":"https:\/\/api.w.org\/{rel}","templated":true}]}}