{"id":27921,"date":"2021-10-02T00:08:22","date_gmt":"2021-10-01T21:08:22","guid":{"rendered":"https:\/\/hookahshop.lt\/?post_type=product&#038;p=27921"},"modified":"2026-04-06T23:28:56","modified_gmt":"2026-04-06T20:28:56","slug":"kandiklis-kaljanui-arma-black","status":"publish","type":"product","link":"https:\/\/hookahshop.lt\/et\/toode\/huulik-vesipiip-arma-must\/","title":{"rendered":"Vesipiibu huulik ARMA Black"},"content":{"rendered":"<h2>Vesipiibu huulik ARMA Black<\/h2>\n<p>Huulik koosneb kahest osast. Kaasas on pistik.<br \/>\nHuulik + pistik ARMA on k\u00e4es mugav ja sobib erinevatele vesipiipidele.<\/p>\n<p>SPETSIFIKATSIOON:<br \/>\nMaterjal: alumiinium<br \/>\nV\u00e4rvus must<br \/>\nHuuliku pikkus: 305 mm<br \/>\nSisemise huuliku l\u00e4bim\u00f5\u00f5t: 9 mm<br \/>\n\u00dchenduse pikkus: 58 mm<br \/>\nSisemine pistiku pikkus: 10 mm<br \/>\nHuuliku kogukaal koos pistikuga 115g.<\/p>\n<p>Kas teil on k\u00fcsimusi? v\u00f5ta meiega \u00fchendust\u00a0<a href=\"https:\/\/hookahshop.lt\/et\/kontaktid\/\">kontaktide leht<\/a>\u00a0v\u00f5i saatke meile e-kiri aadressil\u00a0<a href=\"https:\/\/facebook.com\/HookahShop.lt\/\" target=\"_blank\" rel=\"noopener noreferrer\">Facebooki konto<\/a>\u00a0ja vastame teie taotlusele samal p\u00e4eval.<\/p>","protected":false},"excerpt":{"rendered":"<p>Konks suukonksule ARMA Black Huulik koosneb kahest osast. Kaasas on pistik. Huulik + konnektor ARMA on mugav k\u00e4es ja sobib erinevatele konksudele. SPETSIFIKATSIOON: Materjal: alumiinium Huuliku pikkus: 305mm Huuliku sisediameeter: 9mm \u00dchenduse pikkus: 58mm Sisemine pistiku pikkus: 10mm Huuliku kogukaal koos pistikuga 115g. Kas teil on k\u00fcsimusi? V\u00f5tke meiega \u00fchendust kontaktide lehel v\u00f5i kirjutage [\u2026]<\/p>","protected":false},"featured_media":27922,"comment_status":"open","ping_status":"closed","template":"","meta":[],"_links":{"self":[{"href":"https:\/\/hookahshop.lt\/et\/wp-json\/wp\/v2\/product\/27921"}],"collection":[{"href":"https:\/\/hookahshop.lt\/et\/wp-json\/wp\/v2\/product"}],"about":[{"href":"https:\/\/hookahshop.lt\/et\/wp-json\/wp\/v2\/types\/product"}],"replies":[{"embeddable":true,"href":"https:\/\/hookahshop.lt\/et\/wp-json\/wp\/v2\/comments?post=27921"}],"version-history":[{"count":4,"href":"https:\/\/hookahshop.lt\/et\/wp-json\/wp\/v2\/product\/27921\/revisions"}],"predecessor-version":[{"id":42996,"href":"https:\/\/hookahshop.lt\/et\/wp-json\/wp\/v2\/product\/27921\/revisions\/42996"}],"wp:featuredmedia":[{"embeddable":true,"href":"https:\/\/hookahshop.lt\/et\/wp-json\/wp\/v2\/media\/27922"}],"wp:attachment":[{"href":"https:\/\/hookahshop.lt\/et\/wp-json\/wp\/v2\/media?parent=27921"}],"curies":[{"name":"wp","href":"https:\/\/api.w.org\/{rel}","templated":true}]}}