{"id":28082,"date":"2021-10-11T14:39:40","date_gmt":"2021-10-11T11:39:40","guid":{"rendered":"https:\/\/hookahshop.lt\/?post_type=product&#038;p=28082"},"modified":"2026-04-10T12:51:22","modified_gmt":"2026-04-10T09:51:22","slug":"kaljano-komplektas-aladin-alux-m3-black","status":"publish","type":"product","link":"https:\/\/hookahshop.lt\/et\/toode\/vesipiibukomplektid-aladin-alux-m3-black\/","title":{"rendered":"Vesipiibukomplekt ALADIN Alux M3 Must"},"content":{"rendered":"<h2>Vesipiibukomplekt ALADIN Alux M3 Must<\/h2>\n<p>Vesipiip j\u00e4tab oma kvaliteetsete materjalidega h\u00e4mmastavaid muljeid. Kvaliteetne t\u00f6\u00f6 ja individuaalne disain ei j\u00e4ta teid \u00fcksk\u00f5ikseks.<br \/>\nT\u00e4nu oma kompaktsele suurusele on see ideaalne reisikaaslane neile, kes soovivad kvaliteetset toodet liikvel olla.<br \/>\nKombineeritud versioon: v\u00f5lli \/ masti veega kokkupuutuv alumine osa on valmistatud roostevabast terasest, \u00fclej\u00e4\u00e4nud vesipiibu osad on valmistatud alumiiniumist.<\/p>\n<p>Varustus:<br \/>\nV\u00f5ll -1 tk.<br \/>\nVesipiibu plaat br\u00e4ndi graveeringuga - 1 tk.<br \/>\nHuulik - 1 tk.<br \/>\nSilikoonvoolik - 1 tk.<br \/>\nTihendid - 2 tk.<br \/>\nKolb (pooll\u00e4bipaistev) - 1 tk.<br \/>\nTangid - 1 tk.<br \/>\nKuumutuskamber - 1 tk.<br \/>\nTass (v\u00f5ib erineda pildil olevast) - 1 tk.<br \/>\nKivis\u00fcsi 1kg - 1tk.<br \/>\nPliit - 1tk.<\/p>\n<p>Kas teil on k\u00fcsimusi? v\u00f5ta meiega \u00fchendust\u00a0<a href=\"https:\/\/hookahshop.lt\/et\/kontaktid\/\">kontaktide leht<\/a>\u00a0v\u00f5i saatke meile e-kiri aadressil\u00a0<a href=\"https:\/\/facebook.com\/HookahShop.lt\/\" target=\"_blank\" rel=\"noopener noreferrer\">Facebooki konto<\/a>\u00a0ja vastame teie taotlusele samal p\u00e4eval.<\/p>","protected":false},"excerpt":{"rendered":"<p>Vesipiibu komplekt ALADIN Alux M3 Black Vesipiip j\u00e4tab oma kvaliteetsete materjalidega imelise mulje. Kvaliteetne t\u00f6\u00f6 ja individuaalne disain ei j\u00e4ta teid \u00fcksk\u00f5ikseks. T\u00e4nu oma kompaktsele suurusele on see ideaalne reisikaaslane neile, kes soovivad omada kvaliteetset toodet liikvel olles. Kombineeritud versioon: veega kokkupuutuv v\u00f5lli\/masti alumine osa on valmistatud roostevabast terasest, teised vesipiibu osad on alumiiniumist. Varustus: [\u2026]<\/p>","protected":false},"featured_media":28084,"comment_status":"open","ping_status":"closed","template":"","meta":[],"_links":{"self":[{"href":"https:\/\/hookahshop.lt\/et\/wp-json\/wp\/v2\/product\/28082"}],"collection":[{"href":"https:\/\/hookahshop.lt\/et\/wp-json\/wp\/v2\/product"}],"about":[{"href":"https:\/\/hookahshop.lt\/et\/wp-json\/wp\/v2\/types\/product"}],"replies":[{"embeddable":true,"href":"https:\/\/hookahshop.lt\/et\/wp-json\/wp\/v2\/comments?post=28082"}],"version-history":[{"count":3,"href":"https:\/\/hookahshop.lt\/et\/wp-json\/wp\/v2\/product\/28082\/revisions"}],"predecessor-version":[{"id":30928,"href":"https:\/\/hookahshop.lt\/et\/wp-json\/wp\/v2\/product\/28082\/revisions\/30928"}],"wp:featuredmedia":[{"embeddable":true,"href":"https:\/\/hookahshop.lt\/et\/wp-json\/wp\/v2\/media\/28084"}],"wp:attachment":[{"href":"https:\/\/hookahshop.lt\/et\/wp-json\/wp\/v2\/media?parent=28082"}],"curies":[{"name":"wp","href":"https:\/\/api.w.org\/{rel}","templated":true}]}}