{"id":28171,"date":"2021-10-17T12:39:41","date_gmt":"2021-10-17T09:39:41","guid":{"rendered":"https:\/\/hookahshop.lt\/?post_type=product&#038;p=28171"},"modified":"2026-04-06T23:28:54","modified_gmt":"2026-04-06T20:28:54","slug":"kaljano-komplektas-aladin-mvp-rocket-bottom-blue","status":"publish","type":"product","link":"https:\/\/hookahshop.lt\/et\/toode\/vesipiibukomplektid-aladin-mvp-rocket-bottom-blue\/","title":{"rendered":"Vesipiibukomplekt ALADIN MVP Rocket Bottom Blue"},"content":{"rendered":"<h2>Vesipiibukomplekt ALADIN MVP Rocket Bottom Blue<\/h2>\n<p>T\u00e4nu oma kompaktsele suurusele on see ideaalne reisikaaslane neile, kes soovivad saada kvaliteetset toodet liikvel olles.<\/p>\n<p><strong>Spetsifikatsioon:<\/strong><br \/>\nVesipiibu k\u00f5rgus: 53 cm<br \/>\nMaterjal (v\u00e4line): roostevaba teras<br \/>\nKeere: 360 \u00b0, mis \u00fchendab kolbi ja konksu konksu lihtsa 360 \u00b0 p\u00f6\u00f6rdega t\u00e4ielikult.<\/p>\n<p><strong>Varustus:<\/strong><br \/>\nVesipiibuv\u00f5ll - 1 tk.<br \/>\nVesipiibu plaat - 1 tk.<br \/>\nHuulik - 1 tk.<br \/>\nSilikoonvoolik - 1 tk.<br \/>\nTihendid - 2 tk.<br \/>\nKolb - 1 tk.<br \/>\nTangid - 1 tk.<br \/>\nKuumutuskamber - 1 tk.<br \/>\nKarikas - 1tk.<br \/>\nKivis\u00fcsi 1kg - 1tk.<br \/>\nPliit (s\u00f6es\u00fc\u00fctaja) - 1tk.<\/p>\n<p>Kas teil on k\u00fcsimusi? v\u00f5ta meiega \u00fchendust\u00a0<a href=\"https:\/\/hookahshop.lt\/et\/kontaktid\/\">kontaktide leht<\/a>\u00a0v\u00f5i saatke meile e-kiri aadressil\u00a0<a href=\"https:\/\/facebook.com\/HookahShop.lt\/\" target=\"_blank\" rel=\"noopener noreferrer\">Facebooki konto<\/a>\u00a0ja vastame teie taotlusele samal p\u00e4eval.<\/p>","protected":false},"excerpt":{"rendered":"<p>Vesipiibu komplekt ALADIN MVP Rocket Bottom Blue T\u00e4nu oma kompaktsele suurusele on see ideaalne reisikaaslane neile, kes soovivad omada kvaliteetset toodet liikvel olles. Spetsifikatsioon: Konksu k\u00f5rgus: 53 cm Materjal (v\u00e4limine): roostevaba teras Keerme nurk: 360 \u00b0, mis \u00fchendab t\u00e4ielikult kolbi ja konksu v\u00f5lli lihtsa 360 \u00b0 p\u00f6\u00f6rdega. Varustus: Vesipiibu v\u00f5ll - 1 tk. Vesipiibu taldrik - 1 tk. [\u2026]<\/p>","protected":false},"featured_media":28175,"comment_status":"open","ping_status":"closed","template":"","meta":[],"_links":{"self":[{"href":"https:\/\/hookahshop.lt\/et\/wp-json\/wp\/v2\/product\/28171"}],"collection":[{"href":"https:\/\/hookahshop.lt\/et\/wp-json\/wp\/v2\/product"}],"about":[{"href":"https:\/\/hookahshop.lt\/et\/wp-json\/wp\/v2\/types\/product"}],"replies":[{"embeddable":true,"href":"https:\/\/hookahshop.lt\/et\/wp-json\/wp\/v2\/comments?post=28171"}],"version-history":[{"count":3,"href":"https:\/\/hookahshop.lt\/et\/wp-json\/wp\/v2\/product\/28171\/revisions"}],"predecessor-version":[{"id":33291,"href":"https:\/\/hookahshop.lt\/et\/wp-json\/wp\/v2\/product\/28171\/revisions\/33291"}],"wp:featuredmedia":[{"embeddable":true,"href":"https:\/\/hookahshop.lt\/et\/wp-json\/wp\/v2\/media\/28175"}],"wp:attachment":[{"href":"https:\/\/hookahshop.lt\/et\/wp-json\/wp\/v2\/media?parent=28171"}],"curies":[{"name":"wp","href":"https:\/\/api.w.org\/{rel}","templated":true}]}}