{"id":28184,"date":"2021-10-17T13:08:51","date_gmt":"2021-10-17T10:08:51","guid":{"rendered":"https:\/\/hookahshop.lt\/?post_type=product&#038;p=28184"},"modified":"2026-04-06T23:28:53","modified_gmt":"2026-04-06T20:28:53","slug":"kaljano-komplektas-aladin-2-go-stainless-steel","status":"publish","type":"product","link":"https:\/\/hookahshop.lt\/et\/toode\/vesipiibu-komplekt-aladdin-2-go-roostevaba-teras\/","title":{"rendered":"Vesipiibukomplekt ALADIN 2 Go Roostevaba teras"},"content":{"rendered":"<h2>Vesipiibukomplekt ALADIN 2 Go Roostevaba teras<\/h2>\n<p id=\"tw-target-text\" class=\"tw-data-text tw-text-large XcVN5d tw-ta\" dir=\"ltr\" data-placeholder=\"Vertimas\"><span class=\"Y2IQFc\" lang=\"lt\">Hookah Aladin 2 Go on suurep\u00e4rane kompaktne vesipiip, mis on valmistatud kvaliteetsest roostevabast terasest. Vesipiibu v\u00e4ikesed m\u00f5\u00f5tmed pakuvad rohkem liikuvust ja mugavust. Vesipiibu kolb on valmistatud \u00fclipaksust klaasist ja sellel on eksklusiivne disain, mis annab sellele v\u00e4ikesele vesipiibule veelgi rohkem eksklusiivsust. Vesipiib sobib suurep\u00e4raselt kaasasolevas kotis transportimiseks.<\/span><\/p>\n<p><strong>Omadused:<\/strong><br \/>\nK\u00f5rgus: 23 cm<br \/>\nKolb: karastatud klaas<br \/>\nVesipiibu korpus: roostevaba teras<\/p>\n<p><strong>Varustus:<\/strong><br \/>\nKott vesipiibu jaoks<br \/>\nVesipiibuv\u00f5ll - 1 tk.<br \/>\nVesipiibu plaat - 1 tk.<br \/>\nHuulik - 1 tk.<br \/>\nSilikoonvoolik - 1 tk.<br \/>\nTihendid - 2 tk.<br \/>\nKolb - 1 tk.<br \/>\nTangid - 1 tk.<br \/>\nKuumutuskamber - 1 tk.<br \/>\nTass - 1 tk.<br \/>\nKivis\u00fcsi 1 kg - 1 tk.<br \/>\nPliit (s\u00f6es\u00fc\u00fctaja) - 1tk.<\/p>\n<p dir=\"ltr\" data-placeholder=\"Vertimas\">Kas teil on k\u00fcsimusi? v\u00f5ta meiega \u00fchendust\u00a0<a href=\"https:\/\/hookahshop.lt\/et\/kontaktid\/\">kontaktide leht<\/a>\u00a0v\u00f5i saatke meile e-kiri aadressil\u00a0<a href=\"https:\/\/facebook.com\/HookahShop.lt\/\" target=\"_blank\" rel=\"noopener noreferrer\">Facebooki konto<\/a>\u00a0ja vastame teie taotlusele samal p\u00e4eval.<\/p>\n<p>&nbsp;<\/p>","protected":false},"excerpt":{"rendered":"<p>Vesipiibu komplekt ALADIN 2 Go Stainless Steel Vesipiip &quot;Aladin 2 Go&quot; on suurep\u00e4rane kompaktne vesipiip, mis on valmistatud k\u00f5rgekvaliteedilisest roostevabast terasest. Vesipiibu v\u00e4ike suurus tagab rohkem liikuvust ja mugavust. Vesipiibu konks on valmistatud \u00e4\u00e4rmiselt paksust klaasist ning sellel on eksklusiivne disain, mis annab sellele v\u00e4ikesem\u00f5\u00f5tmelisele vesipiibule veelgi eksklusiivsust. Vesipiip sobib suurep\u00e4raselt transpordiks [\u2026]<\/p>","protected":false},"featured_media":28185,"comment_status":"open","ping_status":"closed","template":"","meta":[],"_links":{"self":[{"href":"https:\/\/hookahshop.lt\/et\/wp-json\/wp\/v2\/product\/28184"}],"collection":[{"href":"https:\/\/hookahshop.lt\/et\/wp-json\/wp\/v2\/product"}],"about":[{"href":"https:\/\/hookahshop.lt\/et\/wp-json\/wp\/v2\/types\/product"}],"replies":[{"embeddable":true,"href":"https:\/\/hookahshop.lt\/et\/wp-json\/wp\/v2\/comments?post=28184"}],"version-history":[{"count":6,"href":"https:\/\/hookahshop.lt\/et\/wp-json\/wp\/v2\/product\/28184\/revisions"}],"predecessor-version":[{"id":36196,"href":"https:\/\/hookahshop.lt\/et\/wp-json\/wp\/v2\/product\/28184\/revisions\/36196"}],"wp:featuredmedia":[{"embeddable":true,"href":"https:\/\/hookahshop.lt\/et\/wp-json\/wp\/v2\/media\/28185"}],"wp:attachment":[{"href":"https:\/\/hookahshop.lt\/et\/wp-json\/wp\/v2\/media?parent=28184"}],"curies":[{"name":"wp","href":"https:\/\/api.w.org\/{rel}","templated":true}]}}