{"id":28215,"date":"2021-10-17T14:02:32","date_gmt":"2021-10-17T11:02:32","guid":{"rendered":"https:\/\/hookahshop.lt\/?post_type=product&#038;p=28215"},"modified":"2026-04-06T23:28:55","modified_gmt":"2026-04-06T20:28:55","slug":"kaljano-komplektas-bigmaks-mini-zero","status":"publish","type":"product","link":"https:\/\/hookahshop.lt\/et\/toode\/vesipiibu-set-bigmax-mini-null\/","title":{"rendered":"Vesipiibukomplekt BIGMAKS Mini Zero"},"content":{"rendered":"<h2>Vesipiibukomplekt BIGMAKS Mini Zero<\/h2>\n<p>M\u00f5eldud mitte ainult reisimiseks ja v\u00e4ljas\u00f5itudeks, vaid ka igap\u00e4evaseks kasutamiseks. Kaasaegne mini vesipiip oma suitsetamisomadustega ei j\u00e4\u00e4 k\u00f5rgele vesipiibule alla ja sellel on isegi palju eeliseid, n\u00e4iteks: kompaktsus, maksimaalne kasutusmugavus ja taskukohane hind. Puhastuss\u00fcsteem koosneb viiest ventiilist, mis v\u00f5imaldavad kolvi suitsu \u00fcheaegselt v\u00e4lja puhuda, samuti tassi jahutada ilma seda \u00fcleujutamata. Kasutatakse pol\u00fcatsetaalseid elemente. Kokkupanek toimub keermestatud \u00fchendustega.<\/p>\n<p><strong>Spetsifikatsioon:<\/strong><br \/>\nTihendusr\u00f5nga pistik: O-r\u00f5ngas<br \/>\nHajuti: jah<br \/>\nVeoj\u00f5ud: lihtne<br \/>\nMaterjal: roostevaba teras<br \/>\nVesipiibu k\u00f5rgus: 45 cm<br \/>\nPlaadi l\u00e4bim\u00f5\u00f5t: 20 cm<br \/>\nHuulik<br \/>\nSilikoonvoolik (pehme puudutus)<br \/>\nKolb (originaal Big Max, selge, klaas)<\/p>\n<p><strong>Varustus:<\/strong><br \/>\nVesipiibuv\u00f5ll - 1 tk.<br \/>\nVesipiibu plaat - 1 tk.<br \/>\nHuulik - 1 tk.<br \/>\nSilikoonvoolik - 1 tk.<br \/>\nTihendid - 2 tk.<br \/>\nKolb - 1 tk.<br \/>\nTangid - 1 tk.<br \/>\nKuumutuskamber - 1 tk.<br \/>\nTass - 1 tk.<br \/>\nKivis\u00fcsi 1 kg - 1 tk.<br \/>\nPliit (s\u00f6es\u00fc\u00fctaja) - 1tk.<\/p>\n<p>Kas teil on k\u00fcsimusi? v\u00f5ta meiega \u00fchendust\u00a0<a href=\"https:\/\/hookahshop.lt\/et\/kontaktid\/\">kontaktide leht<\/a>\u00a0v\u00f5i saatke meile e-kiri aadressil\u00a0<a href=\"https:\/\/facebook.com\/HookahShop.lt\/\" target=\"_blank\" rel=\"noopener noreferrer\">Facebooki konto<\/a>\u00a0ja vastame teie taotlusele samal p\u00e4eval.<\/p>\n<p>&nbsp;<\/p>","protected":false},"excerpt":{"rendered":"<p>Vesipiibu komplekt BIGMAKS Mini Zero M\u00f5eldud mitte ainult reisimiseks ja v\u00e4ljas\u00f5itudeks, vaid ka igap\u00e4evaseks kasutamiseks. Moodne minivesipiip ei j\u00e4\u00e4 suitsetamise poolest alla k\u00f5rgele vesipiipule ja sellel on isegi palju eeliseid, n\u00e4iteks: kompaktsus, maksimaalne kasutusmugavus ja taskukohane hind. V\u00e4ljalaskes\u00fcsteem koosneb viiest ventiilist, mis v\u00f5imaldavad korraga kolvist suitsu v\u00e4lja puhuda, aga ka topsi jahutada [\u2026]<\/p>","protected":false},"featured_media":28216,"comment_status":"open","ping_status":"closed","template":"","meta":[],"_links":{"self":[{"href":"https:\/\/hookahshop.lt\/et\/wp-json\/wp\/v2\/product\/28215"}],"collection":[{"href":"https:\/\/hookahshop.lt\/et\/wp-json\/wp\/v2\/product"}],"about":[{"href":"https:\/\/hookahshop.lt\/et\/wp-json\/wp\/v2\/types\/product"}],"replies":[{"embeddable":true,"href":"https:\/\/hookahshop.lt\/et\/wp-json\/wp\/v2\/comments?post=28215"}],"version-history":[{"count":6,"href":"https:\/\/hookahshop.lt\/et\/wp-json\/wp\/v2\/product\/28215\/revisions"}],"predecessor-version":[{"id":28219,"href":"https:\/\/hookahshop.lt\/et\/wp-json\/wp\/v2\/product\/28215\/revisions\/28219"}],"wp:featuredmedia":[{"embeddable":true,"href":"https:\/\/hookahshop.lt\/et\/wp-json\/wp\/v2\/media\/28216"}],"wp:attachment":[{"href":"https:\/\/hookahshop.lt\/et\/wp-json\/wp\/v2\/media?parent=28215"}],"curies":[{"name":"wp","href":"https:\/\/api.w.org\/{rel}","templated":true}]}}