{"id":28229,"date":"2021-10-17T14:25:11","date_gmt":"2021-10-17T11:25:11","guid":{"rendered":"https:\/\/hookahshop.lt\/?post_type=product&#038;p=28229"},"modified":"2026-05-05T15:07:09","modified_gmt":"2026-05-05T12:07:09","slug":"kaljano-komplektas-maklaud-x-russian-spirit","status":"publish","type":"product","link":"https:\/\/hookahshop.lt\/et\/toode\/vesipiibukomplektid-maklaud-x-russian-spirit\/","title":{"rendered":"Vesipiibukomplekt MAKLAUD X Russian Spirit"},"content":{"rendered":"<h2>Vesipiibukomplekt MAKLAUD X Russian Spirit<\/h2>\n<p>See on vesipiip, mis ei j\u00e4ta teid \u00fcksk\u00f5ikseks. See on vesipiip, mis meeldib nii kogenud kui ka algajatele. Maklaud vesipiibud on kuulsad oma originaalse disaini ja ekstravagantsete detailide poolest. Maklaud X seeria disain on koostatud pisikestest detailidest, mis j\u00e4tavad kustumatu mulje. See vesipiip on valmistatud vastupidavast ja vastupidavast materjalist, et see kestaks kaua ega kaotaks oma esialgset v\u00f5lu.<\/p>\n<p><strong>Varustus:<\/strong><br \/>\nVesipiibuv\u00f5ll - 1 tk.<br \/>\nVesipiibu plaat - 1 tk.<br \/>\nHuulik (MAKLAUD) \u2013 1 tk.<br \/>\nSilikoonvoolik - 1 tk.<br \/>\nTihendid - 2 tk.<br \/>\nKolb - 1 tk.<br \/>\nTangid - 1 tk.<br \/>\nKuumutuskamber - 1 tk.<br \/>\nTass - 1 tk.<br \/>\nKivis\u00fcsi 1 kg - 1 tk.<br \/>\nPliit (s\u00f6es\u00fc\u00fctaja) - 1tk.<\/p>\n<p>Kas teil on k\u00fcsimusi? v\u00f5ta meiega \u00fchendust <a href=\"https:\/\/hookahshop.lt\/et\/kontaktid\/\">kontaktide leht<\/a> v\u00f5i saatke meile e-kiri aadressil <a href=\"https:\/\/facebook.com\/HookahShop.lt\/\" target=\"_blank\" rel=\"noopener noreferrer\">Facebooki konto<\/a> ja vastame teie taotlusele samal p\u00e4eval.<\/p>","protected":false},"excerpt":{"rendered":"<p>Vesipiibu komplekt MAKLAUD X Russian Spirit See on vesipiip, mis ei j\u00e4ta sind \u00fcksk\u00f5ikseks. See on vesipiip, mis meeldib nii kogenud kui ka algajale. Maklaudi vesipiibud on kuulsad oma originaalse disaini ja ekstravagantsete detailide poolest. Maklaud X-seeria disain on kujundatud kuni pisikeste detailideni, mis j\u00e4tavad kustumatu mulje. See vesipiip on valmistatud vastupidavatest ja vastupidavatest materjalidest, et kestaks kaua ja ei l\u00e4heks kaotsi [\u2026]<\/p>","protected":false},"featured_media":28231,"comment_status":"open","ping_status":"closed","template":"","meta":[],"_links":{"self":[{"href":"https:\/\/hookahshop.lt\/et\/wp-json\/wp\/v2\/product\/28229"}],"collection":[{"href":"https:\/\/hookahshop.lt\/et\/wp-json\/wp\/v2\/product"}],"about":[{"href":"https:\/\/hookahshop.lt\/et\/wp-json\/wp\/v2\/types\/product"}],"replies":[{"embeddable":true,"href":"https:\/\/hookahshop.lt\/et\/wp-json\/wp\/v2\/comments?post=28229"}],"version-history":[{"count":4,"href":"https:\/\/hookahshop.lt\/et\/wp-json\/wp\/v2\/product\/28229\/revisions"}],"predecessor-version":[{"id":28343,"href":"https:\/\/hookahshop.lt\/et\/wp-json\/wp\/v2\/product\/28229\/revisions\/28343"}],"wp:featuredmedia":[{"embeddable":true,"href":"https:\/\/hookahshop.lt\/et\/wp-json\/wp\/v2\/media\/28231"}],"wp:attachment":[{"href":"https:\/\/hookahshop.lt\/et\/wp-json\/wp\/v2\/media?parent=28229"}],"curies":[{"name":"wp","href":"https:\/\/api.w.org\/{rel}","templated":true}]}}