{"id":28234,"date":"2021-10-17T14:54:00","date_gmt":"2021-10-17T11:54:00","guid":{"rendered":"https:\/\/hookahshop.lt\/?post_type=product&#038;p=28234"},"modified":"2026-04-26T23:29:18","modified_gmt":"2026-04-26T20:29:18","slug":"kaljano-komplektas-hoob-subatom","status":"publish","type":"product","link":"https:\/\/hookahshop.lt\/et\/toode\/vesipiibukomplektid-hoob-subatom\/","title":{"rendered":"Vesipiibukomplekt HOOB Subatom"},"content":{"rendered":"<h2>Vesipiibukomplekt HOOB Subatom<\/h2>\n<p>Vesipiip on h\u00f5bedast v\u00e4rvi, see on \u00fcks revolutsioonilisemaid ja kompaktsemaid vesipiipu, muutunud veelgi kompaktsemaks ja mobiilsemaks Hoob SubAtom. Juba populaarne Hoobi h\u00f5bedane disain ja selle vesipiibu mittestandardsed vormid muudavad selle t\u00f5eliselt ainulaadseks, seda saab kasutada k\u00f5ikjal, kus soovite, looduses, kodus, kontoris. Kvaliteetsed materjalid sobivad ideaalselt, et tagada vesipiibu pikim eluiga, ja sobivad kaasaegse v\u00e4ljan\u00e4gemisega.<\/p>\n<p><strong>Varustus:<\/strong><br \/>\nVesipiibuv\u00f5ll - 1 tk.<br \/>\nTihendid - 2 tk.<br \/>\nKolb - 1 tk.<br \/>\nTangid - 1 tk.<br \/>\nKuumutuskamber - 1 tk.<br \/>\nTass - 1 tk.<br \/>\nKivis\u00fcsi 1 kg - 1 tk.<br \/>\nPliit (s\u00f6es\u00fc\u00fctaja) - 1tk.<\/p>\n<p><strong>Komplekti ei kuulu: huulik ja silikoonvoolik.\u00a0<\/strong><\/p>\n<p>Kas teil on k\u00fcsimusi? v\u00f5ta meiega \u00fchendust\u00a0<a href=\"https:\/\/hookahshop.lt\/et\/kontaktid\/\">kontaktide leht<\/a>\u00a0v\u00f5i saatke meile e-kiri aadressil\u00a0<a href=\"https:\/\/facebook.com\/HookahShop.lt\/\" target=\"_blank\" rel=\"noopener noreferrer\">Facebooki konto<\/a>\u00a0ja vastame teie taotlusele samal p\u00e4eval.<\/p>","protected":false},"excerpt":{"rendered":"<p>Vesipiibu komplekt HOOB Subatom Vesipiibud on h\u00f5bedast v\u00e4rvi, see on \u00fcks revolutsioonilisemaid ja kompaktsemaid vesipiipu, Hoob SubAtom on muutunud veelgi kompaktsemaks ja mobiilsemaks. Juba populaarne Hoobi h\u00f5bedane disain ja ebastandardsed vormid muudavad selle vesipiibu t\u00f5eliselt ainulaadseks, seda saab kasutada k\u00f5ikjal, kus soovite, looduses, kodus, kontoris. Kvaliteetsed materjalid on ideaalselt sobitatud, et tagada pikim vesipiip [\u2026]<\/p>","protected":false},"featured_media":28235,"comment_status":"open","ping_status":"closed","template":"","meta":[],"_links":{"self":[{"href":"https:\/\/hookahshop.lt\/et\/wp-json\/wp\/v2\/product\/28234"}],"collection":[{"href":"https:\/\/hookahshop.lt\/et\/wp-json\/wp\/v2\/product"}],"about":[{"href":"https:\/\/hookahshop.lt\/et\/wp-json\/wp\/v2\/types\/product"}],"replies":[{"embeddable":true,"href":"https:\/\/hookahshop.lt\/et\/wp-json\/wp\/v2\/comments?post=28234"}],"version-history":[{"count":4,"href":"https:\/\/hookahshop.lt\/et\/wp-json\/wp\/v2\/product\/28234\/revisions"}],"predecessor-version":[{"id":28238,"href":"https:\/\/hookahshop.lt\/et\/wp-json\/wp\/v2\/product\/28234\/revisions\/28238"}],"wp:featuredmedia":[{"embeddable":true,"href":"https:\/\/hookahshop.lt\/et\/wp-json\/wp\/v2\/media\/28235"}],"wp:attachment":[{"href":"https:\/\/hookahshop.lt\/et\/wp-json\/wp\/v2\/media?parent=28234"}],"curies":[{"name":"wp","href":"https:\/\/api.w.org\/{rel}","templated":true}]}}