{"id":28314,"date":"2021-10-21T21:08:14","date_gmt":"2021-10-21T18:08:14","guid":{"rendered":"https:\/\/hookahshop.lt\/?post_type=product&#038;p=28314"},"modified":"2026-04-18T23:28:36","modified_gmt":"2026-04-18T20:28:36","slug":"deklas-znyplems-werkbund","status":"publish","type":"product","link":"https:\/\/hookahshop.lt\/et\/toode\/tangide-umbris-werkbund\/","title":{"rendered":"WERKBUND tangide \u00fcmbris"},"content":{"rendered":"<h2>WERKBUND tangide \u00fcmbris<\/h2>\n<p>Pintsettide \u00fcmbris on k\u00e4sit\u00f6\u00f6liste poolt valmistatud ehtsast nahast. &quot;Werkbundi&quot; korpusest leiate kaks tangi. Tagak\u00fcljel on n\u00f6\u00f6pauk, millega saab korpust v\u00f6\u00f6le kinnitada.<\/p>\n<p><b>Spetsifikatsioonid:<\/b><br \/>\nPikkus: 250 mm<br \/>\nMaterjal: nahk<br \/>\nKaal: ~ 65 g<\/p>\n<p><strong>Korpus m\u00fc\u00fcakse ilma tangideta.<\/strong><\/p>\n<p><span style=\"font-weight: 400;\">Kas teil on k\u00fcsimusi? v\u00f5ta meiega \u00fchendust <\/span><a href=\"https:\/\/hookahshop.lt\/et\/kontaktid\/\"><span style=\"font-weight: 400;\">kontaktide leht<\/span><\/a><span style=\"font-weight: 400;\"> v\u00f5i saatke meile e-kiri aadressil <\/span><a href=\"https:\/\/facebook.com\/HookahShop.lt\/\" target=\"_blank\" rel=\"noopener\"><span style=\"font-weight: 400;\">Facebooki konto<\/span><\/a><span style=\"font-weight: 400;\"> ja vastame teie taotlusele samal p\u00e4eval.<\/span><\/p>\n<p>&nbsp;<\/p>\n<p>&nbsp;<\/p>\n<p>&nbsp;<\/p>","protected":false},"excerpt":{"rendered":"<p>Tangikohver WERKBUND Tangikohver on k\u00e4sit\u00f6\u00f6liste k\u00e4sitsi valmistatud ehtsast nahast. &quot;Werkbundi&quot; korpusest leiate kaks tangi. Tagak\u00fcljel on n\u00f6\u00f6pauk, millega saab korpust v\u00f6\u00f6le kinnitada. Tehnilised andmed: Pikkus: 250 mm Materjal: nahk Kaal: ~65 g Korpus m\u00fc\u00fcakse ilma tangideta. Kas teil on k\u00fcsimusi? V\u00f5tke meiega \u00fchendust kontaktide lehel v\u00f5i kirjutage meile Facebookis [\u2026]<\/p>","protected":false},"featured_media":28316,"comment_status":"open","ping_status":"closed","template":"","meta":[],"_links":{"self":[{"href":"https:\/\/hookahshop.lt\/et\/wp-json\/wp\/v2\/product\/28314"}],"collection":[{"href":"https:\/\/hookahshop.lt\/et\/wp-json\/wp\/v2\/product"}],"about":[{"href":"https:\/\/hookahshop.lt\/et\/wp-json\/wp\/v2\/types\/product"}],"replies":[{"embeddable":true,"href":"https:\/\/hookahshop.lt\/et\/wp-json\/wp\/v2\/comments?post=28314"}],"version-history":[{"count":6,"href":"https:\/\/hookahshop.lt\/et\/wp-json\/wp\/v2\/product\/28314\/revisions"}],"predecessor-version":[{"id":28357,"href":"https:\/\/hookahshop.lt\/et\/wp-json\/wp\/v2\/product\/28314\/revisions\/28357"}],"wp:featuredmedia":[{"embeddable":true,"href":"https:\/\/hookahshop.lt\/et\/wp-json\/wp\/v2\/media\/28316"}],"wp:attachment":[{"href":"https:\/\/hookahshop.lt\/et\/wp-json\/wp\/v2\/media?parent=28314"}],"curies":[{"name":"wp","href":"https:\/\/api.w.org\/{rel}","templated":true}]}}