{"id":28327,"date":"2021-10-21T21:52:37","date_gmt":"2021-10-21T18:52:37","guid":{"rendered":"https:\/\/hookahshop.lt\/?post_type=product&#038;p=28327"},"modified":"2026-04-18T23:29:02","modified_gmt":"2026-04-18T20:29:02","slug":"taurele-kaljanui-bigmaks-king-glaze-red","status":"publish","type":"product","link":"https:\/\/hookahshop.lt\/et\/toode\/tass-vesipiip-bigmaks-king-glaze-red\/","title":{"rendered":"Tass vesipiibule BIGMAKS King Glaze Red"},"content":{"rendered":"<h2>Tass vesipiibule BIGMAKS King Glaze Red<\/h2>\n<p>See on ainulaadne BigMaks tass, mille sees on pitsa moodi. Need pitsavormid on k\u00f5rgendatud ja seega \u00fcksteisest eraldatud, et vesipiibusegu siirup saaks meediasse voolata. Nii j\u00e4\u00e4b siirup vesipiibu topsi ja ei sisene kolbi. See tass on m\u00f5eldud pikemaks suitsetamissessiooniks ja intensiivsemaks suitsuks, kuna vesipiibusegu ei kuivata v\u00f5rreldes teiste tassidega.<\/p>\n<p>Sellel tassil on uus Kingi kuju - see ei ole torni ega t\u00fcrkiissinine.<br \/>\nMahutavus: 18-25 grammi.<\/p>\n<p><strong>Omadused:<\/strong><br \/>\nK\u00f5rgus: 100 mm.<br \/>\nL\u00e4bim\u00f5\u00f5t (v\u00e4limine): 78 mm.<br \/>\nL\u00e4bim\u00f5\u00f5t (sisemine): 70 mm.<br \/>\nS\u00fcgavus: 17 mm.<br \/>\nAva l\u00e4bim\u00f5\u00f5t: 7 mm.<br \/>\nAukude arv: 5 tk.<br \/>\nKaal: umbes 130 g.<\/p>\n<p>Kas teil on k\u00fcsimusi? v\u00f5ta meiega \u00fchendust\u00a0<a href=\"https:\/\/hookahshop.lt\/et\/kontaktid\/\">kontaktide leht<\/a>\u00a0v\u00f5i saatke meile e-kiri aadressil\u00a0<a href=\"https:\/\/facebook.com\/HookahShop.lt\/\" target=\"_blank\" rel=\"noopener noreferrer\">Facebooki konto<\/a> ja vastame teie taotlusele samal p\u00e4eval.<\/p>","protected":false},"excerpt":{"rendered":"<p>Vesipiip BIGMAKS King Glaze Red See on ainulaadne BigMaksi tass, mille sees on pitsa kuju. Need pitsavormid t\u00f5stetakse \u00fcles ja eraldatakse seega \u00fcksteisest, et vesipiibusegu siirup saaks s\u00f6\u00f6tmesse voolata. Nii j\u00e4\u00e4b siirup vesipiibutopsi ja ei satu kolbi. See tass on m\u00f5eldud pikemaks suitsetamiseks ja intensiivsemaks suitsutamiseks, kuna vesipiibu segu [\u2026]<\/p>","protected":false},"featured_media":28331,"comment_status":"open","ping_status":"closed","template":"","meta":[],"_links":{"self":[{"href":"https:\/\/hookahshop.lt\/et\/wp-json\/wp\/v2\/product\/28327"}],"collection":[{"href":"https:\/\/hookahshop.lt\/et\/wp-json\/wp\/v2\/product"}],"about":[{"href":"https:\/\/hookahshop.lt\/et\/wp-json\/wp\/v2\/types\/product"}],"replies":[{"embeddable":true,"href":"https:\/\/hookahshop.lt\/et\/wp-json\/wp\/v2\/comments?post=28327"}],"version-history":[{"count":6,"href":"https:\/\/hookahshop.lt\/et\/wp-json\/wp\/v2\/product\/28327\/revisions"}],"predecessor-version":[{"id":37725,"href":"https:\/\/hookahshop.lt\/et\/wp-json\/wp\/v2\/product\/28327\/revisions\/37725"}],"wp:featuredmedia":[{"embeddable":true,"href":"https:\/\/hookahshop.lt\/et\/wp-json\/wp\/v2\/media\/28331"}],"wp:attachment":[{"href":"https:\/\/hookahshop.lt\/et\/wp-json\/wp\/v2\/media?parent=28327"}],"curies":[{"name":"wp","href":"https:\/\/api.w.org\/{rel}","templated":true}]}}