{"id":28341,"date":"2021-10-21T22:14:53","date_gmt":"2021-10-21T19:14:53","guid":{"rendered":"https:\/\/hookahshop.lt\/?post_type=product&#038;p=28341"},"modified":"2026-04-18T23:29:10","modified_gmt":"2026-04-18T20:29:10","slug":"taurele-kaljanui-werkbund-egypt-gold","status":"publish","type":"product","link":"https:\/\/hookahshop.lt\/et\/toode\/tass-vesipiip-werkbund-egypt-gold\/","title":{"rendered":"Tass vesipiibule WERKBUND Egypt Gold"},"content":{"rendered":"<h2>Tass vesipiibule WERKBUND Egypt Gold<\/h2>\n<p>Tass on valmistatud klassikalises araabia stiilis ja on kuldsete detailidega must. Tass on valmistatud kvaliteetsest savist, m\u00e4gede kivimass annab lisaj\u00f5udu. Tass tubakat mahutab 20\u201323 g.<\/p>\n<p><strong>Spetsifikatsioonid:<\/strong><br \/>\nK\u00f5rgus: 78 mm<br \/>\nL\u00e4bim\u00f5\u00f5t (v\u00e4limine): 78 mm<br \/>\nL\u00e4bim\u00f5\u00f5t (sisemine): 72 mm<br \/>\nS\u00fcgavus: 20 mm<br \/>\nAva l\u00e4bim\u00f5\u00f5t: 7 mm<br \/>\nAukude arv: 5<br \/>\nKaal: umbes 260 g.<\/p>\n<p>Kas teil on k\u00fcsimusi? v\u00f5ta meiega \u00fchendust\u00a0<a href=\"https:\/\/hookahshop.lt\/et\/kontaktid\/\">kontaktide leht<\/a>\u00a0v\u00f5i saatke meile e-kiri aadressil\u00a0<a href=\"https:\/\/facebook.com\/HookahShop.lt\/\" target=\"_blank\" rel=\"noopener noreferrer\">Facebooki konto<\/a>\u00a0ja vastame teie taotlusele samal p\u00e4eval.<\/p>","protected":false},"excerpt":{"rendered":"<p>Klassikalises araabia stiilis valmistatud tass vesipiibu jaoks WERKBUND Egypt Gold Cup, must kuldsete detailidega. Tass on valmistatud kvaliteetsest savist, m\u00e4gine kivimass annab lisaj\u00f5udu. Tassit\u00e4is tubakat mahutab 20\u201323 g. Tehnilised andmed: K\u00f5rgus: 78 mm L\u00e4bim\u00f5\u00f5t (v\u00e4limine): 78 mm L\u00e4bim\u00f5\u00f5t (sisemine): 72 mm S\u00fcgavus: 20 mm Ava l\u00e4bim\u00f5\u00f5t: 7 mm Aukude arv: 5 [\u2026]<\/p>","protected":false},"featured_media":28364,"comment_status":"open","ping_status":"closed","template":"","meta":[],"_links":{"self":[{"href":"https:\/\/hookahshop.lt\/et\/wp-json\/wp\/v2\/product\/28341"}],"collection":[{"href":"https:\/\/hookahshop.lt\/et\/wp-json\/wp\/v2\/product"}],"about":[{"href":"https:\/\/hookahshop.lt\/et\/wp-json\/wp\/v2\/types\/product"}],"replies":[{"embeddable":true,"href":"https:\/\/hookahshop.lt\/et\/wp-json\/wp\/v2\/comments?post=28341"}],"version-history":[{"count":4,"href":"https:\/\/hookahshop.lt\/et\/wp-json\/wp\/v2\/product\/28341\/revisions"}],"predecessor-version":[{"id":29285,"href":"https:\/\/hookahshop.lt\/et\/wp-json\/wp\/v2\/product\/28341\/revisions\/29285"}],"wp:featuredmedia":[{"embeddable":true,"href":"https:\/\/hookahshop.lt\/et\/wp-json\/wp\/v2\/media\/28364"}],"wp:attachment":[{"href":"https:\/\/hookahshop.lt\/et\/wp-json\/wp\/v2\/media?parent=28341"}],"curies":[{"name":"wp","href":"https:\/\/api.w.org\/{rel}","templated":true}]}}