{"id":28365,"date":"2021-10-21T22:33:04","date_gmt":"2021-10-21T19:33:04","guid":{"rendered":"https:\/\/hookahshop.lt\/?post_type=product&#038;p=28365"},"modified":"2026-04-06T23:29:16","modified_gmt":"2026-04-06T20:29:16","slug":"taurele-kaljanui-werkbund-turkish-glaze-rw","status":"publish","type":"product","link":"https:\/\/hookahshop.lt\/et\/toode\/tass-vesipiip-werkbund-turkish-glaze-rw\/","title":{"rendered":"Tass vesipiibule WERKBUND Turkish Glaze RW"},"content":{"rendered":"<h2>Tass vesipiibule WERKBUND Turkish Glaze RW<\/h2>\n<p>Tass on valmistatud klassikalises T\u00fcrgi stiilis ja on must. Tass on valmistatud kvaliteetsest savist, m\u00e4gede kivimass annab lisaj\u00f5udu. Tass tubakat mahutab 10-12 g.<\/p>\n<p><strong>Spetsifikatsioonid:<\/strong><br \/>\nK\u00f5rgus: 78 mm<br \/>\nL\u00e4bim\u00f5\u00f5t (v\u00e4limine): 59 mm<br \/>\nL\u00e4bim\u00f5\u00f5t (sisemine): 52 mm<br \/>\nS\u00fcgavus: 17 mm<br \/>\nAva l\u00e4bim\u00f5\u00f5t: 7 mm<br \/>\nAukude arv: 5<br \/>\nKaal: umbes 235 g.<\/p>\n<p>Kas teil on k\u00fcsimusi? v\u00f5ta meiega \u00fchendust\u00a0<a href=\"https:\/\/hookahshop.lt\/et\/kontaktid\/\">kontaktide leht<\/a>\u00a0v\u00f5i saatke meile e-kiri aadressil\u00a0<a href=\"https:\/\/facebook.com\/HookahShop.lt\/\" target=\"_blank\" rel=\"noopener noreferrer\">Facebooki konto<\/a>\u00a0ja vastame teie taotlusele samal p\u00e4eval.<\/p>","protected":false},"excerpt":{"rendered":"<p>Vesipiibu tass WERKBUND Turkish Glaze RW Tass on valmistatud klassikalises T\u00fcrgi stiilis ja on must. Tass on valmistatud kvaliteetsest savist, m\u00e4gine kivimass annab lisaj\u00f5udu. Tassit\u00e4is tubakat mahutab 10-12 g. Tehnilised andmed: K\u00f5rgus: 78 mm L\u00e4bim\u00f5\u00f5t (v\u00e4limine): 59 mm L\u00e4bim\u00f5\u00f5t (sisemine): 52 mm S\u00fcgavus: 17 mm Ava l\u00e4bim\u00f5\u00f5t: 7 mm Aukude arv: 5 Kaal: umbes [\u2026]<\/p>","protected":false},"featured_media":28351,"comment_status":"open","ping_status":"closed","template":"","meta":[],"_links":{"self":[{"href":"https:\/\/hookahshop.lt\/et\/wp-json\/wp\/v2\/product\/28365"}],"collection":[{"href":"https:\/\/hookahshop.lt\/et\/wp-json\/wp\/v2\/product"}],"about":[{"href":"https:\/\/hookahshop.lt\/et\/wp-json\/wp\/v2\/types\/product"}],"replies":[{"embeddable":true,"href":"https:\/\/hookahshop.lt\/et\/wp-json\/wp\/v2\/comments?post=28365"}],"version-history":[{"count":4,"href":"https:\/\/hookahshop.lt\/et\/wp-json\/wp\/v2\/product\/28365\/revisions"}],"predecessor-version":[{"id":29565,"href":"https:\/\/hookahshop.lt\/et\/wp-json\/wp\/v2\/product\/28365\/revisions\/29565"}],"wp:featuredmedia":[{"embeddable":true,"href":"https:\/\/hookahshop.lt\/et\/wp-json\/wp\/v2\/media\/28351"}],"wp:attachment":[{"href":"https:\/\/hookahshop.lt\/et\/wp-json\/wp\/v2\/media?parent=28365"}],"curies":[{"name":"wp","href":"https:\/\/api.w.org\/{rel}","templated":true}]}}