{"id":28376,"date":"2021-10-21T22:42:01","date_gmt":"2021-10-21T19:42:01","guid":{"rendered":"https:\/\/hookahshop.lt\/?post_type=product&#038;p=28376"},"modified":"2026-04-15T12:29:16","modified_gmt":"2026-04-15T09:29:16","slug":"taurele-kaljanui-kong-godzilla","status":"publish","type":"product","link":"https:\/\/hookahshop.lt\/et\/toode\/tass-vesipiip-kong-godzilla\/","title":{"rendered":"Tass vesipiibule KONG Godzilla"},"content":{"rendered":"<h2>Tass vesipiibule KONG Godzilla<\/h2>\n<p>Seal on k\u00f5igi koletiste kuningas. Tass on eksklusiivse disainiga, millel on Kong Godzilla kujutis. Tassi ninast ja suust v\u00e4ljub suitsetav suits, j\u00e4ttes mulje, et KONG Godzilla paneb heleda leegi p\u00f5lema! V\u00f5tke KONG Godzilla tass oma kollektsiooni, eksklusiivne tass r\u00f5\u00f5mustab teid iga kord, kui suitsetate. Tass tubakat mahutab umbes 17-21 g.<\/p>\n<p><strong>Spetsifikatsioonid:<\/strong><br \/>\nK\u00f5rgus: 113 mm<br \/>\nL\u00e4bim\u00f5\u00f5t (v\u00e4limine): 76 mm<br \/>\nL\u00e4bim\u00f5\u00f5t (sisemine): 63 mm<br \/>\nS\u00fcgavus: 16 mm<br \/>\nAva l\u00e4bim\u00f5\u00f5t: 8 mm<br \/>\nAukude arv: 5<br \/>\nKaal: umbes 625 g.<\/p>\n<p>Kas teil on k\u00fcsimusi? v\u00f5ta meiega \u00fchendust\u00a0<a href=\"https:\/\/hookahshop.lt\/et\/kontaktid\/\">kontaktide leht<\/a>\u00a0v\u00f5i saatke meile e-kiri aadressil\u00a0<a href=\"https:\/\/facebook.com\/HookahShop.lt\/\" target=\"_blank\" rel=\"noopener noreferrer\">Facebooki konto<\/a>\u00a0ja vastame teie taotlusele samal p\u00e4eval.<\/p>","protected":false},"excerpt":{"rendered":"<p>Vesipiibu tass KONG Godzilla Seal on k\u00f5igi koletiste kuningas. Tass on eksklusiivse disainiga Kong Godzilla kujutisega. Tassi ninast ja suust suitsu suitsetades j\u00e4\u00e4b mulje, et KONG Godzilla l\u00f6\u00f6b ereda leegi! V\u00f5tke KONG Godzilla tass oma kollektsiooni, eksklusiivne tass r\u00f5\u00f5mustab teid iga kord, kui suitsetate. Tassit\u00e4is tubakat mahutab umbes 17-21 g. Tehnilised andmed: K\u00f5rgus: [\u2026]<\/p>","protected":false},"featured_media":28379,"comment_status":"open","ping_status":"closed","template":"","meta":[],"_links":{"self":[{"href":"https:\/\/hookahshop.lt\/et\/wp-json\/wp\/v2\/product\/28376"}],"collection":[{"href":"https:\/\/hookahshop.lt\/et\/wp-json\/wp\/v2\/product"}],"about":[{"href":"https:\/\/hookahshop.lt\/et\/wp-json\/wp\/v2\/types\/product"}],"replies":[{"embeddable":true,"href":"https:\/\/hookahshop.lt\/et\/wp-json\/wp\/v2\/comments?post=28376"}],"version-history":[{"count":7,"href":"https:\/\/hookahshop.lt\/et\/wp-json\/wp\/v2\/product\/28376\/revisions"}],"predecessor-version":[{"id":29890,"href":"https:\/\/hookahshop.lt\/et\/wp-json\/wp\/v2\/product\/28376\/revisions\/29890"}],"wp:featuredmedia":[{"embeddable":true,"href":"https:\/\/hookahshop.lt\/et\/wp-json\/wp\/v2\/media\/28379"}],"wp:attachment":[{"href":"https:\/\/hookahshop.lt\/et\/wp-json\/wp\/v2\/media?parent=28376"}],"curies":[{"name":"wp","href":"https:\/\/api.w.org\/{rel}","templated":true}]}}