{"id":28386,"date":"2021-10-21T22:52:16","date_gmt":"2021-10-21T19:52:16","guid":{"rendered":"https:\/\/hookahshop.lt\/?post_type=product&#038;p=28386"},"modified":"2026-04-17T23:29:36","modified_gmt":"2026-04-17T20:29:36","slug":"taurele-kaljanui-lets-smoke-shaft-glaze-dark-blue","status":"publish","type":"product","link":"https:\/\/hookahshop.lt\/et\/toode\/tass-vesipiip-lets-smoke-shaft-glaze-dark-blue\/","title":{"rendered":"Tass vesipiibule LETS SMOKE Shaft Glaze Dark Blue"},"content":{"rendered":"<h2>Tass vesipiibule LETS SMOKE Shaft Glaze Dark Blue<\/h2>\n<p>Tass on savist ja kaetud glasuuriga, t\u00e4nu millele suudab see s\u00e4ilitada oma esialgsed omadused ja v\u00e4limuse pikka aega. See tass jaotab soojust \u00fchtlaselt ja hoiab seda kogu suitsetamise ajal. Tassi maht on 17-21 grammi.<\/p>\n<p><strong>Spetsifikatsioonid:<\/strong><br \/>\nK\u00f5rgus: 102 mm<br \/>\nL\u00e4bim\u00f5\u00f5t (v\u00e4limine): 76 mm<br \/>\nL\u00e4bim\u00f5\u00f5t (sisemine): 68 mm<br \/>\nS\u00fcgavus: 14 mm<br \/>\nAva l\u00e4bim\u00f5\u00f5t: 8 mm<br \/>\nAukude arv: 1<br \/>\nKaal: umbes 205 g.<\/p>\n<p>Kas teil on k\u00fcsimusi? v\u00f5ta meiega \u00fchendust\u00a0<a href=\"https:\/\/hookahshop.lt\/et\/kontaktid\/\">kontaktide leht<\/a>\u00a0v\u00f5i saatke meile e-kiri aadressil\u00a0<a href=\"https:\/\/facebook.com\/HookahShop.lt\/\" target=\"_blank\" rel=\"noopener noreferrer\">Facebooki konto<\/a>\u00a0ja vastame teie taotlusele samal p\u00e4eval.<\/p>\n<p>&nbsp;<\/p>\n<p>&nbsp;<\/p>","protected":false},"excerpt":{"rendered":"<p>Tass vesipiibu jaoks LETS SMOKE Shaft Glase Tumesinine Tass on valmistatud savist ja kaetud glasuuriga, t\u00e4nu millele suudab kaua s\u00e4ilitada oma esialgsed omadused ja v\u00e4limus. See tass jaotab soojust \u00fchtlaselt ja hoiab seda kogu suitsetamise ajal. Tassi maht on 17-21 grammi. Tehnilised andmed: K\u00f5rgus: 102 mm L\u00e4bim\u00f5\u00f5t (v\u00e4limine): 76 mm L\u00e4bim\u00f5\u00f5t (sisemine): 68 mm S\u00fcgavus: [\u2026]<\/p>","protected":false},"featured_media":28421,"comment_status":"open","ping_status":"closed","template":"","meta":[],"_links":{"self":[{"href":"https:\/\/hookahshop.lt\/et\/wp-json\/wp\/v2\/product\/28386"}],"collection":[{"href":"https:\/\/hookahshop.lt\/et\/wp-json\/wp\/v2\/product"}],"about":[{"href":"https:\/\/hookahshop.lt\/et\/wp-json\/wp\/v2\/types\/product"}],"replies":[{"embeddable":true,"href":"https:\/\/hookahshop.lt\/et\/wp-json\/wp\/v2\/comments?post=28386"}],"version-history":[{"count":3,"href":"https:\/\/hookahshop.lt\/et\/wp-json\/wp\/v2\/product\/28386\/revisions"}],"predecessor-version":[{"id":28420,"href":"https:\/\/hookahshop.lt\/et\/wp-json\/wp\/v2\/product\/28386\/revisions\/28420"}],"wp:featuredmedia":[{"embeddable":true,"href":"https:\/\/hookahshop.lt\/et\/wp-json\/wp\/v2\/media\/28421"}],"wp:attachment":[{"href":"https:\/\/hookahshop.lt\/et\/wp-json\/wp\/v2\/media?parent=28386"}],"curies":[{"name":"wp","href":"https:\/\/api.w.org\/{rel}","templated":true}]}}