{"id":28437,"date":"2021-10-22T00:27:06","date_gmt":"2021-10-21T21:27:06","guid":{"rendered":"https:\/\/hookahshop.lt\/?post_type=product&#038;p=28437"},"modified":"2026-04-18T23:29:02","modified_gmt":"2026-04-18T20:29:02","slug":"taurele-kaljanui-art-bar-turkish-rock","status":"publish","type":"product","link":"https:\/\/hookahshop.lt\/et\/toode\/tass-vesipiip-art-bar-turkish-rock\/","title":{"rendered":"Tass vesipiibule ART BAR Turkish Rock"},"content":{"rendered":"<h2>Tass vesipiibule ART BAR Turkish Rock<\/h2>\n<p>ART BAR on kuulus oma kvaliteetsete tasside poolest. Need on valmistatud kvaliteetsest savist ja valmistatud eranditult k\u00e4sitsi. Tassi t\u00fc\u00fcp - t\u00fcrgi.<\/p>\n<p><strong>Omadused:<\/strong><br \/>\nK\u00f5rgus: 86 mm<br \/>\nL\u00e4bim\u00f5\u00f5t (v\u00e4limine): 75 mm<br \/>\nL\u00e4bim\u00f5\u00f5t (sisemine): 63 mm<br \/>\nS\u00fcgavus: 19 mm<br \/>\nAva l\u00e4bim\u00f5\u00f5t: 8 mm<br \/>\nAukude arv: 5 tk<br \/>\nKaal: umbes 216 g<\/p>\n<p>Kas teil on k\u00fcsimusi? v\u00f5ta meiega \u00fchendust\u00a0<a href=\"https:\/\/hookahshop.lt\/et\/kontaktid\/\">kontaktide leht<\/a>\u00a0v\u00f5i saatke meile e-kiri aadressil\u00a0<a href=\"https:\/\/facebook.com\/HookahShop.lt\/\" target=\"_blank\" rel=\"noopener noreferrer\">Facebooki konto<\/a>\u00a0ja vastame teie taotlusele samal p\u00e4eval.<\/p>","protected":false},"excerpt":{"rendered":"<p>Vesipiibu tass ART BAR Turkish Rock ART BAR on kuulus oma kvaliteetsete tasside poolest. Need on valmistatud kvaliteetsest savist ja valmistatud eranditult k\u00e4sitsi. Tassi t\u00fc\u00fcp - t\u00fcrgi. Omadused: K\u00f5rgus: 86 mm L\u00e4bim\u00f5\u00f5t (v\u00e4limine): 75 mm Diameeter (sisemine): 63 mm S\u00fcgavus: 19 mm Ava l\u00e4bim\u00f5\u00f5t: 8 mm Aukude arv: 5 tk Kaal: umbes 216 g K\u00fcsimused? [\u2026]<\/p>","protected":false},"featured_media":40718,"comment_status":"open","ping_status":"closed","template":"","meta":[],"_links":{"self":[{"href":"https:\/\/hookahshop.lt\/et\/wp-json\/wp\/v2\/product\/28437"}],"collection":[{"href":"https:\/\/hookahshop.lt\/et\/wp-json\/wp\/v2\/product"}],"about":[{"href":"https:\/\/hookahshop.lt\/et\/wp-json\/wp\/v2\/types\/product"}],"replies":[{"embeddable":true,"href":"https:\/\/hookahshop.lt\/et\/wp-json\/wp\/v2\/comments?post=28437"}],"version-history":[{"count":4,"href":"https:\/\/hookahshop.lt\/et\/wp-json\/wp\/v2\/product\/28437\/revisions"}],"predecessor-version":[{"id":44055,"href":"https:\/\/hookahshop.lt\/et\/wp-json\/wp\/v2\/product\/28437\/revisions\/44055"}],"wp:featuredmedia":[{"embeddable":true,"href":"https:\/\/hookahshop.lt\/et\/wp-json\/wp\/v2\/media\/40718"}],"wp:attachment":[{"href":"https:\/\/hookahshop.lt\/et\/wp-json\/wp\/v2\/media?parent=28437"}],"curies":[{"name":"wp","href":"https:\/\/api.w.org\/{rel}","templated":true}]}}