{"id":28467,"date":"2021-10-22T01:35:36","date_gmt":"2021-10-21T22:35:36","guid":{"rendered":"https:\/\/hookahshop.lt\/?post_type=product&#038;p=28467"},"modified":"2026-04-22T23:29:11","modified_gmt":"2026-04-22T20:29:11","slug":"kandiklis-kaljanui-vyro-carbon-black-mini","status":"publish","type":"product","link":"https:\/\/hookahshop.lt\/et\/toode\/vesipiibu-huulik-vyro-carbon-black-mini\/","title":{"rendered":"Vesipiibu huulik VYRO Carbon Black Mini"},"content":{"rendered":"<h2>Vesipiibu huulik VYRO Carbon Black Mini<\/h2>\n<p>VYRO S\u00fcsimusta huulik on suurep\u00e4rane mitte ainult oma kerge, vaid ka kvaliteetse materjali poolest. See s\u00fcsinikust huulik sobib mitte ainult igap\u00e4evaseks kasutamiseks, vaid ka iga vesipiibu ja tavalise silikoonvooliku jaoks.<\/p>\n<p><strong>Spetsifikatsioonid:<\/strong><br \/>\nPikkus: ~ 17 cm<br \/>\nKaal: ~ 73 g<br \/>\nSisemine l\u00e4bim\u00f5\u00f5t: 10 mm<br \/>\nMaterjalid: s\u00fcsinik ja V2A roostevaba teras<\/p>\n<p>&nbsp;<\/p>\n<p>Kas teil on k\u00fcsimusi? v\u00f5ta meiega \u00fchendust\u00a0<a href=\"https:\/\/hookahshop.lt\/et\/kontaktid\/\">kontaktide leht<\/a>\u00a0v\u00f5i saatke meile e-kiri aadressil\u00a0<a href=\"https:\/\/facebook.com\/HookahShop.lt\/\" target=\"_blank\" rel=\"noopener noreferrer\">Facebooki konto<\/a>\u00a0ja vastame teie taotlusele samal p\u00e4eval.<\/p>","protected":false},"excerpt":{"rendered":"<p>Konks vesipiibu jaoks VYRO Carbon Black Mini VYRO S\u00fcsimusta \u2013 huulik suurep\u00e4rane mitte ainult oma kerge, vaid ka kvaliteetse materjali poolest. See s\u00fcsinikust huulik sobib mitte ainult igap\u00e4evaseks kasutamiseks, vaid ka iga vesipiibu ja tavalise silikoonvooliku jaoks. Tehnilised andmed: Pikkus: ~ 17 cm Kaal: ~ 73 g Sisemine l\u00e4bim\u00f5\u00f5t: 10 mm Materjalid: s\u00fcsinik ja V2A roostevaba [\u2026]<\/p>","protected":false},"featured_media":28469,"comment_status":"open","ping_status":"closed","template":"","meta":[],"_links":{"self":[{"href":"https:\/\/hookahshop.lt\/et\/wp-json\/wp\/v2\/product\/28467"}],"collection":[{"href":"https:\/\/hookahshop.lt\/et\/wp-json\/wp\/v2\/product"}],"about":[{"href":"https:\/\/hookahshop.lt\/et\/wp-json\/wp\/v2\/types\/product"}],"replies":[{"embeddable":true,"href":"https:\/\/hookahshop.lt\/et\/wp-json\/wp\/v2\/comments?post=28467"}],"version-history":[{"count":4,"href":"https:\/\/hookahshop.lt\/et\/wp-json\/wp\/v2\/product\/28467\/revisions"}],"predecessor-version":[{"id":30078,"href":"https:\/\/hookahshop.lt\/et\/wp-json\/wp\/v2\/product\/28467\/revisions\/30078"}],"wp:featuredmedia":[{"embeddable":true,"href":"https:\/\/hookahshop.lt\/et\/wp-json\/wp\/v2\/media\/28469"}],"wp:attachment":[{"href":"https:\/\/hookahshop.lt\/et\/wp-json\/wp\/v2\/media?parent=28467"}],"curies":[{"name":"wp","href":"https:\/\/api.w.org\/{rel}","templated":true}]}}